{"id":981,"date":"2014-06-06T17:31:40","date_gmt":"2014-06-06T20:31:40","guid":{"rendered":"http:\/\/hibrida.eca.usp.br\/?page_id=981"},"modified":"2014-06-26T03:43:06","modified_gmt":"2014-06-26T06:43:06","slug":"desejo-ocular","status":"publish","type":"page","link":"https:\/\/hibrida.eca.usp.br\/index.php\/projetos-selecionados\/desejo-ocular\/","title":{"rendered":"Desejo Ocular"},"content":{"rendered":"<p>projeto de <a href=\"http:\/\/hibrida.eca.usp.br\/index.php\/equipe\/jaime-lobato\/\">Jaime Lobato<\/a><\/p>\n<p><a href=\"http:\/\/hibrida.eca.usp.br\/wp-content\/uploads\/2014\/06\/CAM00171.jpg\" class=\"grouped_elements\" rel=\"tc-fancybox-group981\"><img decoding=\"async\" loading=\"lazy\" src=\"http:\/\/hibrida.eca.usp.br\/wp-content\/uploads\/2014\/06\/CAM00171-1024x768.jpg\" alt=\"CAM00171\" width=\"1024\" height=\"768\" class=\"alignnone size-large wp-image-980\" \/><\/a><\/p>\n<p>Devido \u00e0 natureza f\u00edsica do aparelho de vis\u00e3o e opera\u00e7\u00e3o, executar determinados movimentos do olho para assegurar que o c\u00e9rebro recebe a informa\u00e7\u00e3o e int\u00e9rprete suficiente, dando imagens que vemos todos os dias. Esses movimentos s\u00e3o chamados de &#8220;sacadas&#8221;. Os seres humanos n\u00e3o olhar estaticamente em geral, em vez disso, os olhos movem-se, \u00e0 procura de pe\u00e7as interessantes de uma cena e construir um mapa mental sobre ele. <\/p>\n<p>Ser\u00e1 Ocular \u00e9 uma pe\u00e7a participativa do desenho que tenta revelar esses movimentos do olho e maneiras de fazer esses mapeamentos, alguns artistas s\u00e3o convidados a tomar um auto-retrato e, em seguida, gerar um desenho a partir de mapeamentos de gera\u00e7\u00e3o sac\u00e1dicos para ver Desconstruindo Auto-retrato e outra vez. Atrav\u00e9s da tecnologia eyetracker.<\/p>\n","protected":false},"excerpt":{"rendered":"<p>projeto de Jaime Lobato Devido \u00e0 natureza f\u00edsica do aparelho de vis\u00e3o e opera\u00e7\u00e3o, executar determinados movimentos do olho para assegurar que o c\u00e9rebro recebe a informa\u00e7\u00e3o e int\u00e9rprete suficiente, dando imagens que vemos todos os dias. Esses movimentos s\u00e3o chamados de &#8220;sacadas&#8221;. Os seres humanos n\u00e3o olhar estaticamente em geral, em vez disso, os [&hellip;]<\/p>\n","protected":false},"author":1,"featured_media":0,"parent":475,"menu_order":0,"comment_status":"open","ping_status":"open","template":"","meta":[],"_links":{"self":[{"href":"https:\/\/hibrida.eca.usp.br\/index.php\/wp-json\/wp\/v2\/pages\/981"}],"collection":[{"href":"https:\/\/hibrida.eca.usp.br\/index.php\/wp-json\/wp\/v2\/pages"}],"about":[{"href":"https:\/\/hibrida.eca.usp.br\/index.php\/wp-json\/wp\/v2\/types\/page"}],"author":[{"embeddable":true,"href":"https:\/\/hibrida.eca.usp.br\/index.php\/wp-json\/wp\/v2\/users\/1"}],"replies":[{"embeddable":true,"href":"https:\/\/hibrida.eca.usp.br\/index.php\/wp-json\/wp\/v2\/comments?post=981"}],"version-history":[{"count":4,"href":"https:\/\/hibrida.eca.usp.br\/index.php\/wp-json\/wp\/v2\/pages\/981\/revisions"}],"predecessor-version":[{"id":1085,"href":"https:\/\/hibrida.eca.usp.br\/index.php\/wp-json\/wp\/v2\/pages\/981\/revisions\/1085"}],"up":[{"embeddable":true,"href":"https:\/\/hibrida.eca.usp.br\/index.php\/wp-json\/wp\/v2\/pages\/475"}],"wp:attachment":[{"href":"https:\/\/hibrida.eca.usp.br\/index.php\/wp-json\/wp\/v2\/media?parent=981"}],"curies":[{"name":"wp","href":"https:\/\/api.w.org\/{rel}","templated":true}]}}