{"id":962,"date":"2014-06-06T15:29:44","date_gmt":"2014-06-06T18:29:44","guid":{"rendered":"http:\/\/hibrida.eca.usp.br\/?page_id=962"},"modified":"2014-06-06T15:49:03","modified_gmt":"2014-06-06T18:49:03","slug":"tecnopasse-hackianista","status":"publish","type":"page","link":"https:\/\/hibrida.eca.usp.br\/index.php\/projetos-selecionados\/tecnopasse-hackianista\/","title":{"rendered":"Tecnopasse Hackianista"},"content":{"rendered":"<p><a href=\"http:\/\/hibrida.eca.usp.br\/wp-content\/uploads\/2014\/06\/Screen-shot-2014-06-06-at-1.45.19-PM.png\" class=\"grouped_elements\" rel=\"tc-fancybox-group962\"><img decoding=\"async\" loading=\"lazy\" src=\"http:\/\/hibrida.eca.usp.br\/wp-content\/uploads\/2014\/06\/Screen-shot-2014-06-06-at-1.45.19-PM.png\" alt=\"Screen shot 2014-06-06 at 1.45.19 PM\" width=\"1006\" height=\"489\" class=\"alignnone size-full wp-image-970\" srcset=\"https:\/\/hibrida.eca.usp.br\/wp-content\/uploads\/2014\/06\/Screen-shot-2014-06-06-at-1.45.19-PM.png 1006w, https:\/\/hibrida.eca.usp.br\/wp-content\/uploads\/2014\/06\/Screen-shot-2014-06-06-at-1.45.19-PM-300x145.png 300w\" sizes=\"(max-width: 1006px) 100vw, 1006px\" \/><\/a><\/p>\n<p>Apresenta\u00e7\u00e3o<\/p>\n<p>E se os hackers e geeks do mundo inteiro inventassem uma religi\u00e3o que explora uma concep\u00e7\u00e3o cosmol\u00f3gica da vida artificial? E se atrav\u00e9s de suas cren\u00e7as criassem uma ritual\u00edstica pr\u00f3pria para aproximar o homem de uma vis\u00e3o sacralizada da tecnologia? Se provassem que n\u00e3o vivemos uma depend\u00eancia da tecnologia e sim uma rela\u00e7\u00e3o supera\u00e7\u00e3o de nossas pr\u00f3prias limita\u00e7\u00f5es e cria\u00e7\u00e3o de novas formas de rela\u00e7\u00f5es sociais atrav\u00e9s dela?<\/p>\n<p>Existe um universo onde a m\u00e1quina \u00e9 o que intermedia, reconecta e transcende nossa experi\u00eancia material com o espa\u00e7o e com o outro.<\/p>\n<p>Este mundo \u00e9 a cosmologia criada pelo Hackianismo. Uma religi\u00e3o de intermedia\u00e7\u00f5es transhumanas na cren\u00e7a da plena reconfigura\u00e7\u00e3o da mente atrav\u00e9s da tecnologia. Aqueles que cultuam o Hackianismo tem a consci\u00eancia de que as energias que regem o universo tamb\u00e9m circundam nossa atmosfera em forma de bits e bytes, c\u00f3digos, chips, dados, ondas e cabos. Os hackianistas acreditam na ubiquidade dos seres humanos que circulam pela rede<br \/>\ncomo informa\u00e7\u00e3o e na exist\u00eancia de entidades que podem olhar por n\u00f3s e indicar os caminhos para a evolu\u00e7\u00e3o de um espiritualismo tecnol\u00f3gico.<\/p>\n<p>Hackianista \u00e9 aquele que interage com a tecnologia e se abre para o di\u00e1logo com essas entidades para desenvolv\u00ea-lo e torn\u00e1-lo h\u00e1bil a utilizar a tecnologia a seu favor. Para que esse di\u00e1logo e intera\u00e7\u00e3o aconte\u00e7a, o Tecnopasse, ato de canalizar os flu\u00eddos e energias tecnologizadas para o tratamento dos males que afetam e afligem o ser hackianista. O tecnopasse \u00e9 uma das pr\u00e1ticas ritual\u00edsticas high tech, na qual o performer representa uma entidade do Hackianista. Em suas m\u00e3os e na sua conex\u00e3o corporal com a vida artificial que<br \/>\ncircula nas m\u00e1quinas, dispositivos de transforma\u00e7\u00e3o que mediam o contato com os seres humanos e contribui para um uso mais flu\u00eddo da tecnologia.<\/p>\n<p>No Tecnopasse, o indiv\u00edduo v\u00ea-se em uma atmosfera que canaliza a influ\u00eancia dessas entidades. No surpreendente embate com uma nova cosmologia, a m\u00e1quina surge como questionadora das suas a\u00e7\u00f5es frente ao mundo tecnol\u00f3gico. Encaminha-se ent\u00e3o ao encontro dos seres que manifestam as entidades hackianistas e repousam seus dispositivos sobre as partes do corpo onde se situam os problemas apresentados pelo indiv\u00edduo. Do contato surge<br \/>\na energia e o fen\u00f4meno de incurs\u00e3o em um territ\u00f3rio de consci\u00eancia do ser tecnol\u00f3gico. No Hackianismo homem e m\u00e1quina s\u00e3o uma s\u00f3 energia.<\/p>\n<p>\u201cO futuro do hackianismo \u00e9 tornar todos os seres humanos ciborgues.\u201d<\/p>\n<p>M\u00e9todo<\/p>\n<p>Para que seja realizada, a performance requere a montagem de um ambiente especial para que aconte\u00e7a o tecnopasse, com apar\u00eancia semelhante aqueles pertencentes as de religi\u00f5es de matriz africana. Neste espa\u00e7o o interator \u00e9 convidado, pelo assistente hackianista, a escrever em um computador, o que ele acha que a tecnologia pode fazer por ele e depois ele \u00e9 conduzido a dialogar com a entidade hackianista que se apresenta atrav\u00e9s do performer.<\/p>\n<p>Atrav\u00e9s do di\u00e1logo com a entidade, se define em conjunto o que \u00e9 necess\u00e1rio para cada interator, amor, sa\u00fade ou sabedoria, assim a partir desta escolha, um v\u00eddeo e um \u00e1udio ser\u00e3o disparados.<\/p>\n<p>O dispositivo No light, Yes move (NLYM), instalado em uma das m\u00e3os, tanto da entidade quanto do assistente, far\u00e1 o controle da velocidade do v\u00eddeo e do \u00e1udio, respectivamente, enquanto acontece a performance tecnopasse.<\/p>\n<p>Ao final do tecnopasse, o interator \u00e9 conduzido, pelo assistente a se retirar da sala.<\/p>\n<p>Conclus\u00e3o<\/p>\n<p>Tecnopasse Hackianista, dialoga com a cren\u00e7a das pessoas em um mundo melhor, podendo esta, se utilizar dos mais diversos meios para isto, no caso a tecnologia, para alcan\u00e7ar este objetivo.<\/p>\n<p>Apesar de parecer uma simples abordagem, chegando ate a ser c\u00f4mica, a ideia \u00e9 refletir sobre as possibilidades do uso da tecnologia para os mais diversos fins, trocando seus s\u00edmbolos e assim resignificando cen\u00e1rios e a\u00e7\u00f5es.<\/p>\n<p>Equipe<\/p>\n<p>Autores: <a href=\"http:\/\/hibrida.eca.usp.br\/index.php\/equipe\/carolina-berger-madame-c-b\/\">Carolina Berger<\/a>, <a href=\"http:\/\/hibrida.eca.usp.br\/index.php\/equipe\/nigel-anderson\/\">Nigel Anderson<\/a> &#038; <a href=\"http:\/\/hibrida.eca.usp.br\/index.php\/equipe\/rodrigo-rezende\/\">Rodrigo Rezende<\/a><\/p>\n<p>Colaboradores <\/p>\n<p><a href=\"http:\/\/hibrida.eca.usp.br\/index.php\/equipe\/celio-ishikawa\/\">Celio Ishikawa<\/a><br \/>\n<a href=\"http:\/\/hibrida.eca.usp.br\/index.php\/equipe\/danilo-barauna\/\">Danilo Bara\u00fana<\/a><br \/>\n<a href=\"http:\/\/hibrida.eca.usp.br\/index.php\/equipe\/fernanda-duarte\/\">Fernanda Duarte<\/a><br \/>\n<a href=\"http:\/\/hibrida.eca.usp.br\/index.php\/equipe\/herbert-castanha\/\">Herbet Castanha<\/a><br \/>\n<a href=\"http:\/\/hibrida.eca.usp.br\/index.php\/equipe\/leandra-plaza\/\">Leandra Plaza<\/a><\/p>\n","protected":false},"excerpt":{"rendered":"<p>Apresenta\u00e7\u00e3o E se os hackers e geeks do mundo inteiro inventassem uma religi\u00e3o que explora uma concep\u00e7\u00e3o cosmol\u00f3gica da vida artificial? E se atrav\u00e9s de suas cren\u00e7as criassem uma ritual\u00edstica pr\u00f3pria para aproximar o homem de uma vis\u00e3o sacralizada da tecnologia? Se provassem que n\u00e3o vivemos uma depend\u00eancia da tecnologia e sim uma rela\u00e7\u00e3o supera\u00e7\u00e3o [&hellip;]<\/p>\n","protected":false},"author":1,"featured_media":0,"parent":475,"menu_order":0,"comment_status":"open","ping_status":"open","template":"","meta":[],"_links":{"self":[{"href":"https:\/\/hibrida.eca.usp.br\/index.php\/wp-json\/wp\/v2\/pages\/962"}],"collection":[{"href":"https:\/\/hibrida.eca.usp.br\/index.php\/wp-json\/wp\/v2\/pages"}],"about":[{"href":"https:\/\/hibrida.eca.usp.br\/index.php\/wp-json\/wp\/v2\/types\/page"}],"author":[{"embeddable":true,"href":"https:\/\/hibrida.eca.usp.br\/index.php\/wp-json\/wp\/v2\/users\/1"}],"replies":[{"embeddable":true,"href":"https:\/\/hibrida.eca.usp.br\/index.php\/wp-json\/wp\/v2\/comments?post=962"}],"version-history":[{"count":3,"href":"https:\/\/hibrida.eca.usp.br\/index.php\/wp-json\/wp\/v2\/pages\/962\/revisions"}],"predecessor-version":[{"id":971,"href":"https:\/\/hibrida.eca.usp.br\/index.php\/wp-json\/wp\/v2\/pages\/962\/revisions\/971"}],"up":[{"embeddable":true,"href":"https:\/\/hibrida.eca.usp.br\/index.php\/wp-json\/wp\/v2\/pages\/475"}],"wp:attachment":[{"href":"https:\/\/hibrida.eca.usp.br\/index.php\/wp-json\/wp\/v2\/media?parent=962"}],"curies":[{"name":"wp","href":"https:\/\/api.w.org\/{rel}","templated":true}]}}