{"id":961,"date":"2014-06-06T15:29:47","date_gmt":"2014-06-06T18:29:47","guid":{"rendered":"http:\/\/hibrida.eca.usp.br\/?page_id=961"},"modified":"2014-06-25T02:08:00","modified_gmt":"2014-06-25T05:08:00","slug":"cinto-de-castidade","status":"publish","type":"page","link":"https:\/\/hibrida.eca.usp.br\/index.php\/projetos-selecionados\/cinto-de-castidade\/","title":{"rendered":"Cinto de Castidade"},"content":{"rendered":"<p><a href=\"http:\/\/hibrida.eca.usp.br\/wp-content\/uploads\/2014\/06\/Screen-shot-2014-06-06-at-1.55.32-PM.png\" class=\"grouped_elements\" rel=\"tc-fancybox-group961\"><img decoding=\"async\" loading=\"lazy\" src=\"http:\/\/hibrida.eca.usp.br\/wp-content\/uploads\/2014\/06\/Screen-shot-2014-06-06-at-1.55.32-PM.png\" alt=\"Screen shot 2014-06-06 at 1.55.32 PM\" width=\"1207\" height=\"380\" class=\"alignnone size-full wp-image-973\" srcset=\"https:\/\/hibrida.eca.usp.br\/wp-content\/uploads\/2014\/06\/Screen-shot-2014-06-06-at-1.55.32-PM.png 1207w, https:\/\/hibrida.eca.usp.br\/wp-content\/uploads\/2014\/06\/Screen-shot-2014-06-06-at-1.55.32-PM-300x94.png 300w, https:\/\/hibrida.eca.usp.br\/wp-content\/uploads\/2014\/06\/Screen-shot-2014-06-06-at-1.55.32-PM-1024x322.png 1024w\" sizes=\"(max-width: 1207px) 100vw, 1207px\" \/><\/a><\/p>\n<p>Apresenta\u00e7\u00e3o<\/p>\n<p>No desenvolvimento do projeto <a href=\"http:\/\/hibrida.eca.usp.br\/index.php\/projetos-selecionados\/no-lights-yes-move\/\">No Light, Yes Move<\/a>, a performance \u201cCinto de Castidade\u201d, foi concebida inspirada numa onda de ass\u00e9dios sexuais, no transporte p\u00fablico, ocorridos em abril de 2014, em S\u00e3o Paulo. Associando este acontecimento a ideia de alarmes que informam de maneira sonora um acionamento indevido, iniciou-se o desenvolvimento.<\/p>\n<p>Desta forma o Cinto de Castidade, toma forma utilizando-se do dispositivo <a href=\"http:\/\/hibrida.eca.usp.br\/index.php\/projetos-selecionados\/no-lights-yes-move\/\">NLYM<\/a> instalado em uma roupa intima feminina e acoplado a um player de \u00e1udio, que emite uma mensagem sonora quando uma determinada distancia \u00e9 ultrapassada, que pode ser controlada durante a performance, alertando sobre a atitude irregular sobre o corpo performance.<\/p>\n<p>M\u00e9todo<\/p>\n<p>Um performer se utiliza do dispositivo e se insinua para as pessoas discretamente, no decorrer da performance, a insinua\u00e7\u00e3o se torna mais pr\u00f3xima e assim acionando o alarme do dispositivo e o performer se mostra assustado com o ass\u00e9dio ocorrido.<\/p>\n<p>A dist\u00e2ncia para o acionamento pode ser controlada pelo performer, a depender do teor do di\u00e1logo com o interator.<\/p>\n<p>Conclus\u00e3o<\/p>\n<p>A discuss\u00e3o, bem humorada, a que a obra prop\u00f5em \u00e9 sobre a ocupa\u00e7\u00e3o de espa\u00e7os individual e coletivo, na quest\u00e3o de conv\u00edvio social e respeito m\u00fatuo.<br \/>\nA partir desta premissa, a mensagem sonora emitida pelo dispositivo, nos alerta ao limite que o performer coloca ao interator no decorrer da performance trazendo \u00e0 tona a reflex\u00e3o sobre as intera\u00e7\u00f5es involunt\u00e1rias que ocorrem no cotidiano em espa\u00e7os p\u00fablicos que podem ser considerados como ass\u00e9dio sexual.<\/p>\n<p>Equipe<\/p>\n<p>Autores<br \/>\n<a href=\"http:\/\/hibrida.eca.usp.br\/index.php\/equipe\/paloma-oliveira\/\">Paloma Oliveira<\/a>, <a href=\"http:\/\/hibrida.eca.usp.br\/index.php\/equipe\/rosangela-leote\/\">Rosangella Leote<\/a> e <a href=\"http:\/\/hibrida.eca.usp.br\/index.php\/equipe\/rodrigo-rezende\/\">Rodrigo Rezende<\/a><\/p>\n<p>Colaboradores<br \/>\n<a href=\"http:\/\/hibrida.eca.usp.br\/index.php\/equipe\/mateus-knelsen\/\">Mateus Knelsen<\/a><\/p>\n","protected":false},"excerpt":{"rendered":"<p>Apresenta\u00e7\u00e3o No desenvolvimento do projeto No Light, Yes Move, a performance \u201cCinto de Castidade\u201d, foi concebida inspirada numa onda de ass\u00e9dios sexuais, no transporte p\u00fablico, ocorridos em abril de 2014, em S\u00e3o Paulo. Associando este acontecimento a ideia de alarmes que informam de maneira sonora um acionamento indevido, iniciou-se o desenvolvimento. Desta forma o Cinto [&hellip;]<\/p>\n","protected":false},"author":1,"featured_media":0,"parent":475,"menu_order":0,"comment_status":"open","ping_status":"open","template":"","meta":[],"_links":{"self":[{"href":"https:\/\/hibrida.eca.usp.br\/index.php\/wp-json\/wp\/v2\/pages\/961"}],"collection":[{"href":"https:\/\/hibrida.eca.usp.br\/index.php\/wp-json\/wp\/v2\/pages"}],"about":[{"href":"https:\/\/hibrida.eca.usp.br\/index.php\/wp-json\/wp\/v2\/types\/page"}],"author":[{"embeddable":true,"href":"https:\/\/hibrida.eca.usp.br\/index.php\/wp-json\/wp\/v2\/users\/1"}],"replies":[{"embeddable":true,"href":"https:\/\/hibrida.eca.usp.br\/index.php\/wp-json\/wp\/v2\/comments?post=961"}],"version-history":[{"count":5,"href":"https:\/\/hibrida.eca.usp.br\/index.php\/wp-json\/wp\/v2\/pages\/961\/revisions"}],"predecessor-version":[{"id":1081,"href":"https:\/\/hibrida.eca.usp.br\/index.php\/wp-json\/wp\/v2\/pages\/961\/revisions\/1081"}],"up":[{"embeddable":true,"href":"https:\/\/hibrida.eca.usp.br\/index.php\/wp-json\/wp\/v2\/pages\/475"}],"wp:attachment":[{"href":"https:\/\/hibrida.eca.usp.br\/index.php\/wp-json\/wp\/v2\/media?parent=961"}],"curies":[{"name":"wp","href":"https:\/\/api.w.org\/{rel}","templated":true}]}}