{"id":940,"date":"2014-05-30T15:17:51","date_gmt":"2014-05-30T18:17:51","guid":{"rendered":"http:\/\/hibrida.eca.usp.br\/?page_id=940"},"modified":"2014-07-15T12:08:20","modified_gmt":"2014-07-15T15:08:20","slug":"conferencias-mexico","status":"publish","type":"page","link":"https:\/\/hibrida.eca.usp.br\/index.php\/documentacao\/conferencias-mexico\/","title":{"rendered":"Palestras Mexico"},"content":{"rendered":"<p>De princesita linda a gata berrinchuda: la tecnologia como interfaz, por Carlos Sandoval.<\/p>\n<p><iframe loading=\"lazy\" width=\"720\" height=\"405\" src=\"http:\/\/www.youtube.com\/embed\/Pr-QxzyO5mU?feature=oembed\" frameborder=\"0\" allowfullscreen><\/iframe><\/p>\n<p>Visiones biol\u00f3gicas, miradas \u00edntimas, por Edith Medina<\/p>\n<p><iframe loading=\"lazy\" width=\"720\" height=\"405\" src=\"http:\/\/www.youtube.com\/embed\/sjMsaWQBLhw?feature=oembed\" frameborder=\"0\" allowfullscreen><\/iframe><\/p>\n<p>Quimeras gen\u00e9ticas, por Pablo Padilla<\/p>\n<p><iframe loading=\"lazy\" width=\"720\" height=\"405\" src=\"http:\/\/www.youtube.com\/embed\/3uxJx3EoVKg?feature=oembed\" frameborder=\"0\" allowfullscreen><\/iframe><\/p>\n<p>El cuerpo como primer medio, por Esthel Vogrig<\/p>\n<p><iframe loading=\"lazy\" width=\"720\" height=\"405\" src=\"http:\/\/www.youtube.com\/embed\/56vPxka7qCI?feature=oembed\" frameborder=\"0\" allowfullscreen><\/iframe><\/p>\n<p>Cartografias enactivas y transdisciplin\u00e1rias, por Minerva Hernandez Trejo y Myriam Beutelspacher<br \/>\n<iframe loading=\"lazy\" width=\"720\" height=\"405\" src=\"http:\/\/www.youtube.com\/embed\/ZMUlkmukflA?feature=oembed\" frameborder=\"0\" allowfullscreen><\/iframe><\/p>\n","protected":false},"excerpt":{"rendered":"<p>De princesita linda a gata berrinchuda: la tecnologia como interfaz, por Carlos Sandoval. Visiones biol\u00f3gicas, miradas \u00edntimas, por Edith Medina Quimeras gen\u00e9ticas, por Pablo Padilla El cuerpo como primer medio, por Esthel Vogrig Cartografias enactivas y transdisciplin\u00e1rias, por Minerva Hernandez Trejo y Myriam Beutelspacher<\/p>\n","protected":false},"author":1,"featured_media":0,"parent":856,"menu_order":0,"comment_status":"open","ping_status":"open","template":"","meta":[],"_links":{"self":[{"href":"https:\/\/hibrida.eca.usp.br\/index.php\/wp-json\/wp\/v2\/pages\/940"}],"collection":[{"href":"https:\/\/hibrida.eca.usp.br\/index.php\/wp-json\/wp\/v2\/pages"}],"about":[{"href":"https:\/\/hibrida.eca.usp.br\/index.php\/wp-json\/wp\/v2\/types\/page"}],"author":[{"embeddable":true,"href":"https:\/\/hibrida.eca.usp.br\/index.php\/wp-json\/wp\/v2\/users\/1"}],"replies":[{"embeddable":true,"href":"https:\/\/hibrida.eca.usp.br\/index.php\/wp-json\/wp\/v2\/comments?post=940"}],"version-history":[{"count":9,"href":"https:\/\/hibrida.eca.usp.br\/index.php\/wp-json\/wp\/v2\/pages\/940\/revisions"}],"predecessor-version":[{"id":1086,"href":"https:\/\/hibrida.eca.usp.br\/index.php\/wp-json\/wp\/v2\/pages\/940\/revisions\/1086"}],"up":[{"embeddable":true,"href":"https:\/\/hibrida.eca.usp.br\/index.php\/wp-json\/wp\/v2\/pages\/856"}],"wp:attachment":[{"href":"https:\/\/hibrida.eca.usp.br\/index.php\/wp-json\/wp\/v2\/media?parent=940"}],"curies":[{"name":"wp","href":"https:\/\/api.w.org\/{rel}","templated":true}]}}