{"id":886,"date":"2014-05-12T18:40:17","date_gmt":"2014-05-12T21:40:17","guid":{"rendered":"http:\/\/hibrida.eca.usp.br\/?page_id=886"},"modified":"2014-05-12T19:13:08","modified_gmt":"2014-05-12T22:13:08","slug":"imprensa","status":"publish","type":"page","link":"https:\/\/hibrida.eca.usp.br\/index.php\/apresentacao\/imprensa\/","title":{"rendered":"Imprensa"},"content":{"rendered":"<p><strong>PRESS RELEASE BRASIL<strong><\/p>\n<ul>\n<li>Portugu\u00eas\u00a0<a href=\"http:\/\/hibrida.eca.usp.br\/wp-content\/uploads\/2014\/05\/press_release_hibrida-2.pdf\">press_release_hibrida 2<\/a><\/li>\n<li>English\u00a0<a href=\"http:\/\/hibrida.eca.usp.br\/wp-content\/uploads\/2014\/05\/press_release_hibrida_eng.pdf\">press_release_hibrida_eng<\/a><\/li>\n<\/ul>\n<p>&nbsp;<\/p>\n<p><strong>PRESS NOTES<strong><\/strong><\/strong><\/p>\n<ul>\n<li>Revista INFO<\/li>\n<\/ul>\n<p><a href=\"http:\/\/hibrida.eca.usp.br\/wp-content\/uploads\/2014\/05\/revista_info.jpg\" class=\"grouped_elements\" rel=\"tc-fancybox-group886\"><img decoding=\"async\" loading=\"lazy\" class=\"alignnone size-medium wp-image-891\" alt=\"revista_info\" src=\"http:\/\/hibrida.eca.usp.br\/wp-content\/uploads\/2014\/05\/revista_info-225x300.jpg\" width=\"225\" height=\"300\" srcset=\"https:\/\/hibrida.eca.usp.br\/wp-content\/uploads\/2014\/05\/revista_info-225x300.jpg 225w, https:\/\/hibrida.eca.usp.br\/wp-content\/uploads\/2014\/05\/revista_info.jpg 600w\" sizes=\"(max-width: 225px) 100vw, 225px\" \/><\/a><\/p>\n<ul>\n<li>Revista Select\u00a0<a href=\"http:\/\/hibrida.eca.usp.br\/wp-content\/uploads\/2014\/05\/Revista-Select-expansao-de-consciencia.pdf\">Revista Select &#8211; expansao de consciencia<\/a><\/li>\n<li>Jornal da USP\u00a0<a href=\"http:\/\/hibrida.eca.usp.br\/wp-content\/uploads\/2014\/05\/Projeto-H\u00edbrida-alia-arte-e-tecnologia-para-ampliar-alcance-dos-sentidos-_-USP-Universidade-de-S\u00e3o-Paulo.pdf\">Projeto H\u00edbrida alia arte e tecnologia para ampliar alcance dos sentidos _ USP &#8211; Universidade de S\u00e3o Paulo<\/a><\/li>\n<li>Ag\u00eancia USP de Not\u00edcias\u00a0<a href=\"http:\/\/hibrida.eca.usp.br\/wp-content\/uploads\/2014\/05\/Ag\u00eancia-USP-de-Not\u00edcias-\u00bb-Projeto-H\u00edbrida.pdf\">Ag\u00eancia USP de Not\u00edcias \u00bb Projeto H\u00edbrida<\/a><\/li>\n<li>Catraca Livre\u00a0<a href=\"http:\/\/hibrida.eca.usp.br\/wp-content\/uploads\/2014\/05\/catraca_livre.pdf\">catraca_livre<\/a><\/li>\n<li>Zonas de Compensa\u00e7\u00e3o\u00a0<a href=\"http:\/\/hibrida.eca.usp.br\/wp-content\/uploads\/2014\/05\/Zonas-de-Compensa\u00e7\u00e3o-Projeto-de-Extens\u00e3o-para-Desenvolvimento-de-Exposi\u00e7\u00e3o-Coletiva.pdf\">Zonas de Compensa\u00e7\u00e3o | Projeto de Extens\u00e3o para Desenvolvimento de Exposi\u00e7\u00e3o Coletiva<\/a><\/li>\n<li>RedEmprendia\u00a0<a href=\"http:\/\/hibrida.eca.usp.br\/wp-content\/uploads\/2014\/05\/RedEmprendia-\u00b7-Empreendedorismo-universit\u00e1rio.pdf\">RedEmprendia \u00b7 Empreendedorismo universit\u00e1rio<\/a><\/li>\n<li>SDP FMUSP\u00a0<a href=\"http:\/\/hibrida.eca.usp.br\/wp-content\/uploads\/2014\/05\/spd-fmusp.pdf\">spd fmusp<\/a><\/li>\n<li>PPGAV UFRJ\u00a0<a href=\"http:\/\/hibrida.eca.usp.br\/wp-content\/uploads\/2014\/05\/PPGAV\u2013EBA\u2013UFRJ.pdf\">PPGAV\u2013EBA\u2013UFRJ<\/a><\/li>\n<li>Novas Medias\u00a0<a href=\"http:\/\/hibrida.eca.usp.br\/wp-content\/uploads\/2014\/05\/NOVAS-MEDIAS-Projeto-HIBRIDA-conversas-sobre-arte-ci\u00eancias-e-biotecnologia-Gr\u00e1tis.pdf\">NOVAS MEDIAS: Projeto HIBRIDA: conversas sobre arte, ci\u00eancias e biotecnologia | Gr\u00e1tis<\/a><\/li>\n<li>CRUESP\u00a0<a href=\"http:\/\/hibrida.eca.usp.br\/wp-content\/uploads\/2014\/05\/CRUESP-Conselho-de-reitores-das-Universidades-Estaduais-de-S\u00e3o-Paulo.pdf\">CRUESP &#8211; Conselho de reitores das Universidades Estaduais de S\u00e3o Paulo<\/a><\/li>\n<li>Arte Estado\u00a0<a href=\"http:\/\/hibrida.eca.usp.br\/wp-content\/uploads\/2014\/05\/Arte-Estado.pdf\">Arte Estado<\/a><\/li>\n<li>Aggregga\u00a0<a href=\"http:\/\/hibrida.eca.usp.br\/wp-content\/uploads\/2014\/05\/aggregga.pdf\">aggregga<\/a><\/li>\n<li>Ag\u00eancia de Noticias UNESP\u00a0<a href=\"http:\/\/hibrida.eca.usp.br\/wp-content\/uploads\/2014\/05\/UnAN-Unesp-Ag\u00eancia-de-Not\u00edcias.pdf\">UnAN &#8211; Unesp Ag\u00eancia de Not\u00edcias<\/a><\/li>\n<li>SyntechBio\u00a0<a href=\"http:\/\/hibrida.eca.usp.br\/wp-content\/uploads\/2014\/05\/syntechbio-Biologia-sint\u00e9tica-Latinoamerica-Synthetic-Biology-ARTS-ELECTRONICS.pdf\">syntechbio | Biologia sint\u00e9tica Latinoamerica | Synthetic Biology | ARTS &amp; ELECTRONICS<\/a><\/li>\n<li>Zynphull\u00a0<a href=\"http:\/\/hibrida.eca.usp.br\/wp-content\/uploads\/2014\/05\/hibrida-Zynphull.pdf\">hibrida | Zynphull<\/a><\/li>\n<\/ul>\n<p>&nbsp;<\/p>\n","protected":false},"excerpt":{"rendered":"<p>PRESS RELEASE BRASIL Portugu\u00eas\u00a0press_release_hibrida 2 English\u00a0press_release_hibrida_eng &nbsp; PRESS NOTES Revista INFO Revista Select\u00a0Revista Select &#8211; expansao de consciencia Jornal da USP\u00a0Projeto H\u00edbrida alia arte e tecnologia para ampliar alcance dos sentidos _ USP &#8211; Universidade de S\u00e3o Paulo Ag\u00eancia USP de Not\u00edcias\u00a0Ag\u00eancia USP de Not\u00edcias \u00bb Projeto H\u00edbrida Catraca Livre\u00a0catraca_livre Zonas de Compensa\u00e7\u00e3o\u00a0Zonas de Compensa\u00e7\u00e3o [&hellip;]<\/p>\n","protected":false},"author":1,"featured_media":0,"parent":608,"menu_order":0,"comment_status":"open","ping_status":"open","template":"","meta":[],"_links":{"self":[{"href":"https:\/\/hibrida.eca.usp.br\/index.php\/wp-json\/wp\/v2\/pages\/886"}],"collection":[{"href":"https:\/\/hibrida.eca.usp.br\/index.php\/wp-json\/wp\/v2\/pages"}],"about":[{"href":"https:\/\/hibrida.eca.usp.br\/index.php\/wp-json\/wp\/v2\/types\/page"}],"author":[{"embeddable":true,"href":"https:\/\/hibrida.eca.usp.br\/index.php\/wp-json\/wp\/v2\/users\/1"}],"replies":[{"embeddable":true,"href":"https:\/\/hibrida.eca.usp.br\/index.php\/wp-json\/wp\/v2\/comments?post=886"}],"version-history":[{"count":4,"href":"https:\/\/hibrida.eca.usp.br\/index.php\/wp-json\/wp\/v2\/pages\/886\/revisions"}],"predecessor-version":[{"id":908,"href":"https:\/\/hibrida.eca.usp.br\/index.php\/wp-json\/wp\/v2\/pages\/886\/revisions\/908"}],"up":[{"embeddable":true,"href":"https:\/\/hibrida.eca.usp.br\/index.php\/wp-json\/wp\/v2\/pages\/608"}],"wp:attachment":[{"href":"https:\/\/hibrida.eca.usp.br\/index.php\/wp-json\/wp\/v2\/media?parent=886"}],"curies":[{"name":"wp","href":"https:\/\/api.w.org\/{rel}","templated":true}]}}