{"id":856,"date":"2014-05-10T20:17:16","date_gmt":"2014-05-10T23:17:16","guid":{"rendered":"http:\/\/hibrida.eca.usp.br\/?page_id=856"},"modified":"2014-05-10T21:58:03","modified_gmt":"2014-05-11T00:58:03","slug":"documentacao","status":"publish","type":"page","link":"https:\/\/hibrida.eca.usp.br\/index.php\/documentacao\/","title":{"rendered":"Documenta\u00e7\u00e3o"},"content":{"rendered":"<p><a href=\"http:\/\/hibrida.eca.usp.br\/index.php\/calendario-2\/calendario\/palestras-e-oficina\/palestras-videos\/\">V\u00eddeo documenta\u00e7\u00e3o das palestras<\/a> no Pa\u00e7o das Artes\/ S\u00e3o Paulo<br \/>\n<a href=\"http:\/\/hibrida.eca.usp.br\/wp-content\/uploads\/2014\/02\/flyer_hibrida_palestras_pacodasartes.jpg\" class=\"grouped_elements\" rel=\"tc-fancybox-group856\"><img decoding=\"async\" loading=\"lazy\" src=\"http:\/\/hibrida.eca.usp.br\/wp-content\/uploads\/2014\/02\/flyer_hibrida_palestras_pacodasartes-150x150.jpg\" alt=\"flyer_hibrida_palestras_pacodasartes\" width=\"150\" height=\"150\" class=\"alignnone size-thumbnail wp-image-636\" \/><\/a><br \/>\nVeja os <a href=\"http:\/\/hibrida.eca.usp.br\/index.php\/calendario-2\/calendario\/palestras-e-oficina\/\">detalhes sobre as palestras e palestrantes<\/a>. <\/p>\n<p>Foto documenta\u00e7\u00e3o da <a href=\"https:\/\/www.facebook.com\/media\/set\/?set=a.513536302085438.1073741834.492828277489574&#038;type=3\">Exposi\u00e7\u00e3o e Performance H\u00edbrida<\/a> no <a href=\"http:\/\/zonasdecompensacao.wordpress.com\/\" target=\"_blank\">Zona de Compensa\u00e7\u00e3o<\/a>\/ S\u00e3o Paulo<br \/>\n<a href=\"http:\/\/hibrida.eca.usp.br\/wp-content\/uploads\/2014\/03\/flyer_expo_hibrida.jpg\" class=\"grouped_elements\" rel=\"tc-fancybox-group856\"><img decoding=\"async\" loading=\"lazy\" src=\"http:\/\/hibrida.eca.usp.br\/wp-content\/uploads\/2014\/03\/flyer_expo_hibrida-150x150.jpg\" alt=\"flyer_expo_hibrida\" width=\"150\" height=\"150\" class=\"alignnone size-thumbnail wp-image-832\" \/><\/a><\/p>\n<p><a href=\"https:\/\/garoa.net.br\/wiki\/Hibrida\" target=\"_blank\">Wiki<\/a> com documenta\u00e7\u00e3o detalhada dos projetos desenvolvidos no HibridaLab.<\/p>\n<p>Foto documenta\u00e7\u00e3o do <a href=\"https:\/\/www.facebook.com\/media\/set\/?set=a.504593752979693.1073741832.492828277489574&#038;type=3\" target=\"_blank\">HibridaLab Manh\u00e3 e HibridaLab Noite<\/a>. <\/p>\n<p>Foto documenta\u00e7\u00e3o da Oficina de Alejandro Ahmed e Mariana Romagnani: <a href=\"https:\/\/www.facebook.com\/media\/set\/?set=a.506684776103924.1073741833.492828277489574&#038;type=3\" target=\"_blank\">corpo.movimento.acoplamentos<\/a><br \/>\n<a href=\"http:\/\/hibrida.eca.usp.br\/wp-content\/uploads\/2014\/05\/alejandro.jpg\" class=\"grouped_elements\" rel=\"tc-fancybox-group856\"><img decoding=\"async\" loading=\"lazy\" src=\"http:\/\/hibrida.eca.usp.br\/wp-content\/uploads\/2014\/05\/alejandro-150x150.jpg\" alt=\"alejandro\" width=\"150\" height=\"150\" class=\"alignnone size-thumbnail wp-image-871\" \/><\/a><\/p>\n","protected":false},"excerpt":{"rendered":"<p>V\u00eddeo documenta\u00e7\u00e3o das palestras no Pa\u00e7o das Artes\/ S\u00e3o Paulo Veja os detalhes sobre as palestras e palestrantes. Foto documenta\u00e7\u00e3o da Exposi\u00e7\u00e3o e Performance H\u00edbrida no Zona de Compensa\u00e7\u00e3o\/ S\u00e3o Paulo Wiki com documenta\u00e7\u00e3o detalhada dos projetos desenvolvidos no HibridaLab. Foto documenta\u00e7\u00e3o do HibridaLab Manh\u00e3 e HibridaLab Noite. Foto documenta\u00e7\u00e3o da Oficina de Alejandro Ahmed [&hellip;]<\/p>\n","protected":false},"author":1,"featured_media":0,"parent":0,"menu_order":0,"comment_status":"open","ping_status":"open","template":"","meta":[],"_links":{"self":[{"href":"https:\/\/hibrida.eca.usp.br\/index.php\/wp-json\/wp\/v2\/pages\/856"}],"collection":[{"href":"https:\/\/hibrida.eca.usp.br\/index.php\/wp-json\/wp\/v2\/pages"}],"about":[{"href":"https:\/\/hibrida.eca.usp.br\/index.php\/wp-json\/wp\/v2\/types\/page"}],"author":[{"embeddable":true,"href":"https:\/\/hibrida.eca.usp.br\/index.php\/wp-json\/wp\/v2\/users\/1"}],"replies":[{"embeddable":true,"href":"https:\/\/hibrida.eca.usp.br\/index.php\/wp-json\/wp\/v2\/comments?post=856"}],"version-history":[{"count":6,"href":"https:\/\/hibrida.eca.usp.br\/index.php\/wp-json\/wp\/v2\/pages\/856\/revisions"}],"predecessor-version":[{"id":872,"href":"https:\/\/hibrida.eca.usp.br\/index.php\/wp-json\/wp\/v2\/pages\/856\/revisions\/872"}],"wp:attachment":[{"href":"https:\/\/hibrida.eca.usp.br\/index.php\/wp-json\/wp\/v2\/media?parent=856"}],"curies":[{"name":"wp","href":"https:\/\/api.w.org\/{rel}","templated":true}]}}