{"id":844,"date":"2014-05-10T19:37:46","date_gmt":"2014-05-10T22:37:46","guid":{"rendered":"http:\/\/hibrida.eca.usp.br\/?page_id=844"},"modified":"2014-05-12T16:01:54","modified_gmt":"2014-05-12T19:01:54","slug":"calendario-2","status":"publish","type":"page","link":"https:\/\/hibrida.eca.usp.br\/index.php\/calendario-2\/","title":{"rendered":"Calend\u00e1rio"},"content":{"rendered":"<p>Entre 13 de maio e 6 de julho o projeto H\u00edbrida se desenvolver\u00e1 na UNAM, Cidade do M\u00e9xico.  Acompanhe passo a passo o <a href=\"http:\/\/hibrida.eca.usp.br\/index.php\/calendario-2\/calendario-mexico\/\">Calend\u00e1rio do projeto no M\u00e9xico<\/a>. <\/p>\n<p>Entre 17 de mar\u00e7o e 30 de abril o projeto H\u00edbrida se desenvolver\u00e1 na USP, S\u00e3o Paulo. Acompanhe passo a passo o <a href=\"http:\/\/hibrida.eca.usp.br\/index.php\/calendario-2\/calendario\/\" target=\"_blank\">Calend\u00e1rio do projeto no Brasil.<\/a><\/p>\n","protected":false},"excerpt":{"rendered":"<p>Entre 13 de maio e 6 de julho o projeto H\u00edbrida se desenvolver\u00e1 na UNAM, Cidade do M\u00e9xico. Acompanhe passo a passo o Calend\u00e1rio do projeto no M\u00e9xico. Entre 17 de mar\u00e7o e 30 de abril o projeto H\u00edbrida se desenvolver\u00e1 na USP, S\u00e3o Paulo. Acompanhe passo a passo o Calend\u00e1rio do projeto no Brasil.<\/p>\n","protected":false},"author":1,"featured_media":0,"parent":0,"menu_order":0,"comment_status":"open","ping_status":"open","template":"","meta":[],"_links":{"self":[{"href":"https:\/\/hibrida.eca.usp.br\/index.php\/wp-json\/wp\/v2\/pages\/844"}],"collection":[{"href":"https:\/\/hibrida.eca.usp.br\/index.php\/wp-json\/wp\/v2\/pages"}],"about":[{"href":"https:\/\/hibrida.eca.usp.br\/index.php\/wp-json\/wp\/v2\/types\/page"}],"author":[{"embeddable":true,"href":"https:\/\/hibrida.eca.usp.br\/index.php\/wp-json\/wp\/v2\/users\/1"}],"replies":[{"embeddable":true,"href":"https:\/\/hibrida.eca.usp.br\/index.php\/wp-json\/wp\/v2\/comments?post=844"}],"version-history":[{"count":6,"href":"https:\/\/hibrida.eca.usp.br\/index.php\/wp-json\/wp\/v2\/pages\/844\/revisions"}],"predecessor-version":[{"id":877,"href":"https:\/\/hibrida.eca.usp.br\/index.php\/wp-json\/wp\/v2\/pages\/844\/revisions\/877"}],"wp:attachment":[{"href":"https:\/\/hibrida.eca.usp.br\/index.php\/wp-json\/wp\/v2\/media?parent=844"}],"curies":[{"name":"wp","href":"https:\/\/api.w.org\/{rel}","templated":true}]}}