{"id":839,"date":"2014-05-10T19:34:09","date_gmt":"2014-05-10T22:34:09","guid":{"rendered":"http:\/\/hibrida.eca.usp.br\/?page_id=839"},"modified":"2014-06-17T16:46:41","modified_gmt":"2014-06-17T19:46:41","slug":"calendario-mexico","status":"publish","type":"page","link":"https:\/\/hibrida.eca.usp.br\/index.php\/calendario-2\/calendario-mexico\/","title":{"rendered":"Calend\u00e1rio M\u00e9xico"},"content":{"rendered":"<p>As atividades no M\u00e9xico se dividem em:<\/p>\n<p><b>HibridaLabMex<\/b><br \/>\nLaborat\u00f3rio de modelarem em 3D a partir de dados de sensores biof\u00edsicos.<br \/>\nData: de 28 de maio a 26 de junho &#8211; 4as e 5as das 10-13h<\/p>\n<p><b>Laborat\u00f3rio de desenvolvimento de obras por Jaime Lobato, Mateus Knelsen e Paloma Oliveira<\/b><br \/>\nData: de 26 de maio a 24 de junho &#8211; 2as e 3as das 10-18h<br \/>\nLocal: PDI UNAM<\/p>\n<p><b>Oficina Re.Processos<\/b><br \/>\nOficina que ensina programa\u00e7\u00e3o criativa a partir da engenharia reversa dos projetos desenvolvidos no Brasil.<br \/>\nData: de 17 a 20 de junho<br \/>\nLocal: Laborat\u00f3rio Arte Alameda<\/p>\n<p><b>Confer\u00eancias<\/b><br \/>\nPalestras sobre arte, ciencias e biotecnologia.<br \/>\nData: de 23 de maio a 27 de junho &#8211; 6as as 17h<br \/>\nLocal: IIMAS UNAM<\/p>\n<p><b>Veja programa\u00e7\u00e3o detalhada abaixo.<\/b><\/p>\n<p><b>HibridaLab Mex<\/b><\/p>\n<p>As atividades no laborat\u00f3rio de prototipagem s\u00e3o apoiadas pelo<a href=\"http:\/\/www.posgrado.unam.mx\/pdi\/\" target=\"_blank\"> Laborat\u00f3rio de P\u00f3s gradua\u00e7\u00e3o de Desenho Industrial <\/a>da UNAM. <\/p>\n<p>As atividades acontecem as 4as e 5as das 10-13h entre os dias 28 de maio e 26 de junho. <\/p>\n<p>[googlemaps https:\/\/www.google.com\/maps\/embed?pb=!1m18!1m12!1m3!1d3765.3649898185217!2d-99.18562199999994!3d19.309961999999995!2m3!1f0!2f0!3f0!3m2!1i1024!2i768!4f13.1!3m3!1m2!1s0x85ce0074602f5f3f%3A0x68fc45a954491dd!2sEl+Posgrado+de+Econom%C3%ADa+y+la+Unidad+de+Posgrado!5e0!3m2!1sen!2s!4v1402087365287;w=600;h=450]<\/p>\n<p><b>Palestras<\/b><\/p>\n<p>O ciclo de palestras acontecem de 23 de maio a 27 de junho no <a href=\"http:\/\/www.iimas.unam.mx\/\" target=\"_blank\">Audit\u00f3rio do IIMAS<\/a> UNAM, sempre as sextas-feiras as 17h. Segue calend\u00e1rio completo.<\/p>\n<p>[googlemaps https:\/\/www.google.com\/maps\/embed?pb=!1m14!1m8!1m3!1d3764.896614891736!2d-99.18070600000001!3d19.330292!3m2!1i1024!2i768!4f13.1!3m3!1m2!1s0x85ce000499f73b95%3A0xeb43f35faa15de6c!2sIIMAS!5e0!3m2!1sen!2sbr!4v1402254302903;w=600;h=450]<\/p>\n<p>23 de maio<br \/>\nCarlos Sandoval. &#8220;De princesita linda a gata berrinchuda: La tecnolog\u00eda como interfaz&#8221;<\/p>\n<p>30 de maio<br \/>\nEdith Medina. &#8220;Visiones Biologicas, Miradas Intimas. El encuentro del Arte con a&#8221;<\/p>\n<p>6 de junho<br \/>\nPablo Padilla. &#8220;Quimeras Geneticas. El arte de la s\u00edntesis gen\u00e9tica&#8221;<\/p>\n<p>13 de junho<br \/>\nEsthel Vogrig. &#8220;Movimientos. Cruces entre la tecnolog\u00eda y el cuerpo kin\u00e9tico&#8221;<\/p>\n<p>20 de junho<br \/>\nTranslab. &#8220;Liveness. Una metodolog\u00eda de investigaci\u00f3n transdisciplinaria&#8221;<\/p>\n<p>*27 de junho<br \/>\nJaime Lobato e Paloma Oliveira, idealizadores do projeto H\u00edbrida. Po\u00e9ticas Hibridas.<br \/>\n* esta palestra acontecer\u00e1 no <a href=\"http:\/\/www.artealameda.bellasartes.gob.mx\/\" target=\"_blank\">Laborat\u00f3rio Arte Alameda<\/a>. <\/p>\n<p><a href=\"http:\/\/hibrida.eca.usp.br\/wp-content\/uploads\/2014\/05\/10382652_524685154303886_921989197195734518_n.jpg\" class=\"grouped_elements\" rel=\"tc-fancybox-group839\"><img decoding=\"async\" loading=\"lazy\" src=\"http:\/\/hibrida.eca.usp.br\/wp-content\/uploads\/2014\/05\/10382652_524685154303886_921989197195734518_n-211x300.jpg\" alt=\"10382652_524685154303886_921989197195734518_n\" width=\"211\" height=\"300\" class=\"alignnone size-medium wp-image-1013\" srcset=\"https:\/\/hibrida.eca.usp.br\/wp-content\/uploads\/2014\/05\/10382652_524685154303886_921989197195734518_n-211x300.jpg 211w, https:\/\/hibrida.eca.usp.br\/wp-content\/uploads\/2014\/05\/10382652_524685154303886_921989197195734518_n.jpg 381w\" sizes=\"(max-width: 211px) 100vw, 211px\" \/><\/a><\/p>\n<p><b>Oficina Re.Processos, com Paloma Oliveira<\/b><\/p>\n<p>A oficina acontecer\u00e1 entre os dias 17-20 de junho, das 17-19h no Laborat\u00f3rio Arte Alameda.<br \/>\nFocada em revelar atrav\u00e9s de engenharia reversa as obras desenvolvidas no HibridaLab Brasil, os participantes ser\u00e3o inicados em programa\u00e7\u00e3o criativa e prototipagem eletr\u00f4nica com sensores biof\u00edsicos. <\/p>\n<div id=\"wpgmza_map_1\" class=\"wpgmza_map wpgmza-auto-left\" style=\"display:block;width:600px;height:450px;overflow:hidden;position:relative;\" data-map-id=\"1\" data-maps-engine=\"google-maps\" data-build-engine=\"atlas-novus\" data-shortcode-attributes=\"{&quot;id&quot;:&quot;1&quot;,&quot;zoom&quot;:false,&quot;width&quot;:false,&quot;height&quot;:false,&quot;marker&quot;:false,&quot;classname&quot;:false}\" data-settings=\"{&quot;map_title&quot;:&quot;Laboratorio Arte Alameda&quot;,&quot;map_width&quot;:&quot;600&quot;,&quot;map_height&quot;:&quot;450&quot;,&quot;map_start_lat&quot;:&quot;19.436426&quot;,&quot;map_start_lng&quot;:&quot;-99.146123&quot;,&quot;map_start_location&quot;:&quot;19.436426,-99.1461228&quot;,&quot;map_start_zoom&quot;:&quot;16&quot;,&quot;default_marker&quot;:&quot;0&quot;,&quot;type&quot;:&quot;1&quot;,&quot;alignment&quot;:&quot;1&quot;,&quot;directions_enabled&quot;:&quot;1&quot;,&quot;styling_enabled&quot;:&quot;0&quot;,&quot;styling_json&quot;:&quot;&quot;,&quot;active&quot;:&quot;0&quot;,&quot;kml&quot;:&quot;&quot;,&quot;bicycle&quot;:&quot;1&quot;,&quot;traffic&quot;:&quot;0&quot;,&quot;dbox&quot;:&quot;1&quot;,&quot;dbox_width&quot;:&quot;250&quot;,&quot;listmarkers&quot;:&quot;0&quot;,&quot;listmarkers_advanced&quot;:&quot;0&quot;,&quot;filterbycat&quot;:&quot;0&quot;,&quot;ugm_enabled&quot;:&quot;0&quot;,&quot;ugm_category_enabled&quot;:&quot;0&quot;,&quot;fusion&quot;:&quot;&quot;,&quot;map_width_type&quot;:&quot;px&quot;,&quot;map_height_type&quot;:&quot;px&quot;,&quot;mass_marker_support&quot;:&quot;1&quot;,&quot;ugm_access&quot;:&quot;0&quot;,&quot;order_markers_by&quot;:&quot;1&quot;,&quot;order_markers_choice&quot;:&quot;2&quot;,&quot;show_user_location&quot;:&quot;0&quot;,&quot;default_to&quot;:&quot;&quot;,&quot;store_locator_enabled&quot;:2,&quot;store_locator_distance&quot;:2,&quot;weather_layer&quot;:2,&quot;weather_layer_temp_type&quot;:1,&quot;cloud_layer&quot;:2,&quot;transport_layer&quot;:1,&quot;id&quot;:1}\" ><\/div>\n<p><a href=\"http:\/\/hibrida.eca.usp.br\/wp-content\/uploads\/2014\/05\/10364100_523349444437457_5315530260402292297_n.jpg\" class=\"grouped_elements\" rel=\"tc-fancybox-group839\"><img decoding=\"async\" loading=\"lazy\" src=\"http:\/\/hibrida.eca.usp.br\/wp-content\/uploads\/2014\/05\/10364100_523349444437457_5315530260402292297_n-232x300.jpg\" alt=\"10364100_523349444437457_5315530260402292297_n\" width=\"232\" height=\"300\" class=\"alignnone size-medium wp-image-1012\" srcset=\"https:\/\/hibrida.eca.usp.br\/wp-content\/uploads\/2014\/05\/10364100_523349444437457_5315530260402292297_n-232x300.jpg 232w, https:\/\/hibrida.eca.usp.br\/wp-content\/uploads\/2014\/05\/10364100_523349444437457_5315530260402292297_n.jpg 403w\" sizes=\"(max-width: 232px) 100vw, 232px\" \/><\/a><\/p>\n","protected":false},"excerpt":{"rendered":"<p>As atividades no M\u00e9xico se dividem em: HibridaLabMex Laborat\u00f3rio de modelarem em 3D a partir de dados de sensores biof\u00edsicos. Data: de 28 de maio a 26 de junho &#8211; 4as e 5as das 10-13h Laborat\u00f3rio de desenvolvimento de obras por Jaime Lobato, Mateus Knelsen e Paloma Oliveira Data: de 26 de maio a 24 [&hellip;]<\/p>\n","protected":false},"author":1,"featured_media":0,"parent":844,"menu_order":0,"comment_status":"open","ping_status":"open","template":"","meta":[],"_links":{"self":[{"href":"https:\/\/hibrida.eca.usp.br\/index.php\/wp-json\/wp\/v2\/pages\/839"}],"collection":[{"href":"https:\/\/hibrida.eca.usp.br\/index.php\/wp-json\/wp\/v2\/pages"}],"about":[{"href":"https:\/\/hibrida.eca.usp.br\/index.php\/wp-json\/wp\/v2\/types\/page"}],"author":[{"embeddable":true,"href":"https:\/\/hibrida.eca.usp.br\/index.php\/wp-json\/wp\/v2\/users\/1"}],"replies":[{"embeddable":true,"href":"https:\/\/hibrida.eca.usp.br\/index.php\/wp-json\/wp\/v2\/comments?post=839"}],"version-history":[{"count":14,"href":"https:\/\/hibrida.eca.usp.br\/index.php\/wp-json\/wp\/v2\/pages\/839\/revisions"}],"predecessor-version":[{"id":1055,"href":"https:\/\/hibrida.eca.usp.br\/index.php\/wp-json\/wp\/v2\/pages\/839\/revisions\/1055"}],"up":[{"embeddable":true,"href":"https:\/\/hibrida.eca.usp.br\/index.php\/wp-json\/wp\/v2\/pages\/844"}],"wp:attachment":[{"href":"https:\/\/hibrida.eca.usp.br\/index.php\/wp-json\/wp\/v2\/media?parent=839"}],"curies":[{"name":"wp","href":"https:\/\/api.w.org\/{rel}","templated":true}]}}