{"id":808,"date":"2014-04-08T12:00:40","date_gmt":"2014-04-08T15:00:40","guid":{"rendered":"http:\/\/hibrida.eca.usp.br\/?page_id=808"},"modified":"2014-04-08T12:00:53","modified_gmt":"2014-04-08T15:00:53","slug":"herbert-castanha","status":"publish","type":"page","link":"https:\/\/hibrida.eca.usp.br\/index.php\/equipe\/herbert-castanha\/","title":{"rendered":"Herbert Castanha"},"content":{"rendered":"<p><a href=\"http:\/\/hibrida.eca.usp.br\/wp-content\/uploads\/2014\/04\/herbert.jpg\" class=\"grouped_elements\" rel=\"tc-fancybox-group808\"><img decoding=\"async\" loading=\"lazy\" src=\"http:\/\/hibrida.eca.usp.br\/wp-content\/uploads\/2014\/04\/herbert-300x225.jpg\" alt=\"herbert\" width=\"300\" height=\"225\" class=\"alignnone size-medium wp-image-811\" srcset=\"https:\/\/hibrida.eca.usp.br\/wp-content\/uploads\/2014\/04\/herbert-300x225.jpg 300w, https:\/\/hibrida.eca.usp.br\/wp-content\/uploads\/2014\/04\/herbert.jpg 640w\" sizes=\"(max-width: 300px) 100vw, 300px\" \/><\/a><\/p>\n<p>Formando em engenharia eletr\u00f4nica, desenvolvendo trabalho de gradua\u00e7\u00e3o automa\u00e7\u00e3o baseada em pensamento, utilizando o headset EmotivEpoc e antenas XBee. <\/p>\n<p>Background em TI e Gest\u00e3o de Projetos, admirador de iniciativas inovadoras e criativas. <\/p>\n<p>http:\/\/hcastanha.tumblr.com\/<\/p>\n","protected":false},"excerpt":{"rendered":"<p>Formando em engenharia eletr\u00f4nica, desenvolvendo trabalho de gradua\u00e7\u00e3o automa\u00e7\u00e3o baseada em pensamento, utilizando o headset EmotivEpoc e antenas XBee. Background em TI e Gest\u00e3o de Projetos, admirador de iniciativas inovadoras e criativas. http:\/\/hcastanha.tumblr.com\/<\/p>\n","protected":false},"author":1,"featured_media":0,"parent":60,"menu_order":0,"comment_status":"open","ping_status":"open","template":"","meta":[],"_links":{"self":[{"href":"https:\/\/hibrida.eca.usp.br\/index.php\/wp-json\/wp\/v2\/pages\/808"}],"collection":[{"href":"https:\/\/hibrida.eca.usp.br\/index.php\/wp-json\/wp\/v2\/pages"}],"about":[{"href":"https:\/\/hibrida.eca.usp.br\/index.php\/wp-json\/wp\/v2\/types\/page"}],"author":[{"embeddable":true,"href":"https:\/\/hibrida.eca.usp.br\/index.php\/wp-json\/wp\/v2\/users\/1"}],"replies":[{"embeddable":true,"href":"https:\/\/hibrida.eca.usp.br\/index.php\/wp-json\/wp\/v2\/comments?post=808"}],"version-history":[{"count":2,"href":"https:\/\/hibrida.eca.usp.br\/index.php\/wp-json\/wp\/v2\/pages\/808\/revisions"}],"predecessor-version":[{"id":813,"href":"https:\/\/hibrida.eca.usp.br\/index.php\/wp-json\/wp\/v2\/pages\/808\/revisions\/813"}],"up":[{"embeddable":true,"href":"https:\/\/hibrida.eca.usp.br\/index.php\/wp-json\/wp\/v2\/pages\/60"}],"wp:attachment":[{"href":"https:\/\/hibrida.eca.usp.br\/index.php\/wp-json\/wp\/v2\/media?parent=808"}],"curies":[{"name":"wp","href":"https:\/\/api.w.org\/{rel}","templated":true}]}}