{"id":75,"date":"2014-01-26T07:12:25","date_gmt":"2014-01-26T10:12:25","guid":{"rendered":"http:\/\/hibrida.eca.usp.br\/?page_id=75"},"modified":"2014-02-12T21:57:47","modified_gmt":"2014-02-13T00:57:47","slug":"paloma-oliveira","status":"publish","type":"page","link":"https:\/\/hibrida.eca.usp.br\/index.php\/equipe\/paloma-oliveira\/","title":{"rendered":"Paloma Oliveira"},"content":{"rendered":"<p><a href=\"http:\/\/hibrida.eca.usp.br\/wp-content\/uploads\/2014\/01\/gavea2.jpg\" class=\"grouped_elements\" rel=\"tc-fancybox-group75\"><img decoding=\"async\" loading=\"lazy\" class=\"alignnone  wp-image-76\" alt=\"gavea2\" src=\"http:\/\/hibrida.eca.usp.br\/wp-content\/uploads\/2014\/01\/gavea2.jpg\" width=\"576\" height=\"323\" srcset=\"https:\/\/hibrida.eca.usp.br\/wp-content\/uploads\/2014\/01\/gavea2.jpg 960w, https:\/\/hibrida.eca.usp.br\/wp-content\/uploads\/2014\/01\/gavea2-300x168.jpg 300w\" sizes=\"(max-width: 576px) 100vw, 576px\" \/><\/a><\/p>\n<p>&nbsp;<\/p>\n<p>Idealizadora do projeto H\u00edbrida.<\/p>\n<p>Desenvolvedora multim\u00eddia, BASE jumper, pesquisadora, educadora e produtora cultural, busca converg\u00eancias e aplica\u00e7\u00f5es das tecnologias digitais no corpo, nas artes e no espa\u00e7o urbano. Atualmente interessada nas possibilidades est\u00e9ticas e experimentos com o corpo mediado por sensores biof\u00edsicos (eletr\u00f4nicos) e biosensores (microorganismos). <\/p>\n<p>Mestranda da ECA-USP e parte dos grupos de pesquisa (in)disciplinares: Synbio Brasil\/ USP, MedHackers\/UNIFESP e Realidades\/ ECA-USP.<\/p>\n<p>&nbsp;<\/p>\n<p><a href=\"http:\/\/www.discombobulate.me\/\" target=\"_blank\">http:\/\/www.discombobulate.me\/<\/a><\/p>\n","protected":false},"excerpt":{"rendered":"<p>&nbsp; Idealizadora do projeto H\u00edbrida. Desenvolvedora multim\u00eddia, BASE jumper, pesquisadora, educadora e produtora cultural, busca converg\u00eancias e aplica\u00e7\u00f5es das tecnologias digitais no corpo, nas artes e no espa\u00e7o urbano. Atualmente interessada nas possibilidades est\u00e9ticas e experimentos com o corpo mediado por sensores biof\u00edsicos (eletr\u00f4nicos) e biosensores (microorganismos). Mestranda da ECA-USP e parte dos grupos de [&hellip;]<\/p>\n","protected":false},"author":1,"featured_media":0,"parent":60,"menu_order":0,"comment_status":"open","ping_status":"open","template":"","meta":[],"_links":{"self":[{"href":"https:\/\/hibrida.eca.usp.br\/index.php\/wp-json\/wp\/v2\/pages\/75"}],"collection":[{"href":"https:\/\/hibrida.eca.usp.br\/index.php\/wp-json\/wp\/v2\/pages"}],"about":[{"href":"https:\/\/hibrida.eca.usp.br\/index.php\/wp-json\/wp\/v2\/types\/page"}],"author":[{"embeddable":true,"href":"https:\/\/hibrida.eca.usp.br\/index.php\/wp-json\/wp\/v2\/users\/1"}],"replies":[{"embeddable":true,"href":"https:\/\/hibrida.eca.usp.br\/index.php\/wp-json\/wp\/v2\/comments?post=75"}],"version-history":[{"count":2,"href":"https:\/\/hibrida.eca.usp.br\/index.php\/wp-json\/wp\/v2\/pages\/75\/revisions"}],"predecessor-version":[{"id":420,"href":"https:\/\/hibrida.eca.usp.br\/index.php\/wp-json\/wp\/v2\/pages\/75\/revisions\/420"}],"up":[{"embeddable":true,"href":"https:\/\/hibrida.eca.usp.br\/index.php\/wp-json\/wp\/v2\/pages\/60"}],"wp:attachment":[{"href":"https:\/\/hibrida.eca.usp.br\/index.php\/wp-json\/wp\/v2\/media?parent=75"}],"curies":[{"name":"wp","href":"https:\/\/api.w.org\/{rel}","templated":true}]}}