{"id":747,"date":"2014-04-02T21:38:39","date_gmt":"2014-04-03T00:38:39","guid":{"rendered":"http:\/\/hibrida.eca.usp.br\/?page_id=747"},"modified":"2014-04-06T22:47:28","modified_gmt":"2014-04-07T01:47:28","slug":"gloria-fernandes","status":"publish","type":"page","link":"https:\/\/hibrida.eca.usp.br\/index.php\/equipe\/gloria-fernandes\/","title":{"rendered":"Gloria Fernandes"},"content":{"rendered":"<div id=\"attachment_748\" style=\"width: 240px\" class=\"wp-caption alignnone\"><a href=\"http:\/\/hibrida.eca.usp.br\/wp-content\/uploads\/2014\/04\/gloria.jpg\" class=\"grouped_elements\" rel=\"tc-fancybox-group747\"><img aria-describedby=\"caption-attachment-748\" decoding=\"async\" loading=\"lazy\" class=\"size-medium wp-image-748\" alt=\"Gloria Fernandes\" src=\"http:\/\/hibrida.eca.usp.br\/wp-content\/uploads\/2014\/04\/gloria-230x300.jpg\" width=\"230\" height=\"300\" srcset=\"https:\/\/hibrida.eca.usp.br\/wp-content\/uploads\/2014\/04\/gloria-230x300.jpg 230w, https:\/\/hibrida.eca.usp.br\/wp-content\/uploads\/2014\/04\/gloria.jpg 737w\" sizes=\"(max-width: 230px) 100vw, 230px\" \/><\/a><p id=\"caption-attachment-748\" class=\"wp-caption-text\">Gloria Fernandes<\/p><\/div>\n<p>Dei aulas de instrumento, cantei em festivais e casamentos. Compus e fiz arranjos para quarteto de vozes. Quando o dinheiro apertava, escrevia. Mais tarde veio a forma\u00e7\u00e3o em Artes Pl\u00e1sticas (UNESP) e dentro dela o olhar mais atento para as novas formas de recontar o mundo. Hoje sou professora da rede p\u00fablica e privada de ensino. <\/p>\n","protected":false},"excerpt":{"rendered":"<p>Dei aulas de instrumento, cantei em festivais e casamentos. Compus e fiz arranjos para quarteto de vozes. Quando o dinheiro apertava, escrevia. Mais tarde veio a forma\u00e7\u00e3o em Artes Pl\u00e1sticas (UNESP) e dentro dela o olhar mais atento para as novas formas de recontar o mundo. Hoje sou professora da rede p\u00fablica e privada de [&hellip;]<\/p>\n","protected":false},"author":1,"featured_media":0,"parent":60,"menu_order":0,"comment_status":"open","ping_status":"open","template":"","meta":[],"_links":{"self":[{"href":"https:\/\/hibrida.eca.usp.br\/index.php\/wp-json\/wp\/v2\/pages\/747"}],"collection":[{"href":"https:\/\/hibrida.eca.usp.br\/index.php\/wp-json\/wp\/v2\/pages"}],"about":[{"href":"https:\/\/hibrida.eca.usp.br\/index.php\/wp-json\/wp\/v2\/types\/page"}],"author":[{"embeddable":true,"href":"https:\/\/hibrida.eca.usp.br\/index.php\/wp-json\/wp\/v2\/users\/1"}],"replies":[{"embeddable":true,"href":"https:\/\/hibrida.eca.usp.br\/index.php\/wp-json\/wp\/v2\/comments?post=747"}],"version-history":[{"count":2,"href":"https:\/\/hibrida.eca.usp.br\/index.php\/wp-json\/wp\/v2\/pages\/747\/revisions"}],"predecessor-version":[{"id":790,"href":"https:\/\/hibrida.eca.usp.br\/index.php\/wp-json\/wp\/v2\/pages\/747\/revisions\/790"}],"up":[{"embeddable":true,"href":"https:\/\/hibrida.eca.usp.br\/index.php\/wp-json\/wp\/v2\/pages\/60"}],"wp:attachment":[{"href":"https:\/\/hibrida.eca.usp.br\/index.php\/wp-json\/wp\/v2\/media?parent=747"}],"curies":[{"name":"wp","href":"https:\/\/api.w.org\/{rel}","templated":true}]}}