{"id":732,"date":"2014-04-02T20:57:48","date_gmt":"2014-04-02T23:57:48","guid":{"rendered":"http:\/\/hibrida.eca.usp.br\/?page_id=732"},"modified":"2014-04-02T20:57:48","modified_gmt":"2014-04-02T23:57:48","slug":"alex-ka-wei-tso","status":"publish","type":"page","link":"https:\/\/hibrida.eca.usp.br\/index.php\/equipe\/alex-ka-wei-tso\/","title":{"rendered":"Alex Ka Wei Tso"},"content":{"rendered":"<div id=\"attachment_733\" style=\"width: 310px\" class=\"wp-caption alignnone\"><a href=\"http:\/\/hibrida.eca.usp.br\/wp-content\/uploads\/2014\/04\/Foto_Mini_Bio_AlexTso.jpg\" class=\"grouped_elements\" rel=\"tc-fancybox-group732\"><img aria-describedby=\"caption-attachment-733\" decoding=\"async\" loading=\"lazy\" src=\"http:\/\/hibrida.eca.usp.br\/wp-content\/uploads\/2014\/04\/Foto_Mini_Bio_AlexTso-300x300.jpg\" alt=\"Alex Tso\" width=\"300\" height=\"300\" class=\"size-medium wp-image-733\" srcset=\"https:\/\/hibrida.eca.usp.br\/wp-content\/uploads\/2014\/04\/Foto_Mini_Bio_AlexTso-300x300.jpg 300w, https:\/\/hibrida.eca.usp.br\/wp-content\/uploads\/2014\/04\/Foto_Mini_Bio_AlexTso-150x150.jpg 150w, https:\/\/hibrida.eca.usp.br\/wp-content\/uploads\/2014\/04\/Foto_Mini_Bio_AlexTso.jpg 800w\" sizes=\"(max-width: 300px) 100vw, 300px\" \/><\/a><p id=\"caption-attachment-733\" class=\"wp-caption-text\">Alex Tso<\/p><\/div>\n<p>Alex Ka Wei Tso \u00e9 graduando em Arquitetura e Urbanismo pela FAUUSP. Trabalha com a tem\u00e1tica da percep\u00e7\u00e3o e do espa\u00e7o sensorial e constru\u00eddo, problematizando intersec\u00e7\u00f5es entre Arte e Arquitetura. <\/p>\n<p><a href=\"https:\/\/www.facebook.com\/alex.k.tso\" target=\"_blank\">https:\/\/www.facebook.com\/alex.k.tso<\/a><\/p>\n","protected":false},"excerpt":{"rendered":"<p>Alex Ka Wei Tso \u00e9 graduando em Arquitetura e Urbanismo pela FAUUSP. Trabalha com a tem\u00e1tica da percep\u00e7\u00e3o e do espa\u00e7o sensorial e constru\u00eddo, problematizando intersec\u00e7\u00f5es entre Arte e Arquitetura. https:\/\/www.facebook.com\/alex.k.tso<\/p>\n","protected":false},"author":1,"featured_media":0,"parent":60,"menu_order":0,"comment_status":"open","ping_status":"open","template":"","meta":[],"_links":{"self":[{"href":"https:\/\/hibrida.eca.usp.br\/index.php\/wp-json\/wp\/v2\/pages\/732"}],"collection":[{"href":"https:\/\/hibrida.eca.usp.br\/index.php\/wp-json\/wp\/v2\/pages"}],"about":[{"href":"https:\/\/hibrida.eca.usp.br\/index.php\/wp-json\/wp\/v2\/types\/page"}],"author":[{"embeddable":true,"href":"https:\/\/hibrida.eca.usp.br\/index.php\/wp-json\/wp\/v2\/users\/1"}],"replies":[{"embeddable":true,"href":"https:\/\/hibrida.eca.usp.br\/index.php\/wp-json\/wp\/v2\/comments?post=732"}],"version-history":[{"count":1,"href":"https:\/\/hibrida.eca.usp.br\/index.php\/wp-json\/wp\/v2\/pages\/732\/revisions"}],"predecessor-version":[{"id":734,"href":"https:\/\/hibrida.eca.usp.br\/index.php\/wp-json\/wp\/v2\/pages\/732\/revisions\/734"}],"up":[{"embeddable":true,"href":"https:\/\/hibrida.eca.usp.br\/index.php\/wp-json\/wp\/v2\/pages\/60"}],"wp:attachment":[{"href":"https:\/\/hibrida.eca.usp.br\/index.php\/wp-json\/wp\/v2\/media?parent=732"}],"curies":[{"name":"wp","href":"https:\/\/api.w.org\/{rel}","templated":true}]}}