{"id":690,"date":"2014-03-30T22:07:12","date_gmt":"2014-03-31T01:07:12","guid":{"rendered":"http:\/\/hibrida.eca.usp.br\/?page_id=690"},"modified":"2014-03-30T22:07:12","modified_gmt":"2014-03-31T01:07:12","slug":"carolina-berger-madame-c-b","status":"publish","type":"page","link":"https:\/\/hibrida.eca.usp.br\/index.php\/equipe\/carolina-berger-madame-c-b\/","title":{"rendered":"Carolina Berger (Madame C. B.)"},"content":{"rendered":"<p><a href=\"http:\/\/hibrida.eca.usp.br\/wp-content\/uploads\/2014\/03\/carol.jpg\" class=\"grouped_elements\" rel=\"tc-fancybox-group690\"><img decoding=\"async\" loading=\"lazy\" src=\"http:\/\/hibrida.eca.usp.br\/wp-content\/uploads\/2014\/03\/carol-300x232.jpg\" alt=\"carol\" width=\"300\" height=\"232\" class=\"alignnone size-medium wp-image-691\" srcset=\"https:\/\/hibrida.eca.usp.br\/wp-content\/uploads\/2014\/03\/carol-300x232.jpg 300w, https:\/\/hibrida.eca.usp.br\/wp-content\/uploads\/2014\/03\/carol.jpg 619w\" sizes=\"(max-width: 300px) 100vw, 300px\" \/><\/a><\/p>\n<p>Carolina Berger (Madame C. B.) \u00e9 artista multim\u00eddia, Mestre em roteiro e dire\u00e7\u00e3o de document\u00e1rio cinematogr\u00e1fico pela Universidad del Cine (Argentina) e doutoranda no Programa de P\u00f3s-Gradua\u00e7\u00e3o em Meios e Processos Audiovisuais\/ECA-USP. Desenvolve projeto transm\u00eddia &#8220;Live Living Project&#8221; que converge performance, audiovisual, literatura e fotografia. <\/p>\n<p><a href=\"http:\/\/carolinaberger.com.br \" target=\"_blank\">http:\/\/carolinaberger.com.br <\/a><br \/>\n<a href=\"https:\/\/www.facebook.com\/madamecb\" target=\"_blank\">https:\/\/www.facebook.com\/madamecb<\/a> <\/p>\n","protected":false},"excerpt":{"rendered":"<p>Carolina Berger (Madame C. B.) \u00e9 artista multim\u00eddia, Mestre em roteiro e dire\u00e7\u00e3o de document\u00e1rio cinematogr\u00e1fico pela Universidad del Cine (Argentina) e doutoranda no Programa de P\u00f3s-Gradua\u00e7\u00e3o em Meios e Processos Audiovisuais\/ECA-USP. Desenvolve projeto transm\u00eddia &#8220;Live Living Project&#8221; que converge performance, audiovisual, literatura e fotografia. http:\/\/carolinaberger.com.br https:\/\/www.facebook.com\/madamecb<\/p>\n","protected":false},"author":1,"featured_media":0,"parent":60,"menu_order":0,"comment_status":"open","ping_status":"open","template":"","meta":[],"_links":{"self":[{"href":"https:\/\/hibrida.eca.usp.br\/index.php\/wp-json\/wp\/v2\/pages\/690"}],"collection":[{"href":"https:\/\/hibrida.eca.usp.br\/index.php\/wp-json\/wp\/v2\/pages"}],"about":[{"href":"https:\/\/hibrida.eca.usp.br\/index.php\/wp-json\/wp\/v2\/types\/page"}],"author":[{"embeddable":true,"href":"https:\/\/hibrida.eca.usp.br\/index.php\/wp-json\/wp\/v2\/users\/1"}],"replies":[{"embeddable":true,"href":"https:\/\/hibrida.eca.usp.br\/index.php\/wp-json\/wp\/v2\/comments?post=690"}],"version-history":[{"count":1,"href":"https:\/\/hibrida.eca.usp.br\/index.php\/wp-json\/wp\/v2\/pages\/690\/revisions"}],"predecessor-version":[{"id":692,"href":"https:\/\/hibrida.eca.usp.br\/index.php\/wp-json\/wp\/v2\/pages\/690\/revisions\/692"}],"up":[{"embeddable":true,"href":"https:\/\/hibrida.eca.usp.br\/index.php\/wp-json\/wp\/v2\/pages\/60"}],"wp:attachment":[{"href":"https:\/\/hibrida.eca.usp.br\/index.php\/wp-json\/wp\/v2\/media?parent=690"}],"curies":[{"name":"wp","href":"https:\/\/api.w.org\/{rel}","templated":true}]}}