{"id":678,"date":"2014-03-30T21:53:12","date_gmt":"2014-03-31T00:53:12","guid":{"rendered":"http:\/\/hibrida.eca.usp.br\/?page_id=678"},"modified":"2014-03-30T21:53:12","modified_gmt":"2014-03-31T00:53:12","slug":"paulo-schor","status":"publish","type":"page","link":"https:\/\/hibrida.eca.usp.br\/index.php\/equipe\/paulo-schor\/","title":{"rendered":"Paulo Schor"},"content":{"rendered":"<p><a href=\"http:\/\/hibrida.eca.usp.br\/wp-content\/uploads\/2014\/03\/schor.jpg\" class=\"grouped_elements\" rel=\"tc-fancybox-group678\"><img decoding=\"async\" loading=\"lazy\" src=\"http:\/\/hibrida.eca.usp.br\/wp-content\/uploads\/2014\/03\/schor-300x200.jpg\" alt=\"schor\" width=\"300\" height=\"200\" class=\"alignnone size-medium wp-image-679\" srcset=\"https:\/\/hibrida.eca.usp.br\/wp-content\/uploads\/2014\/03\/schor-300x200.jpg 300w, https:\/\/hibrida.eca.usp.br\/wp-content\/uploads\/2014\/03\/schor-1024x683.jpg 1024w, https:\/\/hibrida.eca.usp.br\/wp-content\/uploads\/2014\/03\/schor.jpg 2048w\" sizes=\"(max-width: 300px) 100vw, 300px\" \/><\/a><\/p>\n<p>Paulo Schor \u00e9  Bolsista de Produtividade Desen. Tec. e Extens\u00e3o Inovadora 1Dpelo CNPq. M\u00e9dico formado pela FMRP-USP. Concluiu sua Resid\u00eancia M\u00e9dica em Oftalmologia em 1991 na mesma institui\u00e7\u00e3o, e seu Mestrado (1995), Doutorado (1997) e Livre Doc\u00eancia (2003) pela Universidade Federal de S\u00e3o Paulo (UNIFESP). Atualmente \u00e9 Professor Adjunto Livre-Docente, e Professor dos Cursos de P\u00f3s-Gradua\u00e7\u00e3o dos Departamentos de Inform\u00e1tica em Sa\u00edde e Oftalmologia da UNIFESP. Publicou 109 artigos completos em peri\u00f3dicos especializados e mais de 200 trabalhos em anais de eventos. Possui 22 cap\u00edtulos de livros e 1 livro publicado. Participou do desenvolvimento de 22 produtos tecnol\u00f3gicos, 18 processos ou t\u00e9cnicas inovadoras, 7 softwares (sendo 3 registrados), alem de ter obtido 5 patentes. Recebeu 5 pr\u00eamios e\/ou homenagens. Atua na \u00e1rea de Medicina, com \u00eanfase em \u00d3ptica Fisiol\u00f3gica, Cirurgia Refrativa e Percep\u00e7\u00e3o Visual. Em suas atividades profissionais interagiu com 182 colaboradores em co-autorias de trabalhos cient\u00edficos.<\/p>\n","protected":false},"excerpt":{"rendered":"<p>Paulo Schor \u00e9 Bolsista de Produtividade Desen. Tec. e Extens\u00e3o Inovadora 1Dpelo CNPq. M\u00e9dico formado pela FMRP-USP. Concluiu sua Resid\u00eancia M\u00e9dica em Oftalmologia em 1991 na mesma institui\u00e7\u00e3o, e seu Mestrado (1995), Doutorado (1997) e Livre Doc\u00eancia (2003) pela Universidade Federal de S\u00e3o Paulo (UNIFESP). Atualmente \u00e9 Professor Adjunto Livre-Docente, e Professor dos Cursos de [&hellip;]<\/p>\n","protected":false},"author":1,"featured_media":0,"parent":60,"menu_order":0,"comment_status":"open","ping_status":"open","template":"","meta":[],"_links":{"self":[{"href":"https:\/\/hibrida.eca.usp.br\/index.php\/wp-json\/wp\/v2\/pages\/678"}],"collection":[{"href":"https:\/\/hibrida.eca.usp.br\/index.php\/wp-json\/wp\/v2\/pages"}],"about":[{"href":"https:\/\/hibrida.eca.usp.br\/index.php\/wp-json\/wp\/v2\/types\/page"}],"author":[{"embeddable":true,"href":"https:\/\/hibrida.eca.usp.br\/index.php\/wp-json\/wp\/v2\/users\/1"}],"replies":[{"embeddable":true,"href":"https:\/\/hibrida.eca.usp.br\/index.php\/wp-json\/wp\/v2\/comments?post=678"}],"version-history":[{"count":1,"href":"https:\/\/hibrida.eca.usp.br\/index.php\/wp-json\/wp\/v2\/pages\/678\/revisions"}],"predecessor-version":[{"id":680,"href":"https:\/\/hibrida.eca.usp.br\/index.php\/wp-json\/wp\/v2\/pages\/678\/revisions\/680"}],"up":[{"embeddable":true,"href":"https:\/\/hibrida.eca.usp.br\/index.php\/wp-json\/wp\/v2\/pages\/60"}],"wp:attachment":[{"href":"https:\/\/hibrida.eca.usp.br\/index.php\/wp-json\/wp\/v2\/media?parent=678"}],"curies":[{"name":"wp","href":"https:\/\/api.w.org\/{rel}","templated":true}]}}