{"id":658,"date":"2014-03-28T23:12:20","date_gmt":"2014-03-29T02:12:20","guid":{"rendered":"http:\/\/hibrida.eca.usp.br\/?page_id=658"},"modified":"2014-03-28T23:12:31","modified_gmt":"2014-03-29T02:12:31","slug":"658-2","status":"publish","type":"page","link":"https:\/\/hibrida.eca.usp.br\/index.php\/equipe\/658-2\/","title":{"rendered":"Luis Le\u00e3o"},"content":{"rendered":"<p><a href=\"http:\/\/hibrida.eca.usp.br\/wp-content\/uploads\/2014\/03\/luis_leao.png\" class=\"grouped_elements\" rel=\"tc-fancybox-group658\"><img decoding=\"async\" loading=\"lazy\" src=\"http:\/\/hibrida.eca.usp.br\/wp-content\/uploads\/2014\/03\/luis_leao.png\" alt=\"luis_leao\" width=\"250\" height=\"250\" class=\"alignnone size-full wp-image-659\" srcset=\"https:\/\/hibrida.eca.usp.br\/wp-content\/uploads\/2014\/03\/luis_leao.png 250w, https:\/\/hibrida.eca.usp.br\/wp-content\/uploads\/2014\/03\/luis_leao-150x150.png 150w\" sizes=\"(max-width: 250px) 100vw, 250px\" \/><\/a><\/p>\n<p>Engenheiro de inova\u00e7\u00e3o, atualmente trabalhando como freelancer para desenvolver ideias fact\u00edveis com tecnologia. Contribuidor de projetos de open data, como a comunidade Transpar\u00eancia Hacker, tamb\u00e9m \u00e9 membro do Garoa Hacker Clube, atua no Google Developer Group S\u00e3o Paulo (GDG-SP) e \u00e9 editor da Revista iMasters. Desenvolvedor desde 2000, criou o sms2blog, o primeiro gateway de SMS para Twitter no Brasil, e atuou em ag\u00eancias digitais com marcas como Google, Coca-Cola, Nestl\u00e9, Itaucard, Fiat, GE, Globo Minas, Iveco, Usiminas, Vivo and Yamaha. Entre suas especialidades, est\u00e3o APIs, JavaScript, HTML, sistemas embarcados, Arduino, Python, . Net. .<\/p>\n<p><a href=\"http:\/\/www.linkedin.com\/in\/luisleao\" target=\"_blank\">Linkedin || <a href=\"https:\/\/github.com\/luisleao?tab=repositories\" target=\"_blank\">GitHub<\/a> || <a href=\"https:\/\/twitter.com\/luisleao\" target=\"_blank\">Twitter<\/a> || <a href=\"http:\/\/imasters.com.br\/perfil\/luis-fernando-oliveia-leao\/\" target=\"_blank\">iMasters<\/a><\/a><\/p>\n","protected":false},"excerpt":{"rendered":"<p>Engenheiro de inova\u00e7\u00e3o, atualmente trabalhando como freelancer para desenvolver ideias fact\u00edveis com tecnologia. Contribuidor de projetos de open data, como a comunidade Transpar\u00eancia Hacker, tamb\u00e9m \u00e9 membro do Garoa Hacker Clube, atua no Google Developer Group S\u00e3o Paulo (GDG-SP) e \u00e9 editor da Revista iMasters. Desenvolvedor desde 2000, criou o sms2blog, o primeiro gateway de [&hellip;]<\/p>\n","protected":false},"author":1,"featured_media":0,"parent":60,"menu_order":0,"comment_status":"open","ping_status":"open","template":"","meta":[],"_links":{"self":[{"href":"https:\/\/hibrida.eca.usp.br\/index.php\/wp-json\/wp\/v2\/pages\/658"}],"collection":[{"href":"https:\/\/hibrida.eca.usp.br\/index.php\/wp-json\/wp\/v2\/pages"}],"about":[{"href":"https:\/\/hibrida.eca.usp.br\/index.php\/wp-json\/wp\/v2\/types\/page"}],"author":[{"embeddable":true,"href":"https:\/\/hibrida.eca.usp.br\/index.php\/wp-json\/wp\/v2\/users\/1"}],"replies":[{"embeddable":true,"href":"https:\/\/hibrida.eca.usp.br\/index.php\/wp-json\/wp\/v2\/comments?post=658"}],"version-history":[{"count":2,"href":"https:\/\/hibrida.eca.usp.br\/index.php\/wp-json\/wp\/v2\/pages\/658\/revisions"}],"predecessor-version":[{"id":661,"href":"https:\/\/hibrida.eca.usp.br\/index.php\/wp-json\/wp\/v2\/pages\/658\/revisions\/661"}],"up":[{"embeddable":true,"href":"https:\/\/hibrida.eca.usp.br\/index.php\/wp-json\/wp\/v2\/pages\/60"}],"wp:attachment":[{"href":"https:\/\/hibrida.eca.usp.br\/index.php\/wp-json\/wp\/v2\/media?parent=658"}],"curies":[{"name":"wp","href":"https:\/\/api.w.org\/{rel}","templated":true}]}}