{"id":654,"date":"2014-03-28T23:08:10","date_gmt":"2014-03-29T02:08:10","guid":{"rendered":"http:\/\/hibrida.eca.usp.br\/?page_id=654"},"modified":"2014-03-28T23:08:10","modified_gmt":"2014-03-29T02:08:10","slug":"danilo-barauna","status":"publish","type":"page","link":"https:\/\/hibrida.eca.usp.br\/index.php\/equipe\/danilo-barauna\/","title":{"rendered":"Danilo Bara\u00fana"},"content":{"rendered":"<p><a href=\"http:\/\/hibrida.eca.usp.br\/wp-content\/uploads\/2014\/03\/danilo_barauna.jpg\" class=\"grouped_elements\" rel=\"tc-fancybox-group654\"><img decoding=\"async\" loading=\"lazy\" src=\"http:\/\/hibrida.eca.usp.br\/wp-content\/uploads\/2014\/03\/danilo_barauna-298x300.jpg\" alt=\"danilo_barauna\" width=\"298\" height=\"300\" class=\"alignnone size-medium wp-image-655\" srcset=\"https:\/\/hibrida.eca.usp.br\/wp-content\/uploads\/2014\/03\/danilo_barauna-298x300.jpg 298w, https:\/\/hibrida.eca.usp.br\/wp-content\/uploads\/2014\/03\/danilo_barauna-150x150.jpg 150w, https:\/\/hibrida.eca.usp.br\/wp-content\/uploads\/2014\/03\/danilo_barauna-1017x1024.jpg 1017w, https:\/\/hibrida.eca.usp.br\/wp-content\/uploads\/2014\/03\/danilo_barauna.jpg 1134w\" sizes=\"(max-width: 298px) 100vw, 298px\" \/><\/a><\/p>\n<p>Mestrando do Programa de P\u00f3s-Gradua\u00e7\u00e3o em Meios e Processos Audiovisuais, linha de pesquisa Po\u00e9ticas e T\u00e9cnicas, na Escola de Comunica\u00e7\u00f5es e Artes da Universidade de S\u00e3o Paulo. Especialista em Estudos Lingu\u00edsticos e An\u00e1lise Liter\u00e1ria pela Universidade do Estado do Par\u00e1. Bacharel e Licenciado em Artes Visuais pela Universidade Federal do Par\u00e1 (UFPA). Foi professor substituto de Artes Visuais da Educa\u00e7\u00e3o B\u00e1sica, T\u00e9cnica e Tecnol\u00f3gica na Escola de Aplica\u00e7\u00e3o da Universidade Federal do Par\u00e1, onde atuou no Ensino Fundamental e M\u00e9dio e como docente e diretor do Videoclube EAUFPA. Professor colaborador do Plano Nacional para Forma\u00e7\u00e3o de Professores da Educa\u00e7\u00e3o B\u00e1sica (PARFOR &#8211; CAPES) da UFPA. Exp\u00f4s trabalhos em fotografia, pintura e v\u00eddeo em exposi\u00e7\u00f5es como Sal\u00e3o SESC Universit\u00e1rio de Arte Contempor\u00e2nea, Mostras de Artes Visuais e Mostras de Audiovisual dos Encontros Nacionais dos Estudantes de Arte, Sal\u00f5es de Arte do Centro Cultural Brasil-EstadosUnidos, Mostra de Artes Visuais da VI Bienal de Cultura da Uni\u00e3o Nacional dos Estudantes \/ 1\u00aa Trienal Latino-americana de Estudantes da OCLAE e Mostra Internacional de Videodan\u00e7a na Amaz\u00f4nia. Publicou artigos sobre imagem, videoarte, arte contempor\u00e2nea, instala\u00e7\u00e3o e ensino de arte e audiovisual em eventos cient\u00edficos nacionais e internacionais. Interesses de pesquisa em videoarte (cr\u00edtica e produ\u00e7\u00e3o), rela\u00e7\u00f5es v\u00eddeo e espa\u00e7o, semi\u00f3tica, ensino de arte e audiovisual e pesquisa e forma\u00e7\u00e3o de acervos de arte contempor\u00e2nea.<\/p>\n","protected":false},"excerpt":{"rendered":"<p>Mestrando do Programa de P\u00f3s-Gradua\u00e7\u00e3o em Meios e Processos Audiovisuais, linha de pesquisa Po\u00e9ticas e T\u00e9cnicas, na Escola de Comunica\u00e7\u00f5es e Artes da Universidade de S\u00e3o Paulo. Especialista em Estudos Lingu\u00edsticos e An\u00e1lise Liter\u00e1ria pela Universidade do Estado do Par\u00e1. Bacharel e Licenciado em Artes Visuais pela Universidade Federal do Par\u00e1 (UFPA). Foi professor substituto [&hellip;]<\/p>\n","protected":false},"author":1,"featured_media":0,"parent":60,"menu_order":0,"comment_status":"open","ping_status":"open","template":"","meta":[],"_links":{"self":[{"href":"https:\/\/hibrida.eca.usp.br\/index.php\/wp-json\/wp\/v2\/pages\/654"}],"collection":[{"href":"https:\/\/hibrida.eca.usp.br\/index.php\/wp-json\/wp\/v2\/pages"}],"about":[{"href":"https:\/\/hibrida.eca.usp.br\/index.php\/wp-json\/wp\/v2\/types\/page"}],"author":[{"embeddable":true,"href":"https:\/\/hibrida.eca.usp.br\/index.php\/wp-json\/wp\/v2\/users\/1"}],"replies":[{"embeddable":true,"href":"https:\/\/hibrida.eca.usp.br\/index.php\/wp-json\/wp\/v2\/comments?post=654"}],"version-history":[{"count":1,"href":"https:\/\/hibrida.eca.usp.br\/index.php\/wp-json\/wp\/v2\/pages\/654\/revisions"}],"predecessor-version":[{"id":656,"href":"https:\/\/hibrida.eca.usp.br\/index.php\/wp-json\/wp\/v2\/pages\/654\/revisions\/656"}],"up":[{"embeddable":true,"href":"https:\/\/hibrida.eca.usp.br\/index.php\/wp-json\/wp\/v2\/pages\/60"}],"wp:attachment":[{"href":"https:\/\/hibrida.eca.usp.br\/index.php\/wp-json\/wp\/v2\/media?parent=654"}],"curies":[{"name":"wp","href":"https:\/\/api.w.org\/{rel}","templated":true}]}}