{"id":608,"date":"2014-03-16T18:05:16","date_gmt":"2014-03-16T21:05:16","guid":{"rendered":"http:\/\/hibrida.eca.usp.br\/?page_id=608"},"modified":"2014-06-15T02:12:59","modified_gmt":"2014-06-15T05:12:59","slug":"apresentacao","status":"publish","type":"page","link":"https:\/\/hibrida.eca.usp.br\/","title":{"rendered":"Sobre H\u00edbrida"},"content":{"rendered":"<p>SOBRE O PROJETO<\/p>\n<p>A expans\u00e3o da percep\u00e7\u00e3o humana, tais como vis\u00e3o, audi\u00e7\u00e3o e tato e a explora\u00e7\u00e3o de t\u00e9cnicas para gerar conex\u00f5es entre corpo e tecnologia adquirem um n\u00edvel de experimenta\u00e7\u00e3o tecnol\u00f3gica e reflex\u00e3o art\u00edstica em &#8220;Hibrida: prototipagem experimental de ampliadores de percep\u00e7\u00e3o&#8221;.<\/p>\n<p>Este projeto fomenta a produ\u00e7\u00e3o e inova\u00e7\u00e3o tecnol\u00f3gica com os recursos que temos dispon\u00edveis hoje em dia. \u00c9 um projeto de encontros, conex\u00f5es entre: cria\u00e7\u00e3o de prot\u00f3tipos em laborat\u00f3rio de eletr\u00f4nica experimental; conversas sobre arte, ci\u00eancias e (bio)tecnologia; e pr\u00e1tica de percep\u00e7\u00e3o corporal com os dispositivos ampliadores de percep\u00e7\u00e3o constru\u00eddos no laborat\u00f3rio de prototipagem.<\/p>\n<p>O projeto come\u00e7a no Brasil (USP Universidade de S\u00e3o Paulo entre 17 de mar\u00e7o e 30 de abril de 2014) e encerra no M\u00e9xico (UNAM Universidad Nacional Aut\u00f3noma de M\u00e9xico entre 12 de maio e 28 de junho).<\/p>\n<p>Criar conex\u00f5es, aumentar a pot\u00eancia das id\u00e9ias propostas, discutir o papel do corpo em meio \u00e0s inova\u00e7\u00f5es (bio)tecnol\u00f3gicas s\u00e3o pontos fundamentais para o projeto.<\/p>\n<p>A parte te\u00f3rica do projeto \u00e9 composta por palestras abertas e as atividades de laborat\u00f3rio e oficinas ser\u00e3o limitadas (por uma quest\u00e3o de espa\u00e7o) aos participantes que se inscreverem em convocat\u00f3ria p\u00fablica. Pode-se acompanhar o desenvolvimento dos projetos na <a href=\"https:\/\/garoa.net.br\/wiki\/Hibrida\" target=\"_blank\">Wiki<\/a> e no <a href=\"http:\/\/hibrida.eca.usp.br\/index.php\/projetos-selecionados\/\" target=\"_blank\">Blog dos projetos<\/a>.<\/p>\n<p>As atividades te\u00f3ricas s\u00e3o apoio para o laborat\u00f3rio e um lugar para que estes encontros possam se aprofundar de forma t\u00e9cnica e po\u00e9tica. \u00c9 um desafio juntar profissionais t\u00e3o distintos em um mesmo projeto; \u00e9 ousado porque nos tira de nossas zonas de conforto, nos impulsionando para ir al\u00e9m de nossas expectativas.<\/p>\n<p>Todos s\u00e3o bem vindos.<\/p>\n<p>Acompanhe nosso <a href=\"http:\/\/hibrida.eca.usp.br\/index.php\/calendario-2\/\">calend\u00e1rio<\/a>.<\/p>\n<p>&nbsp;<\/p>\n<p style=\"text-align: center;\"><span style=\"color: #7323b2;\"><strong>D\u00favidas? Sugest\u00f5es? Envie para projeto.hibrida@gmail.com<\/strong><\/span><\/p>\n","protected":false},"excerpt":{"rendered":"<p>SOBRE O PROJETO A expans\u00e3o da percep\u00e7\u00e3o humana, tais como vis\u00e3o, audi\u00e7\u00e3o e tato e a explora\u00e7\u00e3o de t\u00e9cnicas para gerar conex\u00f5es entre corpo e tecnologia adquirem um n\u00edvel de experimenta\u00e7\u00e3o tecnol\u00f3gica e reflex\u00e3o art\u00edstica em &#8220;Hibrida: prototipagem experimental de ampliadores de percep\u00e7\u00e3o&#8221;. Este projeto fomenta a produ\u00e7\u00e3o e inova\u00e7\u00e3o tecnol\u00f3gica com os recursos que [&hellip;]<\/p>\n","protected":false},"author":1,"featured_media":0,"parent":0,"menu_order":0,"comment_status":"open","ping_status":"open","template":"","meta":[],"_links":{"self":[{"href":"https:\/\/hibrida.eca.usp.br\/index.php\/wp-json\/wp\/v2\/pages\/608"}],"collection":[{"href":"https:\/\/hibrida.eca.usp.br\/index.php\/wp-json\/wp\/v2\/pages"}],"about":[{"href":"https:\/\/hibrida.eca.usp.br\/index.php\/wp-json\/wp\/v2\/types\/page"}],"author":[{"embeddable":true,"href":"https:\/\/hibrida.eca.usp.br\/index.php\/wp-json\/wp\/v2\/users\/1"}],"replies":[{"embeddable":true,"href":"https:\/\/hibrida.eca.usp.br\/index.php\/wp-json\/wp\/v2\/comments?post=608"}],"version-history":[{"count":26,"href":"https:\/\/hibrida.eca.usp.br\/index.php\/wp-json\/wp\/v2\/pages\/608\/revisions"}],"predecessor-version":[{"id":1030,"href":"https:\/\/hibrida.eca.usp.br\/index.php\/wp-json\/wp\/v2\/pages\/608\/revisions\/1030"}],"wp:attachment":[{"href":"https:\/\/hibrida.eca.usp.br\/index.php\/wp-json\/wp\/v2\/media?parent=608"}],"curies":[{"name":"wp","href":"https:\/\/api.w.org\/{rel}","templated":true}]}}