{"id":565,"date":"2014-02-26T12:33:53","date_gmt":"2014-02-26T15:33:53","guid":{"rendered":"http:\/\/hibrida.eca.usp.br\/?page_id=565"},"modified":"2014-03-30T22:17:11","modified_gmt":"2014-03-31T01:17:11","slug":"arturo-forner-cordero","status":"publish","type":"page","link":"https:\/\/hibrida.eca.usp.br\/index.php\/equipe\/arturo-forner-cordero\/","title":{"rendered":"Arturo Forner-Cordero"},"content":{"rendered":"<p><a href=\"http:\/\/hibrida.eca.usp.br\/wp-content\/uploads\/2014\/02\/AFC_MITTR35.jpg\" class=\"grouped_elements\" rel=\"tc-fancybox-group565\"><img decoding=\"async\" loading=\"lazy\" src=\"http:\/\/hibrida.eca.usp.br\/wp-content\/uploads\/2014\/02\/AFC_MITTR35-300x285.jpg\" alt=\"AFC_MITTR35\" width=\"300\" height=\"285\" class=\"alignnone size-medium wp-image-700\" srcset=\"https:\/\/hibrida.eca.usp.br\/wp-content\/uploads\/2014\/02\/AFC_MITTR35-300x285.jpg 300w, https:\/\/hibrida.eca.usp.br\/wp-content\/uploads\/2014\/02\/AFC_MITTR35-1024x974.jpg 1024w, https:\/\/hibrida.eca.usp.br\/wp-content\/uploads\/2014\/02\/AFC_MITTR35.jpg 1578w\" sizes=\"(max-width: 300px) 100vw, 300px\" \/><\/a><\/p>\n<p>O Prof Arturo Forner-Cordero, se formou em Ingenier\u00eda Superior de Telecomunicaciones pela Universidade Polit\u00e9cnica de Valencia, Espanha (1992), doutorado em Mechanical Engineering (Biomechanics) pela Twente University of Technology nos Pa\u00edses Baixos (2003) e p\u00f3s-doutorado na Katholieke Universiteit Leuven em B\u00e9lgica (2005). Em 2006 ganhou uma prestigiosa vaga do programa Ram\u00f3n y Cajal para o Consejo Superior de Investigaciones Cient\u00edficas em Espanha. Atualmente \u00e9 Professor Livre-Docente na Escola Polit\u00e9cnica da Universidade de S\u00e3o Paulo, e dirige o Laborat\u00f3rio de Biomecatr\u00f4nica do Departamento de Engenharia Mecatr\u00f4nica e Sistemas Mec\u00e2nicos. Suas linhas de atua\u00e7\u00e3o em pesquisa e desenvolvimento tecnol\u00f3gico envolvem os seguintes temas: Biomecatr\u00f4nica, Biomec\u00e2nica, Biorob\u00f4tica e Controle Motor. Publicou mais de 25 artigos cient\u00edficos em revistas internacionais e foi co-autor de 10 livros al\u00e9m de participar em m\u00faltiplos congressos como palestrante, convidado ou organizador. Foi coordenador cientifico do projeto europeu ESBiRRo desenvolvendo o controle da marcha de um rob\u00f4 b\u00edpede e um exoesqueleto de membro inferior. Orientou v\u00e1rios alunos de formatura, mestrado e uma tese doutoral sobre o estudo do controle motor por meio de exoesqueletos. Atualmente coordena varios projetos para o estudo do controle motor dos membros superiores (FAPESP) e inferiores (CNPq) al\u00e9m de participar no Nucleo de Apoio a Pesquisa da USP N\u00facleo de Estudos Avan\u00e7ados em Reabilita\u00e7\u00e3o (NEAR). Tambem \u00e9 o Chairman do congresso BioRob2014<\/p>\n<p> <a href=\"http:\/\/sites.poli.usp.br\/p\/arturo.forner\/\" target=\"_blank\">http:\/\/sites.poli.usp.br\/p\/arturo.forner\/<\/a><br \/>\n<a href=\" www.biorob2014.org \" target=\"_blank\"> www.biorob2014.org <\/a><br \/>\n<a href=\"http:\/\/sites.poli.usp.br\/pmr\/biomecatronica\/\" target=\"_blank\">http:\/\/sites.poli.usp.br\/pmr\/biomecatronica\/<\/a><\/p>\n","protected":false},"excerpt":{"rendered":"<p>O Prof Arturo Forner-Cordero, se formou em Ingenier\u00eda Superior de Telecomunicaciones pela Universidade Polit\u00e9cnica de Valencia, Espanha (1992), doutorado em Mechanical Engineering (Biomechanics) pela Twente University of Technology nos Pa\u00edses Baixos (2003) e p\u00f3s-doutorado na Katholieke Universiteit Leuven em B\u00e9lgica (2005). Em 2006 ganhou uma prestigiosa vaga do programa Ram\u00f3n y Cajal para o Consejo [&hellip;]<\/p>\n","protected":false},"author":1,"featured_media":0,"parent":60,"menu_order":0,"comment_status":"open","ping_status":"open","template":"","meta":[],"_links":{"self":[{"href":"https:\/\/hibrida.eca.usp.br\/index.php\/wp-json\/wp\/v2\/pages\/565"}],"collection":[{"href":"https:\/\/hibrida.eca.usp.br\/index.php\/wp-json\/wp\/v2\/pages"}],"about":[{"href":"https:\/\/hibrida.eca.usp.br\/index.php\/wp-json\/wp\/v2\/types\/page"}],"author":[{"embeddable":true,"href":"https:\/\/hibrida.eca.usp.br\/index.php\/wp-json\/wp\/v2\/users\/1"}],"replies":[{"embeddable":true,"href":"https:\/\/hibrida.eca.usp.br\/index.php\/wp-json\/wp\/v2\/comments?post=565"}],"version-history":[{"count":5,"href":"https:\/\/hibrida.eca.usp.br\/index.php\/wp-json\/wp\/v2\/pages\/565\/revisions"}],"predecessor-version":[{"id":701,"href":"https:\/\/hibrida.eca.usp.br\/index.php\/wp-json\/wp\/v2\/pages\/565\/revisions\/701"}],"up":[{"embeddable":true,"href":"https:\/\/hibrida.eca.usp.br\/index.php\/wp-json\/wp\/v2\/pages\/60"}],"wp:attachment":[{"href":"https:\/\/hibrida.eca.usp.br\/index.php\/wp-json\/wp\/v2\/media?parent=565"}],"curies":[{"name":"wp","href":"https:\/\/api.w.org\/{rel}","templated":true}]}}