{"id":557,"date":"2014-02-26T12:26:23","date_gmt":"2014-02-26T15:26:23","guid":{"rendered":"http:\/\/hibrida.eca.usp.br\/?page_id=557"},"modified":"2014-04-02T21:43:01","modified_gmt":"2014-04-03T00:43:01","slug":"fernando-velazquez","status":"publish","type":"page","link":"https:\/\/hibrida.eca.usp.br\/index.php\/equipe\/fernando-velazquez\/","title":{"rendered":"Fernando Vel\u00e1zquez"},"content":{"rendered":"<div id=\"attachment_753\" style=\"width: 310px\" class=\"wp-caption alignnone\"><a href=\"http:\/\/hibrida.eca.usp.br\/wp-content\/uploads\/2014\/02\/F_V.png\" class=\"grouped_elements\" rel=\"tc-fancybox-group557\"><img aria-describedby=\"caption-attachment-753\" decoding=\"async\" loading=\"lazy\" src=\"http:\/\/hibrida.eca.usp.br\/wp-content\/uploads\/2014\/02\/F_V-300x300.png\" alt=\"Fernando Velazquez\" width=\"300\" height=\"300\" class=\"size-medium wp-image-753\" srcset=\"https:\/\/hibrida.eca.usp.br\/wp-content\/uploads\/2014\/02\/F_V-300x300.png 300w, https:\/\/hibrida.eca.usp.br\/wp-content\/uploads\/2014\/02\/F_V-150x150.png 150w, https:\/\/hibrida.eca.usp.br\/wp-content\/uploads\/2014\/02\/F_V.png 500w\" sizes=\"(max-width: 300px) 100vw, 300px\" \/><\/a><p id=\"caption-attachment-753\" class=\"wp-caption-text\">Fernando Velazquez<\/p><\/div>\n<p>Fernando Vel\u00e1zquez \u00e9 artista multidisciplinar. Suas obras incluem v\u00eddeos, instala\u00e7\u00f5es e objetos interativos, e performances audiovisuais. Doutorando em Comunica\u00e7\u00e3o e semi\u00f3tica pela PUC-SP, participa de exposi\u00e7\u00f5es no Brasil e no exterior com destaque para a Emo\u00e7\u00e3o Art.ficial Bienal de Arte e Tecnologia (Brasil, 2012), Bienal de Cerveira (Portugal, 2013 e 2011), Mapping Festival (Su\u00ed\u00e7a, 2011), WRO Biennale (Pol\u00f4nia 2011), On_off (Brasil, 2011), Bienal do Mercosul (Brasil, 2009), Bienal de Tessal\u00f4nica (Gr\u00e9cia, 2009), Bienal Ventosul (2009), e o Pocket Film Festival no Centro Pompidou (Paris, 2007). Obteve dentre outros o Premio Sergio Motta de Arte e Tecnologia (Brasil, 2009), M\u00eddias Locativas Arte.Mov (Brasil, 2008),  \u201c2008, Culturas\u201d e o Vida Artificial (ambos na Espanha, 2008). Foi curador do Motomix 2007, Papermind Brasil, Dorkbot S\u00e3o Paulo e do Projeto !wr?. Professor da PUC_SP, vive e trabalha em S\u00e3o Paulo.<\/p>\n<p><a href=\"http:\/\/www.blogart.com\/\" target=\"_blank\">http:\/\/www.blogart.com\/<\/a><\/p>\n","protected":false},"excerpt":{"rendered":"<p>Fernando Vel\u00e1zquez \u00e9 artista multidisciplinar. Suas obras incluem v\u00eddeos, instala\u00e7\u00f5es e objetos interativos, e performances audiovisuais. Doutorando em Comunica\u00e7\u00e3o e semi\u00f3tica pela PUC-SP, participa de exposi\u00e7\u00f5es no Brasil e no exterior com destaque para a Emo\u00e7\u00e3o Art.ficial Bienal de Arte e Tecnologia (Brasil, 2012), Bienal de Cerveira (Portugal, 2013 e 2011), Mapping Festival (Su\u00ed\u00e7a, 2011), [&hellip;]<\/p>\n","protected":false},"author":1,"featured_media":0,"parent":60,"menu_order":0,"comment_status":"open","ping_status":"open","template":"","meta":[],"_links":{"self":[{"href":"https:\/\/hibrida.eca.usp.br\/index.php\/wp-json\/wp\/v2\/pages\/557"}],"collection":[{"href":"https:\/\/hibrida.eca.usp.br\/index.php\/wp-json\/wp\/v2\/pages"}],"about":[{"href":"https:\/\/hibrida.eca.usp.br\/index.php\/wp-json\/wp\/v2\/types\/page"}],"author":[{"embeddable":true,"href":"https:\/\/hibrida.eca.usp.br\/index.php\/wp-json\/wp\/v2\/users\/1"}],"replies":[{"embeddable":true,"href":"https:\/\/hibrida.eca.usp.br\/index.php\/wp-json\/wp\/v2\/comments?post=557"}],"version-history":[{"count":2,"href":"https:\/\/hibrida.eca.usp.br\/index.php\/wp-json\/wp\/v2\/pages\/557\/revisions"}],"predecessor-version":[{"id":754,"href":"https:\/\/hibrida.eca.usp.br\/index.php\/wp-json\/wp\/v2\/pages\/557\/revisions\/754"}],"up":[{"embeddable":true,"href":"https:\/\/hibrida.eca.usp.br\/index.php\/wp-json\/wp\/v2\/pages\/60"}],"wp:attachment":[{"href":"https:\/\/hibrida.eca.usp.br\/index.php\/wp-json\/wp\/v2\/media?parent=557"}],"curies":[{"name":"wp","href":"https:\/\/api.w.org\/{rel}","templated":true}]}}