{"id":549,"date":"2014-02-26T12:21:38","date_gmt":"2014-02-26T15:21:38","guid":{"rendered":"http:\/\/hibrida.eca.usp.br\/?page_id=549"},"modified":"2014-04-01T11:41:11","modified_gmt":"2014-04-01T14:41:11","slug":"rodrigo-rezende","status":"publish","type":"page","link":"https:\/\/hibrida.eca.usp.br\/index.php\/equipe\/rodrigo-rezende\/","title":{"rendered":"Rodrigo Rezende"},"content":{"rendered":"<p><a href=\"http:\/\/hibrida.eca.usp.br\/wp-content\/uploads\/2014\/02\/rodrigo.jpg\" class=\"grouped_elements\" rel=\"tc-fancybox-group549\"><img decoding=\"async\" loading=\"lazy\" src=\"http:\/\/hibrida.eca.usp.br\/wp-content\/uploads\/2014\/02\/rodrigo.jpg\" alt=\"rodrigo\" width=\"273\" height=\"268\" class=\"alignnone size-full wp-image-708\" \/><\/a><\/p>\n<p>Rodrigo Rezende de Souza cursou Tecnologia em Jogos Digitais na Universidade Cruzeiro do Sul. Atua como Designer de Programa\u00e7\u00e3o do Coletivo RE(C)organize e desenvolve pesquisas de interatividade em multim\u00eddia e rob\u00f3tica com software e hardware livres, desenvolveu a ferramenta RE(C)Lux com base na linguagem Pure Data, para v\u00eddeo proje\u00e7\u00e3o mapeada interativa. Participa do grupo de pesquisa GIIP do Instituto de Artes da Unesp e atualmente, pesquisa interatividade entre \u00e1udio e video, em tempo real, junto com a artista Stela Campos.<\/p>\n","protected":false},"excerpt":{"rendered":"<p>Rodrigo Rezende de Souza cursou Tecnologia em Jogos Digitais na Universidade Cruzeiro do Sul. Atua como Designer de Programa\u00e7\u00e3o do Coletivo RE(C)organize e desenvolve pesquisas de interatividade em multim\u00eddia e rob\u00f3tica com software e hardware livres, desenvolveu a ferramenta RE(C)Lux com base na linguagem Pure Data, para v\u00eddeo proje\u00e7\u00e3o mapeada interativa. Participa do grupo de [&hellip;]<\/p>\n","protected":false},"author":1,"featured_media":0,"parent":60,"menu_order":0,"comment_status":"open","ping_status":"open","template":"","meta":[],"_links":{"self":[{"href":"https:\/\/hibrida.eca.usp.br\/index.php\/wp-json\/wp\/v2\/pages\/549"}],"collection":[{"href":"https:\/\/hibrida.eca.usp.br\/index.php\/wp-json\/wp\/v2\/pages"}],"about":[{"href":"https:\/\/hibrida.eca.usp.br\/index.php\/wp-json\/wp\/v2\/types\/page"}],"author":[{"embeddable":true,"href":"https:\/\/hibrida.eca.usp.br\/index.php\/wp-json\/wp\/v2\/users\/1"}],"replies":[{"embeddable":true,"href":"https:\/\/hibrida.eca.usp.br\/index.php\/wp-json\/wp\/v2\/comments?post=549"}],"version-history":[{"count":2,"href":"https:\/\/hibrida.eca.usp.br\/index.php\/wp-json\/wp\/v2\/pages\/549\/revisions"}],"predecessor-version":[{"id":709,"href":"https:\/\/hibrida.eca.usp.br\/index.php\/wp-json\/wp\/v2\/pages\/549\/revisions\/709"}],"up":[{"embeddable":true,"href":"https:\/\/hibrida.eca.usp.br\/index.php\/wp-json\/wp\/v2\/pages\/60"}],"wp:attachment":[{"href":"https:\/\/hibrida.eca.usp.br\/index.php\/wp-json\/wp\/v2\/media?parent=549"}],"curies":[{"name":"wp","href":"https:\/\/api.w.org\/{rel}","templated":true}]}}