{"id":54,"date":"2014-01-22T19:05:01","date_gmt":"2014-01-22T22:05:01","guid":{"rendered":"http:\/\/hibrida.eca.usp.br\/?page_id=54"},"modified":"2014-06-07T14:34:38","modified_gmt":"2014-06-07T17:34:38","slug":"banco-de-projetos-2","status":"publish","type":"page","link":"https:\/\/hibrida.eca.usp.br\/index.php\/referencias-conceituais\/banco-de-projetos-2\/","title":{"rendered":"Projetos que nos Inspiram"},"content":{"rendered":"<p>Selecionamos aqui alguns projetos com informa\u00e7\u00f5es e c\u00f3digos abertos que podem servir como inspira\u00e7\u00e3o para sua id\u00e9ia de acoplamentos expansores de percep\u00e7\u00e3o. <\/p>\n<p><iframe loading=\"lazy\" width=\"720\" height=\"405\" src=\"http:\/\/www.youtube.com\/embed\/OSgpj7lsPoo?feature=oembed\" frameborder=\"0\" allowfullscreen><\/iframe><\/p>\n<div id=\"attachment_13\" style=\"width: 160px\" class=\"wp-caption alignleft\"><a href=\"http:\/\/hibrida.eca.usp.br\/?page_id=80\"><img aria-describedby=\"caption-attachment-13\" decoding=\"async\" loading=\"lazy\" class=\"size-thumbnail wp-image-13 \" alt=\"01_eyewriter\" src=\"http:\/\/hibrida.eca.usp.br\/wp-content\/uploads\/2014\/01\/01_eyewriter-150x150.jpg\" class=\"grouped_elements\" rel=\"tc-fancybox-group54\" width=\"150\" height=\"150\" \/><\/a><p id=\"caption-attachment-13\" class=\"wp-caption-text\">The Eye Writer<\/p><\/div>\n<div id=\"attachment_31\" style=\"width: 160px\" class=\"wp-caption alignleft\"><a href=\"http:\/\/hibrida.eca.usp.br\/?page_id=85\"><img aria-describedby=\"caption-attachment-31\" decoding=\"async\" loading=\"lazy\" class=\"size-thumbnail wp-image-31 \" alt=\"19_eido\" src=\"http:\/\/hibrida.eca.usp.br\/wp-content\/uploads\/2014\/01\/19_eido-150x150.jpg\" class=\"grouped_elements\" rel=\"tc-fancybox-group54\" width=\"150\" height=\"150\" \/><\/a><p id=\"caption-attachment-31\" class=\"wp-caption-text\">Ampliador de Percep\u00e7\u00e3o<\/p><\/div>\n<div id=\"attachment_167\" style=\"width: 160px\" class=\"wp-caption alignleft\"><a href=\"http:\/\/hibrida.eca.usp.br\/?page_id=168\"><img aria-describedby=\"caption-attachment-167\" decoding=\"async\" loading=\"lazy\" class=\"size-thumbnail wp-image-167  \" alt=\"23_diyspacesuit\" src=\"http:\/\/hibrida.eca.usp.br\/wp-content\/uploads\/2014\/01\/23_diyspacesuit-150x150.jpg\" class=\"grouped_elements\" rel=\"tc-fancybox-group54\" width=\"150\" height=\"150\" \/><\/a><p id=\"caption-attachment-167\" class=\"wp-caption-text\">DIY SpaceSuit<\/p><\/div>\n<div id=\"attachment_798\" style=\"width: 160px\" class=\"wp-caption alignleft\"><a href=\"http:\/\/hibrida.eca.usp.br\/index.php\/banco-de-projetos-2\/gender-swap\/\"><img aria-describedby=\"caption-attachment-798\" decoding=\"async\" loading=\"lazy\" class=\"size-thumbnail wp-image-798  \" alt=\"Gender Swap\" src=\"http:\/\/hibrida.eca.usp.br\/wp-content\/uploads\/2014\/01\/gender-swap-150x150.jpg\" class=\"grouped_elements\" rel=\"tc-fancybox-group54\" width=\"150\" height=\"150\" \/><\/a><p id=\"caption-attachment-798\" class=\"wp-caption-text\">Gender Swap<\/p><\/div>\n<div id=\"attachment_14\" style=\"width: 160px\" class=\"wp-caption alignleft\"><a href=\"http:\/\/hibrida.eca.usp.br\/?page_id=89\"><img aria-describedby=\"caption-attachment-14\" decoding=\"async\" loading=\"lazy\" class=\"size-thumbnail wp-image-14 \" alt=\"02_eyes-behind-glasses\" src=\"http:\/\/hibrida.eca.usp.br\/wp-content\/uploads\/2014\/01\/02_eyes-behind-glasses-150x150.png\" class=\"grouped_elements\" rel=\"tc-fancybox-group54\" width=\"150\" height=\"150\" \/><\/a><p id=\"caption-attachment-14\" class=\"wp-caption-text\">Olho nas Costas<\/p><\/div>\n<div id=\"attachment_94\" style=\"width: 160px\" class=\"wp-caption alignleft\"><a href=\"http:\/\/hibrida.eca.usp.br\/?page_id=95\"><img aria-describedby=\"caption-attachment-94\" decoding=\"async\" loading=\"lazy\" class=\"size-thumbnail wp-image-94 \" alt=\"20_touchy\" src=\"http:\/\/hibrida.eca.usp.br\/wp-content\/uploads\/2014\/01\/20_touchy-150x150.jpg\" class=\"grouped_elements\" rel=\"tc-fancybox-group54\" width=\"150\" height=\"150\" \/><\/a><p id=\"caption-attachment-94\" class=\"wp-caption-text\">Toque para se comunicar<\/p><\/div>\n<div id=\"attachment_32\" style=\"width: 160px\" class=\"wp-caption alignleft\"><a href=\"http:\/\/hibrida.eca.usp.br\/?page_id=97 \"><img aria-describedby=\"caption-attachment-32\" decoding=\"async\" loading=\"lazy\" class=\"size-thumbnail wp-image-32 \" alt=\"20_decelerator-helmet-52\" src=\"http:\/\/hibrida.eca.usp.br\/wp-content\/uploads\/2014\/01\/20_decelerator-helmet-52-150x150.jpg\" class=\"grouped_elements\" rel=\"tc-fancybox-group54\" width=\"150\" height=\"150\" \/><\/a><p id=\"caption-attachment-32\" class=\"wp-caption-text\">Desacelerador de Vis\u00e3o<\/p><\/div>\n<div id=\"attachment_15\" style=\"width: 160px\" class=\"wp-caption alignleft\"><a href=\"http:\/\/hibrida.eca.usp.br\/?page_id=99\"><img aria-describedby=\"caption-attachment-15\" decoding=\"async\" loading=\"lazy\" class=\"size-thumbnail wp-image-15  \" alt=\"03_Constant-Temperature-coat\" src=\"http:\/\/hibrida.eca.usp.br\/wp-content\/uploads\/2014\/01\/03_Constant-Temperature-coat-150x150.png\" class=\"grouped_elements\" rel=\"tc-fancybox-group54\" width=\"150\" height=\"150\" \/><\/a><p id=\"caption-attachment-15\" class=\"wp-caption-text\">Temperatura constante<\/p><\/div>\n<div id=\"attachment_16\" style=\"width: 160px\" class=\"wp-caption alignleft\"><a href=\"http:\/\/hibrida.eca.usp.br\/?page_id=101 \"><img aria-describedby=\"caption-attachment-16\" decoding=\"async\" loading=\"lazy\" class=\"size-thumbnail wp-image-16 \" alt=\"04_armpit-pads\" src=\"http:\/\/hibrida.eca.usp.br\/wp-content\/uploads\/2014\/01\/04_armpit-pads-150x150.png\" class=\"grouped_elements\" rel=\"tc-fancybox-group54\" width=\"150\" height=\"150\" \/><\/a><p id=\"caption-attachment-16\" class=\"wp-caption-text\">Absorvente para axilas<\/p><\/div>\n<div id=\"attachment_17\" style=\"width: 160px\" class=\"wp-caption alignleft\"><a href=\"http:\/\/hibrida.eca.usp.br\/?page_id=103\"><img aria-describedby=\"caption-attachment-17\" decoding=\"async\" loading=\"lazy\" class=\"size-thumbnail wp-image-17 \" alt=\"05_x-men-magneto\" src=\"http:\/\/hibrida.eca.usp.br\/wp-content\/uploads\/2014\/01\/05_x-men-magneto-150x150.jpg\" class=\"grouped_elements\" rel=\"tc-fancybox-group54\" width=\"150\" height=\"150\" \/><\/a><p id=\"caption-attachment-17\" class=\"wp-caption-text\">Luva para levita\u00e7\u00e3o<\/p><\/div>\n<div id=\"attachment_18\" style=\"width: 160px\" class=\"wp-caption alignleft\"><a href=\"http:\/\/hibrida.eca.usp.br\/?page_id=106\"><img aria-describedby=\"caption-attachment-18\" decoding=\"async\" loading=\"lazy\" class=\"size-thumbnail wp-image-18 \" alt=\"06_thermal_mini1\" src=\"http:\/\/hibrida.eca.usp.br\/wp-content\/uploads\/2014\/01\/06_thermal_mini1-150x150.jpg\" class=\"grouped_elements\" rel=\"tc-fancybox-group54\" width=\"150\" height=\"150\" \/><\/a><p id=\"caption-attachment-18\" class=\"wp-caption-text\">Visualiza\u00e7\u00e3o Img t\u00e9rmica<\/p><\/div>\n<div id=\"attachment_305\" style=\"width: 160px\" class=\"wp-caption alignleft\"><a href=\"http:\/\/hibrida.eca.usp.br\/?page_id=306 \"><img aria-describedby=\"caption-attachment-305\" decoding=\"async\" loading=\"lazy\" class=\"size-thumbnail wp-image-305 \" alt=\"30_wingsuit\" src=\"http:\/\/hibrida.eca.usp.br\/wp-content\/uploads\/2014\/01\/30_wingsuit-150x150.jpg\" class=\"grouped_elements\" rel=\"tc-fancybox-group54\" width=\"150\" height=\"150\" \/><\/a><p id=\"caption-attachment-305\" class=\"wp-caption-text\">Wingsuit DIY<\/p><\/div>\n<div id=\"attachment_20\" style=\"width: 160px\" class=\"wp-caption alignleft\"><a href=\"http:\/\/hibrida.eca.usp.br\/?page_id=110\"><img aria-describedby=\"caption-attachment-20\" decoding=\"async\" loading=\"lazy\" class=\"size-thumbnail wp-image-20 \" alt=\"07_Mimo\" src=\"http:\/\/hibrida.eca.usp.br\/wp-content\/uploads\/2014\/01\/07_Mimo-150x150.jpg\" class=\"grouped_elements\" rel=\"tc-fancybox-group54\" width=\"150\" height=\"150\" \/><\/a><p id=\"caption-attachment-20\" class=\"wp-caption-text\">Monitoramento beb\u00ea<\/p><\/div>\n<div id=\"attachment_21\" style=\"width: 160px\" class=\"wp-caption alignleft\"><a href=\"http:\/\/hibrida.eca.usp.br\/?page_id=115 \"><img aria-describedby=\"caption-attachment-21\" decoding=\"async\" loading=\"lazy\" class=\"size-thumbnail wp-image-21 \" alt=\"08\" src=\"http:\/\/hibrida.eca.usp.br\/wp-content\/uploads\/2014\/01\/08-150x150.png\" class=\"grouped_elements\" rel=\"tc-fancybox-group54\" width=\"150\" height=\"150\" \/><\/a><p id=\"caption-attachment-21\" class=\"wp-caption-text\">Mover Objetos a m\u00e3o<\/p><\/div>\n<div id=\"attachment_22\" style=\"width: 160px\" class=\"wp-caption alignleft\"><a href=\"http:\/\/hibrida.eca.usp.br\/?page_id=120 \"><img aria-describedby=\"caption-attachment-22\" decoding=\"async\" loading=\"lazy\" class=\"size-thumbnail wp-image-22  \" alt=\"09_lego_rc_robot_hand_with_exoskeletal_controller_1\" src=\"http:\/\/hibrida.eca.usp.br\/wp-content\/uploads\/2014\/01\/09_lego_rc_robot_hand_with_exoskeletal_controller_1-150x150.jpg\" class=\"grouped_elements\" rel=\"tc-fancybox-group54\" width=\"150\" height=\"150\" \/><\/a><p id=\"caption-attachment-22\" class=\"wp-caption-text\">M\u00e3o Rob\u00f3tica<\/p><\/div>\n<div id=\"attachment_26\" style=\"width: 160px\" class=\"wp-caption alignleft\"><a href=\"http:\/\/hibrida.eca.usp.br\/?page_id=122 \"><img aria-describedby=\"caption-attachment-26\" decoding=\"async\" loading=\"lazy\" class=\"size-thumbnail wp-image-26 \" alt=\"14_maorobotica_feedbackhaptico\" src=\"http:\/\/hibrida.eca.usp.br\/wp-content\/uploads\/2014\/01\/14_maorobotica_feedbackhaptico-150x150.png\" class=\"grouped_elements\" rel=\"tc-fancybox-group54\" width=\"150\" height=\"150\" \/><\/a><p id=\"caption-attachment-26\" class=\"wp-caption-text\">M\u00e3o rob\u00f3tica- h\u00e1ptico<\/p><\/div>\n<div id=\"attachment_131\" style=\"width: 160px\" class=\"wp-caption alignleft\"><a href=\"http:\/\/hibrida.eca.usp.br\/?page_id=126\"><img aria-describedby=\"caption-attachment-131\" decoding=\"async\" loading=\"lazy\" class=\"size-thumbnail wp-image-131 \" alt=\"21_super ouvidos\" src=\"http:\/\/hibrida.eca.usp.br\/wp-content\/uploads\/2014\/01\/21_super-ouvidos1-150x150.jpg\" class=\"grouped_elements\" rel=\"tc-fancybox-group54\" width=\"150\" height=\"150\" \/><\/a><p id=\"caption-attachment-131\" class=\"wp-caption-text\">Super Ouvidos<\/p><\/div>\n<div id=\"attachment_23\" style=\"width: 160px\" class=\"wp-caption alignleft\"><a href=\"http:\/\/hibrida.eca.usp.br\/?page_id=133\"><img aria-describedby=\"caption-attachment-23\" decoding=\"async\" loading=\"lazy\" class=\"size-thumbnail wp-image-23 \" alt=\"11_cat_ears\" src=\"http:\/\/hibrida.eca.usp.br\/wp-content\/uploads\/2014\/01\/11_cat_ears-150x150.jpg\" class=\"grouped_elements\" rel=\"tc-fancybox-group54\" width=\"150\" height=\"150\" \/><\/a><p id=\"caption-attachment-23\" class=\"wp-caption-text\">Orelhas &#8211; ondas cerebrais<\/p><\/div>\n<div id=\"attachment_24\" style=\"width: 160px\" class=\"wp-caption alignleft\"><a href=\"http:\/\/hibrida.eca.usp.br\/?page_id=137\"><img aria-describedby=\"caption-attachment-24\" decoding=\"async\" loading=\"lazy\" class=\"size-thumbnail wp-image-24 \" alt=\"12_acessorio_ecg\" src=\"http:\/\/hibrida.eca.usp.br\/wp-content\/uploads\/2014\/01\/12_acessorio_ecg-150x150.jpg\" class=\"grouped_elements\" rel=\"tc-fancybox-group54\" width=\"150\" height=\"150\" \/><\/a><p id=\"caption-attachment-24\" class=\"wp-caption-text\">Visualizador ondas cerebrais<\/p><\/div>\n<div id=\"attachment_27\" style=\"width: 160px\" class=\"wp-caption alignleft\"><a href=\"http:\/\/hibrida.eca.usp.br\/?page_id=144\"><img aria-describedby=\"caption-attachment-27\" decoding=\"async\" loading=\"lazy\" class=\"size-thumbnail wp-image-27\" alt=\"Rabo controlado por pulsa\u00e7\u00e3o card\u00edaca\" src=\"http:\/\/hibrida.eca.usp.br\/wp-content\/uploads\/2014\/01\/15_rabo-150x150.jpg\" class=\"grouped_elements\" rel=\"tc-fancybox-group54\" width=\"150\" height=\"150\" \/><\/a><p id=\"caption-attachment-27\" class=\"wp-caption-text\">Rabo &#8211; pulsa\u00e7\u00e3o card\u00edaca<\/p><\/div>\n<div id=\"attachment_154\" style=\"width: 160px\" class=\"wp-caption alignleft\"><a href=\"http:\/\/hibrida.eca.usp.br\/?page_id=153\"><img aria-describedby=\"caption-attachment-154\" decoding=\"async\" loading=\"lazy\" class=\"size-thumbnail wp-image-154 \" alt=\"22_cortex\" src=\"http:\/\/hibrida.eca.usp.br\/wp-content\/uploads\/2014\/01\/22_cortex-150x150.jpg\" class=\"grouped_elements\" rel=\"tc-fancybox-group54\" width=\"150\" height=\"150\" \/><\/a><p id=\"caption-attachment-154\" class=\"wp-caption-text\">Exoesqueleto Impressora 3D<\/p><\/div>\n<div id=\"attachment_28\" style=\"width: 160px\" class=\"wp-caption alignleft\"><a href=\"http:\/\/hibrida.eca.usp.br\/?page_id=159\"><img aria-describedby=\"caption-attachment-28\" decoding=\"async\" loading=\"lazy\" class=\"size-thumbnail wp-image-28 \" alt=\"16_bat\" src=\"http:\/\/hibrida.eca.usp.br\/wp-content\/uploads\/2014\/01\/16_bat-150x150.jpg\" class=\"grouped_elements\" rel=\"tc-fancybox-group54\" width=\"150\" height=\"150\" \/><\/a><p id=\"caption-attachment-28\" class=\"wp-caption-text\">Vis\u00e3o de Morcego Ultrass\u00f4nica<\/p><\/div>\n<div id=\"attachment_29\" style=\"width: 160px\" class=\"wp-caption alignleft\"><a href=\"http:\/\/hibrida.eca.usp.br\/?page_id=160\"><img aria-describedby=\"caption-attachment-29\" decoding=\"async\" loading=\"lazy\" class=\"size-thumbnail wp-image-29 \" alt=\"17_sonar\" src=\"http:\/\/hibrida.eca.usp.br\/wp-content\/uploads\/2014\/01\/17_sonar-150x150.png\" class=\"grouped_elements\" rel=\"tc-fancybox-group54\" width=\"150\" height=\"150\" \/><\/a><p id=\"caption-attachment-29\" class=\"wp-caption-text\">Feedback Haptico<\/p><\/div>\n<div id=\"attachment_30\" style=\"width: 160px\" class=\"wp-caption alignleft\"><a href=\"http:\/\/hibrida.eca.usp.br\/?page_id=165\"><img aria-describedby=\"caption-attachment-30\" decoding=\"async\" loading=\"lazy\" class=\"size-thumbnail wp-image-30 \" alt=\"18_ironman_luva\" src=\"http:\/\/hibrida.eca.usp.br\/wp-content\/uploads\/2014\/01\/18_ironman_luva-150x150.jpg\" class=\"grouped_elements\" rel=\"tc-fancybox-group54\" width=\"150\" height=\"150\" srcset=\"https:\/\/hibrida.eca.usp.br\/wp-content\/uploads\/2014\/01\/18_ironman_luva-150x150.jpg 150w, https:\/\/hibrida.eca.usp.br\/wp-content\/uploads\/2014\/01\/18_ironman_luva.jpg 300w\" sizes=\"(max-width: 150px) 100vw, 150px\" \/><\/a><p id=\"caption-attachment-30\" class=\"wp-caption-text\">Luva Homem de Ferro<\/p><\/div>\n<div id=\"attachment_384\" style=\"width: 160px\" class=\"wp-caption alignleft\"><a href=\"http:\/\/hibrida.eca.usp.br\/?page_id=383 \"><img aria-describedby=\"caption-attachment-384\" decoding=\"async\" loading=\"lazy\" class=\"size-thumbnail wp-image-384\" alt=\"32_mcgill\" src=\"http:\/\/hibrida.eca.usp.br\/wp-content\/uploads\/2014\/02\/32_mcgill-150x150.jpg\" class=\"grouped_elements\" rel=\"tc-fancybox-group54\" width=\"150\" height=\"150\" \/><\/a><p id=\"caption-attachment-384\" class=\"wp-caption-text\">Protese musical<\/p><\/div>\n","protected":false},"excerpt":{"rendered":"<p>Selecionamos aqui alguns projetos com informa\u00e7\u00f5es e c\u00f3digos abertos que podem servir como inspira\u00e7\u00e3o para sua id\u00e9ia de acoplamentos expansores de percep\u00e7\u00e3o.<\/p>\n","protected":false},"author":1,"featured_media":0,"parent":388,"menu_order":0,"comment_status":"open","ping_status":"open","template":"","meta":[],"_links":{"self":[{"href":"https:\/\/hibrida.eca.usp.br\/index.php\/wp-json\/wp\/v2\/pages\/54"}],"collection":[{"href":"https:\/\/hibrida.eca.usp.br\/index.php\/wp-json\/wp\/v2\/pages"}],"about":[{"href":"https:\/\/hibrida.eca.usp.br\/index.php\/wp-json\/wp\/v2\/types\/page"}],"author":[{"embeddable":true,"href":"https:\/\/hibrida.eca.usp.br\/index.php\/wp-json\/wp\/v2\/users\/1"}],"replies":[{"embeddable":true,"href":"https:\/\/hibrida.eca.usp.br\/index.php\/wp-json\/wp\/v2\/comments?post=54"}],"version-history":[{"count":21,"href":"https:\/\/hibrida.eca.usp.br\/index.php\/wp-json\/wp\/v2\/pages\/54\/revisions"}],"predecessor-version":[{"id":994,"href":"https:\/\/hibrida.eca.usp.br\/index.php\/wp-json\/wp\/v2\/pages\/54\/revisions\/994"}],"up":[{"embeddable":true,"href":"https:\/\/hibrida.eca.usp.br\/index.php\/wp-json\/wp\/v2\/pages\/388"}],"wp:attachment":[{"href":"https:\/\/hibrida.eca.usp.br\/index.php\/wp-json\/wp\/v2\/media?parent=54"}],"curies":[{"name":"wp","href":"https:\/\/api.w.org\/{rel}","templated":true}]}}