{"id":488,"date":"2014-02-24T01:10:30","date_gmt":"2014-02-24T04:10:30","guid":{"rendered":"http:\/\/hibrida.eca.usp.br\/?page_id=488"},"modified":"2014-06-06T15:38:38","modified_gmt":"2014-06-06T18:38:38","slug":"no-lights-yes-move","status":"publish","type":"page","link":"https:\/\/hibrida.eca.usp.br\/index.php\/projetos-selecionados\/no-lights-yes-move\/","title":{"rendered":"No Lights, Yes Move"},"content":{"rendered":"<p>por <a href=\"http:\/\/hibrida.eca.usp.br\/index.php\/equipe\/rodrigo-rezende\/\" target=\"_blank\">Rodrigo Rezende<\/a> &amp; <a href=\"http:\/\/hibrida.eca.usp.br\/index.php\/equipe\/fernanda-duarte\/\" target=\"_blank\">Fernanda Duarte<\/a><\/p>\n<p>A presente proposta, apresenta uma solu\u00e7\u00e3o para mobilidade em ambientes sem luz vis\u00edvel ou para quem tem dificuldades visuais, utilizando-se, de sensores de dist\u00e2ncia e reflex\u00e3o por infrared.<\/p>\n<p>Estes sensores (sonares e infrared) &#8211; que ser\u00e3o colocados em um pad e conectados a um arduino &#8211; realizar\u00e3o a aferi\u00e7\u00e3o de dist\u00e2ncias entre o usu\u00e1rio e um obst\u00e1culo, para que a partir de determinado valor, seja acionada uma placa vibrat\u00f3ria localizada no pad, gerando um est\u00edmulo para que o usu\u00e1rio n\u00e3o se choque contra obst\u00e1culos. A resposta deste est\u00edmulo ser\u00e1 configurada de forma que seja inversamente proporcional \u00e0 dist\u00e2ncia do obst\u00e1culo captado, ou seja, quanto menor a dist\u00e2ncia, maior a rota\u00e7\u00e3o do motor, ocasionando maior vibra\u00e7\u00e3o no pad.<\/p>\n<p>As funcionalidades deste produto podem ser direcionadas \u00e0s mais diferentes finalidades como ao aux\u00edlio a pessoas com defici\u00eancia visual, para profissionais que cumprem rotinas especiais como cuidadores de beb\u00eas ou idosos e ainda aplicados em performances art\u00edsticas.<\/p>\n<p>O seu funcionamento permite que seja empregado em v\u00e1rias partes do corpo, com a alternativa de que uma mesma pessoa possa interligar diversos pads em diferentes partes do seu corpo atrav\u00e9s de sinal wireless, compat\u00edvel com a tecnologia arduino.<\/p>\n<p>Segue um exemplo de utiliza\u00e7\u00e3o na palma da m\u00e3o:<\/p>\n<p><a href=\"http:\/\/hibrida.eca.usp.br\/wp-content\/uploads\/2014\/02\/Screen-shot-2014-02-24-at-01.32.05.png\" class=\"grouped_elements\" rel=\"tc-fancybox-group488\"><img decoding=\"async\" loading=\"lazy\" class=\"alignnone size-full wp-image-504\" alt=\"No Lights yes Move\" src=\"http:\/\/hibrida.eca.usp.br\/wp-content\/uploads\/2014\/02\/Screen-shot-2014-02-24-at-01.32.05.png\" width=\"737\" height=\"566\" srcset=\"https:\/\/hibrida.eca.usp.br\/wp-content\/uploads\/2014\/02\/Screen-shot-2014-02-24-at-01.32.05.png 737w, https:\/\/hibrida.eca.usp.br\/wp-content\/uploads\/2014\/02\/Screen-shot-2014-02-24-at-01.32.05-300x230.png 300w\" sizes=\"(max-width: 737px) 100vw, 737px\" \/><\/a><\/p>\n<p>Desenvolvimento<\/p>\n<p>O dispositivo NLYM, est\u00e1 em desenvolvimento cont\u00ednuo e foi constru\u00eddo, para a participa\u00e7\u00e3o no Projeto Hibrida como um prot\u00f3tipo, que deve ser aprimorado para as diversas finalidades<br \/>\nposs\u00edveis.<\/p>\n<p>Seguem algumas imagens do desenvolvimento do prot\u00f3tipo:<\/p>\n<p><a href=\"http:\/\/hibrida.eca.usp.br\/wp-content\/uploads\/2014\/02\/Screen-shot-2014-06-06-at-1.24.12-PM.png\" class=\"grouped_elements\" rel=\"tc-fancybox-group488\"><img decoding=\"async\" loading=\"lazy\" src=\"http:\/\/hibrida.eca.usp.br\/wp-content\/uploads\/2014\/02\/Screen-shot-2014-06-06-at-1.24.12-PM-300x105.png\" alt=\"Screen shot 2014-06-06 at 1.24.12 PM\" width=\"300\" height=\"105\" class=\"alignnone size-medium wp-image-963\" srcset=\"https:\/\/hibrida.eca.usp.br\/wp-content\/uploads\/2014\/02\/Screen-shot-2014-06-06-at-1.24.12-PM-300x105.png 300w, https:\/\/hibrida.eca.usp.br\/wp-content\/uploads\/2014\/02\/Screen-shot-2014-06-06-at-1.24.12-PM.png 940w\" sizes=\"(max-width: 300px) 100vw, 300px\" \/><\/a><\/p>\n<p>Na fase laboratorial do Projeto Hibrida, foram discutidas, com a equipe participante, v\u00e1rias quest\u00f5es inerentes a utiliza\u00e7\u00e3o do dispositivo e as possibilidades de uso. Dentre elas se destacou a performance art\u00edstica que gerou adapta\u00e7\u00f5es ao projeto original e a concep\u00e7\u00e3o de duas performances, intituladas \u201c<a href=\"http:\/\/hibrida.eca.usp.br\/index.php\/projetos-selecionados\/cinto-de-castidade\/\">Cinto de Castidade<\/a>\u201d e \u201c<a href=\"http:\/\/hibrida.eca.usp.br\/index.php\/projetos-selecionados\/tecnopasse-hackianista\/\">Tecnopasse Hackianista<\/a>\u201d, as quais seguem descritas em seus respectivos projetos anexos, nas modalidades perform\u00e1ticas e<br \/>\nexpositivas.<\/p>\n<p>Conclus\u00e3o<\/p>\n<p>Como mencionado anteriormente, neste projeto, o dispositivo NLYM, est\u00e1 em desenvolvimento cont\u00ednuo e a partir de cada apresenta\u00e7\u00e3o ou demonstra\u00e7\u00e3o ele \u00e9 aperfei\u00e7oado atrav\u00e9s das rea\u00e7\u00f5es ou necessidades que o utilizador transmite a equipe de<br \/>\ndesenvolvimento do projeto.<\/p>\n<p>Ao final da etapa brasileira do Projeto Hibrida, realizada em 30 de Abril de 2014, o dispositivo NLYM, foi testado com a performance \u201cTecnopasse Hackianista\u201d e a constru\u00e7\u00e3o do aparato para a performance \u201cCinto de Castidade\u201d.<\/p>\n<p>Atrav\u00e9s deste m\u00e9todo de investiga\u00e7\u00e3o em campo, pretendemos chegar a um denominador comum as diversas aplica\u00e7\u00f5es poss\u00edveis e agregando recursos ao dispositivo.<\/p>\n<p>No Lights, Yes Move \u00e9 desenvolvido por<\/p>\n<p><a href=\"http:\/\/hibrida.eca.usp.br\/index.php\/equipe\/carolina-berger-madame-c-b\/\" target=\"_blank\">Carolina Berger<\/a><br \/>\n<a href=\"http:\/\/hibrida.eca.usp.br\/index.php\/equipe\/celio-ishikawa\/\" target=\"_blank\">C\u00e9lio Ishikawa<\/a><br \/>\n<a href=\"http:\/\/hibrida.eca.usp.br\/index.php\/equipe\/danilo-barauna\/\" target=\"_blank\">Danilo Barauna<\/a><br \/>\n<a href=\"http:\/\/hibrida.eca.usp.br\/index.php\/equipe\/fernanda-duarte\/\" target=\"_blank\">Fernanda Duarte<\/a><br \/>\n<a href=\"http:\/\/hibrida.eca.usp.br\/index.php\/equipe\/herbert-castanha\/\" target=\"_blank\">Herbert Castanha<\/a><br \/>\n<a href=\"http:\/\/hibrida.eca.usp.br\/index.php\/equipe\/leandra-plaza\/\" target=\"_blank\">Leandra Plaza<\/a><br \/>\n<a href=\"http:\/\/hibrida.eca.usp.br\/index.php\/equipe\/nigel-anderson\/\" target=\"_blank\">Nigel Anderson<\/a><br \/>\n<a href=\"http:\/\/hibrida.eca.usp.br\/index.php\/equipe\/rodrigo-rezende\/\" target=\"_blank\">Rodrigo Rezende<\/a><br \/>\n<a href=\"http:\/\/hibrida.eca.usp.br\/index.php\/equipe\/rosangela-leote\/\" target=\"_blank\">Rosangela Leote<\/a><\/p>\n<p>Acompanhe o desenvolvimento do projeto em detalhes na <a href=\"https:\/\/garoa.net.br\/wiki\/Hibrida\/No_Lights,_Yes_Move\" target=\"_blank\">Wiki<\/a><\/p>\n<p><\/p>\n","protected":false},"excerpt":{"rendered":"<p>por Rodrigo Rezende &amp; Fernanda Duarte A presente proposta, apresenta uma solu\u00e7\u00e3o para mobilidade em ambientes sem luz vis\u00edvel ou para quem tem dificuldades visuais, utilizando-se, de sensores de dist\u00e2ncia e reflex\u00e3o por infrared. Estes sensores (sonares e infrared) &#8211; que ser\u00e3o colocados em um pad e conectados a um arduino &#8211; realizar\u00e3o a aferi\u00e7\u00e3o [&hellip;]<\/p>\n","protected":false},"author":1,"featured_media":0,"parent":475,"menu_order":0,"comment_status":"open","ping_status":"open","template":"","meta":[],"_links":{"self":[{"href":"https:\/\/hibrida.eca.usp.br\/index.php\/wp-json\/wp\/v2\/pages\/488"}],"collection":[{"href":"https:\/\/hibrida.eca.usp.br\/index.php\/wp-json\/wp\/v2\/pages"}],"about":[{"href":"https:\/\/hibrida.eca.usp.br\/index.php\/wp-json\/wp\/v2\/types\/page"}],"author":[{"embeddable":true,"href":"https:\/\/hibrida.eca.usp.br\/index.php\/wp-json\/wp\/v2\/users\/1"}],"replies":[{"embeddable":true,"href":"https:\/\/hibrida.eca.usp.br\/index.php\/wp-json\/wp\/v2\/comments?post=488"}],"version-history":[{"count":14,"href":"https:\/\/hibrida.eca.usp.br\/index.php\/wp-json\/wp\/v2\/pages\/488\/revisions"}],"predecessor-version":[{"id":968,"href":"https:\/\/hibrida.eca.usp.br\/index.php\/wp-json\/wp\/v2\/pages\/488\/revisions\/968"}],"up":[{"embeddable":true,"href":"https:\/\/hibrida.eca.usp.br\/index.php\/wp-json\/wp\/v2\/pages\/475"}],"wp:attachment":[{"href":"https:\/\/hibrida.eca.usp.br\/index.php\/wp-json\/wp\/v2\/media?parent=488"}],"curies":[{"name":"wp","href":"https:\/\/api.w.org\/{rel}","templated":true}]}}