{"id":478,"date":"2014-02-24T01:04:28","date_gmt":"2014-02-24T04:04:28","guid":{"rendered":"http:\/\/hibrida.eca.usp.br\/?page_id=478"},"modified":"2014-05-19T16:18:05","modified_gmt":"2014-05-19T19:18:05","slug":"cybaby","status":"publish","type":"page","link":"https:\/\/hibrida.eca.usp.br\/index.php\/projetos-selecionados\/cybaby\/","title":{"rendered":"CyBaby"},"content":{"rendered":"<p>por <a href=\"http:\/\/hibrida.eca.usp.br\/index.php\/equipe\/lina-lopes\/\" target=\"_blank\">Lina Lopes<\/a><\/p>\n<p>\/\/uma proposta de capacete neural para rec\u00e9m nascidos com uma visualiza\u00e7\u00e3o dos dados gerados.<\/p>\n<p><a href=\"http:\/\/hibrida.eca.usp.br\/wp-content\/uploads\/2014\/02\/Screen-shot-2014-02-24-at-01.30.24.png\" class=\"grouped_elements\" rel=\"tc-fancybox-group478\"><img decoding=\"async\" loading=\"lazy\" src=\"http:\/\/hibrida.eca.usp.br\/wp-content\/uploads\/2014\/02\/Screen-shot-2014-02-24-at-01.30.24.png\" alt=\"cybaby\" width=\"773\" height=\"534\" class=\"alignnone size-full wp-image-501\" srcset=\"https:\/\/hibrida.eca.usp.br\/wp-content\/uploads\/2014\/02\/Screen-shot-2014-02-24-at-01.30.24.png 773w, https:\/\/hibrida.eca.usp.br\/wp-content\/uploads\/2014\/02\/Screen-shot-2014-02-24-at-01.30.24-300x207.png 300w\" sizes=\"(max-width: 773px) 100vw, 773px\" \/><\/a><\/p>\n<p>CyBaby\t\u00e9 um projeto voltado a monitora\u00e7\u00e3o dos padr\u00f5es eletroencefalogr\u00e1ficos (EEG) de um rec\u00e9m-nascido. Taxa de respira\u00e7\u00e3o, frequ\u00eancia do pulso, temperatura,\tatividade eletrodermal, imped\u00e2ncia cardiogr\u00e1fica e acelerometria s\u00e3o alguns dos dados poss\u00edveis de se obter por meio de sensores\/eletrodos. Todos estes dados constituem uma esp\u00e9cie de assinatura cerebral. <\/p>\n<p>O prop\u00f3sito de CyBaby \u00e9 conhecer a assinatura no momento em que esta est\u00e1 se formando, examinando e gravando os primeiros est\u00edmulos no mundo, tais como mamar, evacuar reconhecer a face e o som da voz do pai e da m\u00e3e, olhar e sentir texturas, etc.<\/p>\n<p>CyBaby \u00e9 um experimento po\u00e9tico que visa transformar esta coleta e registro de dados em um material tang\u00edvel em audio e v\u00eddeo digitais. \u00c9 uma proposta de transcodifica\u00e7\u00e3o rudimentar\tdos pensamentos de um rec\u00e9m vindo ao mundo antes que este aprenda a(s) linguagem(ns) de comunica\u00e7\u00e3o.<\/p>\n<p>CyBaby \u00e9 desenvolvido por:<br \/>\n<a href=\"http:\/\/hibrida.eca.usp.br\/index.php\/equipe\/henrique-teruo-akiba\/\" target=\"_blank\">Henrique Teruo Akiba<\/a><br \/>\n<a href=\"http:\/\/hibrida.eca.usp.br\/index.php\/equipe\/lina-lopes\/\" target=\"_blank\">Lina Lopes<\/a><br \/>\n<a href=\"http:\/\/hibrida.eca.usp.br\/index.php\/equipe\/658-2\/\" target=\"_blank\">Luiz Le\u00e3o<\/a><\/p>\n<p>Acompanhe a <a href=\"https:\/\/garoa.net.br\/wiki\/Hibrida\/CyBaby\" target=\"_blank\">Wiki<\/a> com detalhes sobre o desenvolvimento <\/p>\n<p><\/p>\n","protected":false},"excerpt":{"rendered":"<p>por Lina Lopes \/\/uma proposta de capacete neural para rec\u00e9m nascidos com uma visualiza\u00e7\u00e3o dos dados gerados. CyBaby \u00e9 um projeto voltado a monitora\u00e7\u00e3o dos padr\u00f5es eletroencefalogr\u00e1ficos (EEG) de um rec\u00e9m-nascido. Taxa de respira\u00e7\u00e3o, frequ\u00eancia do pulso, temperatura, atividade eletrodermal, imped\u00e2ncia cardiogr\u00e1fica e acelerometria s\u00e3o alguns dos dados poss\u00edveis de se obter por meio de [&hellip;]<\/p>\n","protected":false},"author":1,"featured_media":0,"parent":475,"menu_order":0,"comment_status":"open","ping_status":"open","template":"","meta":[],"_links":{"self":[{"href":"https:\/\/hibrida.eca.usp.br\/index.php\/wp-json\/wp\/v2\/pages\/478"}],"collection":[{"href":"https:\/\/hibrida.eca.usp.br\/index.php\/wp-json\/wp\/v2\/pages"}],"about":[{"href":"https:\/\/hibrida.eca.usp.br\/index.php\/wp-json\/wp\/v2\/types\/page"}],"author":[{"embeddable":true,"href":"https:\/\/hibrida.eca.usp.br\/index.php\/wp-json\/wp\/v2\/users\/1"}],"replies":[{"embeddable":true,"href":"https:\/\/hibrida.eca.usp.br\/index.php\/wp-json\/wp\/v2\/comments?post=478"}],"version-history":[{"count":12,"href":"https:\/\/hibrida.eca.usp.br\/index.php\/wp-json\/wp\/v2\/pages\/478\/revisions"}],"predecessor-version":[{"id":922,"href":"https:\/\/hibrida.eca.usp.br\/index.php\/wp-json\/wp\/v2\/pages\/478\/revisions\/922"}],"up":[{"embeddable":true,"href":"https:\/\/hibrida.eca.usp.br\/index.php\/wp-json\/wp\/v2\/pages\/475"}],"wp:attachment":[{"href":"https:\/\/hibrida.eca.usp.br\/index.php\/wp-json\/wp\/v2\/media?parent=478"}],"curies":[{"name":"wp","href":"https:\/\/api.w.org\/{rel}","templated":true}]}}