{"id":388,"date":"2014-02-08T17:27:09","date_gmt":"2014-02-08T20:27:09","guid":{"rendered":"http:\/\/hibrida.eca.usp.br\/?page_id=388"},"modified":"2014-05-10T21:08:13","modified_gmt":"2014-05-11T00:08:13","slug":"referencias-conceituais","status":"publish","type":"page","link":"https:\/\/hibrida.eca.usp.br\/index.php\/referencias-conceituais\/","title":{"rendered":"Refer\u00eancias"},"content":{"rendered":"<p>Dividimos aqui algumas de nossas refer\u00eancias de leitura. Gostariam de dividir as suas? Mandem para n\u00f3s e agregamos a esta lista projeto.hibrida@gmail.com<\/p>\n<p>Veja <a href=\"http:\/\/hibrida.eca.usp.br\/index.php\/referencias-conceituais\/videoteca\/\">refer\u00eancias em v\u00eddeo<\/a>. <\/p>\n<p>Veja refer\u00eancias de outros <a href=\"http:\/\/hibrida.eca.usp.br\/index.php\/referencias-conceituais\/banco-de-projetos-2\/\">projetos que nos inspiram<\/a> mundo afora. <\/p>\n<ul>\n<li><a style=\"font-family: sans-serif; font-size: medium; font-style: normal; font-variant: normal; line-height: normal;\" href=\"http:\/\/mairakubik.files.wordpress.com\/2012\/06\/86532011-haraway-donna-kunzru-hari-antropologia-do-ciborgue-as-vertigens-do-pos-humano-org-tomaz-tadeu.pdf\" target=\"_blank\">Antropologia do ciborgue<\/a>: as vertigens do p\u00f3s-humano. Donna Haraway, Hari Kunzru, Tomaz Tadeu.<\/li>\n<li><a style=\"font-family: sans-serif; font-size: medium; font-style: normal; font-variant: normal; line-height: normal;\" href=\"http:\/\/www.yorku.ca\/aviseu\/pdf%20files\/viseu_4S2002.pdf\" target=\"_blank\">Augmented Bodies and Behaviour Bias Interfaces.<\/a> Ana Viseu.\u00a0<span style=\"font-size: 16px;\">Department of Human Development and Applied Psychology,\u00a0<\/span><span style=\"font-size: 16px;\">Ontario Institute for Studies in Education, University of Toronto<\/span><\/li>\n<li><a style=\"font-family: sans-serif; font-size: medium; font-style: normal; font-variant: normal; line-height: normal;\" href=\"http:\/\/www.nature.com\/nrm\/journal\/v10\/n7\/full\/nrm2699.html?&amp;url_ver=Z39.88-2004&amp;rft_id=info:doi\/10.1038\/307634a0&amp;rft_id=info:pmid\/6694751&amp;rft_val_fmt=info:ofi\/fmt:kev:mtx:journal&amp;rft.genre=article&amp;rft\" target=\"_blank\">Bio-art: the ethics behind the aesthetics<\/a>. Frances Stracey. Nature Reviews Molecular Cell Biology Volume 10, 496-500.<\/li>\n<li><a style=\"font-family: sans-serif; font-size: medium; font-style: normal; font-variant: normal; line-height: normal;\" href=\"http:\/\/pendientedemigracion.ucm.es\/info\/nomadas\/17\/mayteaguilar.pdf\" target=\"_blank\">Cuerpo y tecnolog\u00eda en el arte contempor\u00e1neo<\/a>. Teresa Aguilar Garcia. Universidad Nacional de Educaci\u00f3n a Dist\u00e1ncia.<\/li>\n<li>El hombre posorg\u00e1nica: cuerpo, subjetividad y tecnolog\u00edas digitales. Paula Sibilia.<\/li>\n<li><a style=\"font-family: sans-serif; font-size: medium; font-style: normal; font-variant: normal; line-height: normal;\" href=\"http:\/\/www.scielo.br\/scielo.php?pid=S1678-53202003000100005&amp;script=sci_arttext\" target=\"_blank\">Experi\u00eancias art\u00edsticas em redes telem\u00e1ticas<\/a>. Gilbertto Prado.<\/li>\n<li>Fundamentals of Wearable Computers and Augmented Reality. Woodrow Barfield, Thomas Caudell.<\/li>\n<li>How we became posthuman: virtual bodies in cybernetics, literature, and infermatics. Katherine N. Hales.<\/li>\n<li>Os meio de comunica\u00e7\u00e3o como extens\u00f5es do homem. Marshall Macluhan.<\/li>\n<li><a style=\"font-family: sans-serif; font-size: medium; font-style: normal; font-variant: normal; line-height: normal;\" href=\"http:\/\/libserv5.tut.ac.za:7780\/pls\/eres\/wpg_docload.download_file?p_filename=F1460946022\/steyn.pdf\" target=\"_blank\">Post-human body and identity modification in the art of Sterlac and Orlan<\/a>. Ras Steyn. Magister technologiae: fine art. Tshwane University of Technology.<\/li>\n<li>The People Sensor: A Mobility Aid for the Visually Impaired. Sunita Ram, Jennie Sharf &#8211; Interactive Telecommunications Program New York University. <a style=\"font-family: sans-serif; font-size: medium; font-style: normal; font-variant: normal; line-height: normal;\" href=\"http:\/\/www.sunitastudio.com\/pdf\/interactive_design.pdf\" target=\"_blank\">PDF sobre o design.<\/a><\/li>\n<li><a style=\"font-family: sans-serif; font-size: medium; font-style: normal; font-variant: normal; line-height: normal;\" href=\"http:\/\/infoscience.epfl.ch\/record\/99014\/files\/haptex05.pdf\" target=\"_blank\">Wearable Obstacle Detection System for visually<\/a>\u00a0<a href=\"http:\/\/infoscience.epfl.ch\/record\/99014\/files\/haptex05.pdf\" target=\"_blank\">impaired People.<\/a> Sylvain Cardin, Daniel Thalmann and Frederic Vexo &#8211; Virtual Reality Laboratory (VRlab)<\/li>\n<li><a href=\"http:\/\/res.marcodonnarumma.com\/projects\/xth-sense\/#DIY\" target=\"_blank\">Xth Sense biophysical sensors<\/a>. <a title=\"Mechanomyogram\" href=\"http:\/\/en.wikipedia.org\/wiki\/Mechanomyogram\" target=\"_blank\">Mechanomyogram<\/a>\u00a0Sensor DIY developed by <a href=\"http:\/\/marcodonnarumma.com\/\" target=\"_blank\">Marco Donnarumma.<\/a><\/li>\n<li><a href=\"http:\/\/www.diybiomechanics.com\/wp-content\/uploads\/2012\/01\/Health-fitness-monitoring1.pdf\" target=\"_blank\">DIY Biomechanics<\/a><\/li>\n<li>\n<div>Sobre a capta\u00e7\u00e3o do som do ambiente natural e a preocupa\u00e7\u00e3o com os impactos do homem sobre a natureza a partir do ponto de vista da paisagem sonora.\u00a0<b>Palestra &#8221; <a href=\"http:\/\/www.ted.com\/talks\/bernie_krause_the_voice_of_the_natural_world#t-19887\" target=\"_blank\">The voice of the natural&#8221; de Bernie Kraus\u00a0<\/a><\/b><\/div>\n<\/li>\n<li>\n<div>Uma refer\u00eancia bacana sobre a paisagem sonora, como ela se modificou ao longo das revolu\u00e7\u00f5es industriais\/tecnol\u00f3gicas e a inser\u00e7\u00e3o do ru\u00eddo tecnol\u00f3gico no cotidiano:\u00a0<b>SHAFER, Murray. <a href=\"http:\/\/arteinterativa.files.wordpress.com\/2012\/07\/a-afinac3a7c3a3o-do-mundo.pdf\" target=\"_blank\">A afina\u00e7\u00e3o do mundo<\/a>. Trad. Marisa Trench Fonterrada, editora UNESP, S\u00e3o Paulo,2001<\/b><\/div>\n<\/li>\n<li>\n<div>\n<div>Sobre a quest\u00e3o da psiquiatria na propaganda, a inclus\u00e3o do inconsciente nela e a inser\u00e7\u00e3o do desejo como mecanismo de venda e sobre o desenvolvimento do capitalismo nos EUA e no mundo, vejam os document\u00e1rios da BBC<b>&#8220;<a href=\"http:\/\/www.imdb.com\/title\/tt0432232\/\" target=\"_blank\">O s\u00e9culo do eu\/ Century of self<\/a>&#8221; Adam Curtis, 2002<\/b><\/div>\n<\/div>\n<\/li>\n<\/ul>\n<div>\n<ul>\n<li>Sobre a quest\u00e3o de como os nazistas utilizaram a arte e a ci\u00eancia (foco mais na arte):<br \/>\n&#8220;<a href=\"https:\/\/www.youtube.com\/watch?v=IBqGThx2Mas \" target=\"_blank\">Arquitetura da destrui\u00e7\u00e3o\/ Arquitecture of Doom<\/a>&#8221; Peter Cohen, 1989<\/li>\n<li>Se voc\u00eas quiserem fazer uma dobradinha Peter Cohen, que foca mais na ideia de EUGENIA que tamb\u00e9m foi utilizada pelos amigos do Hitler, com foco maior em como a ci\u00eancia era utilizada para difundir essa ideia:<br \/>\n&#8220;<a href=\"https:\/\/www.youtube.com\/watch?v=3ZzAJrLHt-U\" target=\"_blank\">Homo Sapiens 1900<\/a>&#8221; Peter Cohen, 1998&#8243;<\/li>\n<li>Da s\u00e9rie nazismo, vale a pena tamb\u00e9m ver o filme:\u00a0&#8220;<a href=\"http:\/\/www.imdb.com\/title\/tt1674773\/\" target=\"_blank\">Hannah Arendt&#8221;, Margaret Von Trotta<\/a>, 2012<\/li>\n<li>Corpo-mente, e a rela\u00e7\u00e3o entre corpo e tecnologia, artigo da Katherine Hayles: <a href=\"http:\/\/muse.jhu.edu\/login?auth=0&amp;type=summary&amp;url=\/journals\/configurations\/v010\/10.2hayles.html\" target=\"_blank\">HAYLES, Katherine.Flesh and Metal: Reconfiguring the Mindbody in Virtual Environments<\/a>. Configurations,Volume 10, Number 2, Spring 2002.<\/li>\n<\/ul>\n<\/div>\n","protected":false},"excerpt":{"rendered":"<p>Dividimos aqui algumas de nossas refer\u00eancias de leitura. Gostariam de dividir as suas? Mandem para n\u00f3s e agregamos a esta lista projeto.hibrida@gmail.com Veja refer\u00eancias em v\u00eddeo. Veja refer\u00eancias de outros projetos que nos inspiram mundo afora. Antropologia do ciborgue: as vertigens do p\u00f3s-humano. Donna Haraway, Hari Kunzru, Tomaz Tadeu. Augmented Bodies and Behaviour Bias Interfaces. [&hellip;]<\/p>\n","protected":false},"author":1,"featured_media":0,"parent":0,"menu_order":0,"comment_status":"open","ping_status":"open","template":"","meta":[],"_links":{"self":[{"href":"https:\/\/hibrida.eca.usp.br\/index.php\/wp-json\/wp\/v2\/pages\/388"}],"collection":[{"href":"https:\/\/hibrida.eca.usp.br\/index.php\/wp-json\/wp\/v2\/pages"}],"about":[{"href":"https:\/\/hibrida.eca.usp.br\/index.php\/wp-json\/wp\/v2\/types\/page"}],"author":[{"embeddable":true,"href":"https:\/\/hibrida.eca.usp.br\/index.php\/wp-json\/wp\/v2\/users\/1"}],"replies":[{"embeddable":true,"href":"https:\/\/hibrida.eca.usp.br\/index.php\/wp-json\/wp\/v2\/comments?post=388"}],"version-history":[{"count":17,"href":"https:\/\/hibrida.eca.usp.br\/index.php\/wp-json\/wp\/v2\/pages\/388\/revisions"}],"predecessor-version":[{"id":869,"href":"https:\/\/hibrida.eca.usp.br\/index.php\/wp-json\/wp\/v2\/pages\/388\/revisions\/869"}],"wp:attachment":[{"href":"https:\/\/hibrida.eca.usp.br\/index.php\/wp-json\/wp\/v2\/media?parent=388"}],"curies":[{"name":"wp","href":"https:\/\/api.w.org\/{rel}","templated":true}]}}