{"id":338,"date":"2014-01-30T16:41:09","date_gmt":"2014-01-30T19:41:09","guid":{"rendered":"http:\/\/hibrida.eca.usp.br\/?page_id=338"},"modified":"2014-02-08T19:37:07","modified_gmt":"2014-02-08T22:37:07","slug":"alejandro-ahmed","status":"publish","type":"page","link":"https:\/\/hibrida.eca.usp.br\/index.php\/equipe\/alejandro-ahmed\/","title":{"rendered":"Alejandro Ahmed"},"content":{"rendered":"<p><a href=\"http:\/\/hibrida.eca.usp.br\/wp-content\/uploads\/2014\/01\/alejandro.jpg\" class=\"grouped_elements\" rel=\"tc-fancybox-group338\"><img decoding=\"async\" loading=\"lazy\" class=\"wp-image-339 alignnone\" alt=\"alejandro\" src=\"http:\/\/hibrida.eca.usp.br\/wp-content\/uploads\/2014\/01\/alejandro.jpg\" width=\"307\" height=\"461\" srcset=\"https:\/\/hibrida.eca.usp.br\/wp-content\/uploads\/2014\/01\/alejandro.jpg 640w, https:\/\/hibrida.eca.usp.br\/wp-content\/uploads\/2014\/01\/alejandro-200x300.jpg 200w\" sizes=\"(max-width: 307px) 100vw, 307px\" \/><\/a> <\/p>\n<p>Core\u00f3grafo residente, diretor art\u00edstico e bailarino do Grupo Cena 11 Cia. de Dan\u00e7a. <\/p>\n<p>Seu trabalho como core\u00f3grafo surgiu de forma autodidata, respondendo \u00e0 necessidade que possu\u00eda de integrar a maneira como pensava o mundo e a dan\u00e7a que experimentava. <\/p>\n<p>Junto ao Cena 11, promoveu o desenvolvimento de uma t\u00e9cnica que objetiva produzir uma dan\u00e7a em fun\u00e7\u00e3o do corpo. Um corpo capaz de processar melhor as id\u00e9ias contidas na movimenta\u00e7\u00e3o. Esta t\u00e9cnica foi nomeada de &#8220;percep\u00e7\u00e3o f\u00edsica&#8221; e \u00e9 um dos pontos que estrutura o trabalho de Alejandro Ahmed. <\/p>\n<p>Seu olhar sempre esteve voltado para os limites do corpo e as possibilidades que este prop\u00f5e para a transforma\u00e7\u00e3o do corpo do outro, sendo este &#8220;outro&#8221; um espectador e\/ou um c\u00famplice da a\u00e7\u00e3o a que o corpo \u00e9 submetido. <\/p>\n<p>As investiga\u00e7\u00f5es atuais est\u00e3o situadas em novas defini\u00e7\u00f5es para o conceito de coreografia. Termos como situa\u00e7\u00e3o coreogr\u00e1fica, coreografia imaterial e dan\u00e7a generativa nomeiam os campos de interesse aos quais Alejandro Ahmed objetiva atualmente seus procedimentos junto ao Grupo Cena 11 e como performer. <\/p>\n<p>As suas novas proposi\u00e7\u00f5es te\u00f3rico-pr\u00e1ticas estabelecem a tr\u00edade correlacional EMERG\u00caNCIA-COER\u00caNCIA-RITUAL como guia de suas a\u00e7\u00f5es. <\/p>\n<p>2013 Dire\u00e7\u00e3o, cria\u00e7\u00e3o e performance de &#8221; sobre expectativas e promessas&#8221;, trabalho selecionado no Rumos Dan\u00e7a Ita\u00fa Cultural 2012\/2014. <\/p>\n<p>2012 Dire\u00e7\u00e3o de Movimento e Coreografia da \u00f3pera &#8221; Orfeu e Eur\u00eddice&#8221; com dire\u00e7\u00e3o geral de Ant\u00f4nio Ara\u00fajo. Dire\u00e7\u00e3o e coreografia de &#8220;Carta de Amor ao Inimigo&#8221;. <\/p>\n<p>2010 Dire\u00e7\u00e3o junto \u00e0 Lia Rodrigues e N\u00facleo Corpo Rastreado do projeto de Resid\u00eancia Art\u00edstica &#8220;PROJETO PROPAGANDA&#8221;. Dire\u00e7\u00e3o e coreografia do espet\u00e1culo &#8221; Guia de id\u00e9ias correlatas&#8221; <\/p>\n<p>2009 Dire\u00e7\u00e3o e coreografia do espet\u00e1culo &#8220;Embodied Voodoo Game&#8221; <\/p>\n<p>2008 Dire\u00e7\u00e3o junto \u00e0 Hooman Sharif do projeto de Resid\u00eancia Art\u00edstica &#8221; Sobre consentimento, ocupa\u00e7\u00e3o e formas de dizer n\u00e3o&#8221; Grupo Cena 11 Cia. de Dan\u00e7a (Brasil, SC) + Impure Co.\/Hooman Sharifi (Noruega Norway) <\/p>\n<p>2006 Coreografa junto \u00e0 Rodrigo Pederneiras, com a bailarina Thembi Rosa o Projeto &#8220;Confluir&#8221; <\/p>\n<p>2007 Pr\u00eamio APCA (Associa\u00e7\u00e3o Paulista de Cr\u00edticos de Artes) de melhor pesquisa em Dan\u00e7a pelo espet\u00e1culo &#8220;pequenas frestas de fic\u00e7\u00e3o sobre realidade insistente&#8221;. <\/p>\n<p>Pr\u00eamio Bravo! Prime de Cultura &#8211; Melhor Espet\u00e1culo de Dan\u00e7a por PFdFSRi. Pr\u00eamio Sergio Motta de Arte e Tecnologia pelo espet\u00e1culo\u00a0PFdFSRi. Dire\u00e7\u00e3o e coreografia do espet\u00e1culo &#8220;pequenas frestas de fic\u00e7\u00e3o sobre realidade insistente&#8221; (PFdFSRi). <\/p>\n<p>2006 Pr\u00eamio Funarte Petrobr\u00e1s de Fomento \u00e0 Dan\u00e7a para a cria\u00e7\u00e3o do espet\u00e1culo &#8220;pequenas frestas de fic\u00e7\u00e3o sobre realidade insistente&#8221;. Dire\u00e7\u00e3o e coreografia do espet\u00e1culo &#8220;segredos dan\u00e7antes contra brutalidade surda&#8221; <\/p>\n<p>2005 Dire\u00e7\u00e3o e coreografia do espet\u00e1culo &#8220;SKINNERBOX&#8221;. <\/p>\n<p>2003 Dire\u00e7\u00e3o e coreografia do experimento &#8220;SKR\u00b7Procedimento 03&#8221;. <\/p>\n<p>2002 Dire\u00e7\u00e3o e coreografia do experimento &#8220;SKR\u00b7Procedimento 01&#8221;. Premiado com a Bolsa Vitae de arte <\/p>\n<p>2000 Dire\u00e7\u00e3o e coreografia do espet\u00e1culo &#8220;Viol\u00eancia&#8221;. <\/p>\n<p>1999 Recebe o pr\u00eamio Mambembe de Melhor Core\u00f3grafo <\/p>\n<p>1998 pela coreografia &#8220;A Carne dos Vencidos no Verbo dos Anjos&#8221;. <\/p>\n<p>1998 Dire\u00e7\u00e3o e coreografia do espet\u00e1culo &#8220;A Carne dos Vencidos no Verbo dos Anjos&#8221;. <\/p>\n<p>1997 \u00c9 premiado pela Associa\u00e7\u00e3o Paulista dos Cr\u00edticos de Arte (APCA) -Melhor Concep\u00e7\u00e3o C\u00eanica; Pr\u00eamio M\u00e9rito Cultural Cruz &amp; Souza &#8211; Funda\u00e7\u00e3o Catarinense de Cultura; Dire\u00e7\u00e3o e coreografia do espet\u00e1culo &#8220;IN&#8217;Perfeito&#8221; . <\/p>\n<p>Selecionado para participar do programa International Coreographers Residency no American Dance Festival (Carolina do Norte &#8211; EUA). <\/p>\n<p>Trabalha como assistente de coreografia de Maria Rovira (Barcelona &#8211; Espanha). Estuda com David Zambrano, Mark Haim, entre outros. <\/p>\n<p>1996 Dire\u00e7\u00e3o e coreografia do espet\u00e1culo &#8220;O Novo Canga\u00e7o&#8221;. <\/p>\n<p>1995 Indicado para o Pr\u00eamio Mambembe de Dan\u00e7a, (FUNARTE), pela coreografia &#8220;Respostas sobre Dor&#8221;. Dire\u00e7\u00e3o e coreografia do espet\u00e1culo &#8220;Respostas sobre Dor&#8221;.<\/p>\n","protected":false},"excerpt":{"rendered":"<p>Core\u00f3grafo residente, diretor art\u00edstico e bailarino do Grupo Cena 11 Cia. de Dan\u00e7a. Seu trabalho como core\u00f3grafo surgiu de forma autodidata, respondendo \u00e0 necessidade que possu\u00eda de integrar a maneira como pensava o mundo e a dan\u00e7a que experimentava. Junto ao Cena 11, promoveu o desenvolvimento de uma t\u00e9cnica que objetiva produzir uma dan\u00e7a em [&hellip;]<\/p>\n","protected":false},"author":1,"featured_media":0,"parent":60,"menu_order":0,"comment_status":"open","ping_status":"open","template":"","meta":[],"_links":{"self":[{"href":"https:\/\/hibrida.eca.usp.br\/index.php\/wp-json\/wp\/v2\/pages\/338"}],"collection":[{"href":"https:\/\/hibrida.eca.usp.br\/index.php\/wp-json\/wp\/v2\/pages"}],"about":[{"href":"https:\/\/hibrida.eca.usp.br\/index.php\/wp-json\/wp\/v2\/types\/page"}],"author":[{"embeddable":true,"href":"https:\/\/hibrida.eca.usp.br\/index.php\/wp-json\/wp\/v2\/users\/1"}],"replies":[{"embeddable":true,"href":"https:\/\/hibrida.eca.usp.br\/index.php\/wp-json\/wp\/v2\/comments?post=338"}],"version-history":[{"count":5,"href":"https:\/\/hibrida.eca.usp.br\/index.php\/wp-json\/wp\/v2\/pages\/338\/revisions"}],"predecessor-version":[{"id":411,"href":"https:\/\/hibrida.eca.usp.br\/index.php\/wp-json\/wp\/v2\/pages\/338\/revisions\/411"}],"up":[{"embeddable":true,"href":"https:\/\/hibrida.eca.usp.br\/index.php\/wp-json\/wp\/v2\/pages\/60"}],"wp:attachment":[{"href":"https:\/\/hibrida.eca.usp.br\/index.php\/wp-json\/wp\/v2\/media?parent=338"}],"curies":[{"name":"wp","href":"https:\/\/api.w.org\/{rel}","templated":true}]}}