{"id":278,"date":"2014-01-26T13:19:47","date_gmt":"2014-01-26T16:19:47","guid":{"rendered":"http:\/\/hibrida.eca.usp.br\/?page_id=278"},"modified":"2014-05-12T17:18:39","modified_gmt":"2014-05-12T20:18:39","slug":"calendario","status":"publish","type":"page","link":"https:\/\/hibrida.eca.usp.br\/index.php\/calendario-2\/calendario\/","title":{"rendered":"Calend\u00e1rio Brasil"},"content":{"rendered":"<p>Resumo do cronograma<\/p>\n<p>1a convocat\u00f3ria \u2013 chamada de propostas: at\u00e9 14 de fevereiro. Divulga\u00e7\u00e3o dos projetos selecionados: 24 de fevereiro, 9am<\/p>\n<p>2a convocat\u00f3ria \u2013 chamada de agregadores: de 24 de fevereiro a 10 de mar\u00e7o<\/p>\n<p>Laborat\u00f3rio de prototipagem \u2013 de 17 de mar\u00e7o a 2 de maio<br \/>\nTurma 1: Segunda e Quarta-feira das 19-22h<br \/>\nTurma 2: Ter\u00e7a e Quinta-feira das 10-13h<br \/>\nLocal:<a href=\"http:\/\/sistemas-producao.net\/inovalab\/sobre\/localizacao\/\" target=\"_blank\">InovaLab\/ POLI-USP<\/a><\/p>\n<p><a href=\"http:\/\/hibrida.eca.usp.br\/index.php\/calendario-2\/calendario\/palestras-e-oficina\/\">Palestras<\/a> &#8211; 21 de mar\u00e7o a 11 de abril Sextas-feiras das 9-13h<br \/>\nLocal: <a href=\"http:\/\/www.pacodasartes.org.br\/\" target=\"_blank\">Pa\u00e7o das Artes<\/a> \u2013 Cidade universit\u00e1ria<\/p>\n<p><a href=\"http:\/\/hibrida.eca.usp.br\/index.php\/calendario-2\/calendario\/palestras-e-oficina\/\">Oficina especial de pr\u00e1tica corporal com os acoplamentos desenvolvidos no lab <\/a><br \/>\n18-20 de abril, das 9-13h<br \/>\nLocal: <a href=\"http:\/\/www.pacodasartes.org.br\/\" target=\"_blank\">Pa\u00e7o das Artes<\/a> \u2013 Cidade universit\u00e1ria<\/p>\n<p>___________________________________________________<\/p>\n<p>COMO CHEGAR NO INOVALAB?<\/p>\n<p>Eric Omine fez um mapa que nos ajuda bastante a nos localiza.<\/p>\n<p>O InovaLab est\u00e1 instalado no pr\u00e9dio da Engenharia de Produ\u00e7\u00e3o (em branco).<br \/>\nO pr\u00e9dio redondo (Bi\u00eanio, conhecido como nave espacial ou cirquinho, em amarelo) \u00e9 uma refer\u00eancia f\u00e1cil de avistar que fica bem pr\u00f3xima \u00e0 Produ\u00e7\u00e3o.<\/p>\n<p>Em laranja e vermelho s\u00e3o os caminhos mais curtos para chegar dos pontos de \u00f4nibus ao pr\u00e9dio. Quem descer na Almeida Prado poder\u00e1 passar por dentro do Bi\u00eanio para chegar \u00e0 Produ\u00e7\u00e3o. Os encontros ser\u00e3o na sala de projetos, 1o andar.<\/p>\n<p><a href=\"http:\/\/hibrida.eca.usp.br\/wp-content\/uploads\/2014\/01\/mapa_inovalab.jpg\" class=\"grouped_elements\" rel=\"tc-fancybox-group278\"><img decoding=\"async\" loading=\"lazy\" class=\"alignnone size-full wp-image-632\" alt=\"mapa_inovalab\" src=\"http:\/\/hibrida.eca.usp.br\/wp-content\/uploads\/2014\/01\/mapa_inovalab.jpg\" width=\"960\" height=\"537\" srcset=\"https:\/\/hibrida.eca.usp.br\/wp-content\/uploads\/2014\/01\/mapa_inovalab.jpg 960w, https:\/\/hibrida.eca.usp.br\/wp-content\/uploads\/2014\/01\/mapa_inovalab-300x167.jpg 300w\" sizes=\"(max-width: 960px) 100vw, 960px\" \/><\/a><\/p>\n<p><strong><a href=\"http:\/\/hibrida.eca.usp.br\/?page_id=359\">Oficinas te\u00f3ricas<\/a><\/strong> \u2013 21 de mar\u00e7o a 11 de abril Sextas-feiras das 9-13h<br \/>\nLocal: Pa\u00e7o das Artes \u2013 Cidade universit\u00e1ria<\/p>\n<p><strong><a href=\"http:\/\/hibrida.eca.usp.br\/?page_id=359\">Oficina especial de pr\u00e1tica corporal com os acoplamentos desenvolvidos no lab<\/a><\/strong><br \/>\n18-20 de abril, das 9-13h<br \/>\nLocal: Pa\u00e7o das Artes \u2013 Cidade universit\u00e1ria<\/p>\n<p><strong>Acompanhe pelo seu calend\u00e1rio no Google <\/strong><\/p>\n<p><iframe loading=\"lazy\" style=\"border-width: 0;\" src=\"https:\/\/www.google.com\/calendar\/embed?title=Projeto%20H%C3%ADbrida%202014&amp;height=600&amp;wkst=1&amp;bgcolor=%23FFFFFF&amp;src=8gdj0rv3fcbcd4t2jh3srbobps%40group.calendar.google.com&amp;color=%23182C57&amp;ctz=America%2FSao_Paulo&amp;dates=20140317%2F20140502\" height=\"600\" width=\"800\" frameborder=\"0\" scrolling=\"no\"><\/iframe><\/p>\n","protected":false},"excerpt":{"rendered":"<p>Resumo do cronograma 1a convocat\u00f3ria \u2013 chamada de propostas: at\u00e9 14 de fevereiro. Divulga\u00e7\u00e3o dos projetos selecionados: 24 de fevereiro, 9am 2a convocat\u00f3ria \u2013 chamada de agregadores: de 24 de fevereiro a 10 de mar\u00e7o Laborat\u00f3rio de prototipagem \u2013 de 17 de mar\u00e7o a 2 de maio Turma 1: Segunda e Quarta-feira das 19-22h Turma [&hellip;]<\/p>\n","protected":false},"author":1,"featured_media":0,"parent":844,"menu_order":0,"comment_status":"open","ping_status":"open","template":"","meta":[],"_links":{"self":[{"href":"https:\/\/hibrida.eca.usp.br\/index.php\/wp-json\/wp\/v2\/pages\/278"}],"collection":[{"href":"https:\/\/hibrida.eca.usp.br\/index.php\/wp-json\/wp\/v2\/pages"}],"about":[{"href":"https:\/\/hibrida.eca.usp.br\/index.php\/wp-json\/wp\/v2\/types\/page"}],"author":[{"embeddable":true,"href":"https:\/\/hibrida.eca.usp.br\/index.php\/wp-json\/wp\/v2\/users\/1"}],"replies":[{"embeddable":true,"href":"https:\/\/hibrida.eca.usp.br\/index.php\/wp-json\/wp\/v2\/comments?post=278"}],"version-history":[{"count":18,"href":"https:\/\/hibrida.eca.usp.br\/index.php\/wp-json\/wp\/v2\/pages\/278\/revisions"}],"predecessor-version":[{"id":883,"href":"https:\/\/hibrida.eca.usp.br\/index.php\/wp-json\/wp\/v2\/pages\/278\/revisions\/883"}],"up":[{"embeddable":true,"href":"https:\/\/hibrida.eca.usp.br\/index.php\/wp-json\/wp\/v2\/pages\/844"}],"wp:attachment":[{"href":"https:\/\/hibrida.eca.usp.br\/index.php\/wp-json\/wp\/v2\/media?parent=278"}],"curies":[{"name":"wp","href":"https:\/\/api.w.org\/{rel}","templated":true}]}}