{"id":274,"date":"2014-01-26T12:49:49","date_gmt":"2014-01-26T15:49:49","guid":{"rendered":"http:\/\/hibrida.eca.usp.br\/?page_id=274"},"modified":"2014-01-26T21:12:34","modified_gmt":"2014-01-27T00:12:34","slug":"balazs-vince-nagy","status":"publish","type":"page","link":"https:\/\/hibrida.eca.usp.br\/index.php\/equipe\/balazs-vince-nagy\/","title":{"rendered":"Bal\u00e1zs Vince Nagy"},"content":{"rendered":"<p><a href=\"http:\/\/hibrida.eca.usp.br\/wp-content\/uploads\/2014\/01\/servletrecuperafoto.jpg\" class=\"grouped_elements\" rel=\"tc-fancybox-group274\"><img decoding=\"async\" loading=\"lazy\" src=\"http:\/\/hibrida.eca.usp.br\/wp-content\/uploads\/2014\/01\/servletrecuperafoto.jpg\" alt=\"servletrecuperafoto\" width=\"136\" height=\"173\" class=\"alignnone size-full wp-image-290\" \/><\/a><\/p>\n<p>Possui gradua\u00e7\u00e3o em Engenharia Mec\u00e2nica (Budapest University of Technology and Economics, 2000) e em Economia (The Corvinus University of Budapest, 2005), p\u00f3s-gradua\u00e7\u00e3o em Ilumina\u00e7\u00e3o (Budapest Polytechnic, 2006), Doutorado em Engenharia Mec\u00e2nica (Budapest University of Technology and Economics, 2009) na area de instrumenta\u00e7\u00e3o e medi\u00e7\u00e3o da vis\u00e3o humana de cores. Foi Professor-Pesquisador no Departamento de Mecatr\u00f4nica, \u00d3ptica e Instrumenta\u00e7\u00e3o (Budapest University of Technology and Economics) durante 5 anos. Participou de projetos de pesquisa na se\u00e7\u00e3o de Fotometria do Instituto de Eletrot\u00e9cnica e Energia da Universidade de S\u00e3o Paulo (IEE-USP) como Professor visitante. Atualmente realiza p\u00f3s-doutorado no Departamento de Psicologia Experimental (IP-USP) com o projeto: &#8220;Avalia\u00e7\u00e3o do desempenho visual em diferentes condi\u00e7\u00f5es de ilumina\u00e7\u00e3o artificial com caracter\u00edsticas espectrais variadas&#8221; no laborat\u00f3rio de Eletrofisiologia e Psicof\u00edsica Visual Cl\u00ednica sob supervis\u00e3o da Professora Titular Dora Fix Ventura. Colabora em varios projetos da area de eletrofisiologia e psicof\u00edsica no IP-USP principalmente no analise estat\u00edstica e matemat\u00edca dos dados, na instrumenta\u00e7\u00e3o e na programa\u00e7\u00e3o de novos est\u00edmulos visuais. Colabora com outras unidades da USP (Escola Polit\u00e9cnica e IEE) em colorimetr\u00eda, spectrofotometr\u00eda e \u00f4tica. Internacionalmente atua em varios grupos de trabalho da CIE (Commission Internationale de l&#8217;\u00c9clarage) e representa o Brazil em um grupo de trabalho da IEC (International Electrotechnical Commission). Palavras-chaves dos temas nos quais atua: medidas fotom\u00e9tricas, desempenho visual, simula\u00e7\u00e3o e design, calibra\u00e7\u00e3o, colorimetr\u00eda, medidas espectrais, tecnologia de medidas, psicolog\u00eda experimental, eletrofisiolog\u00eda, vis\u00e3o humana, vis\u00e3o de cores.<\/p>\n<p><a href=\"http:\/\/lattes.cnpq.br\/6409991199623448\" target=\"_blank\">http:\/\/lattes.cnpq.br\/6409991199623448<\/a><\/p>\n","protected":false},"excerpt":{"rendered":"<p>Possui gradua\u00e7\u00e3o em Engenharia Mec\u00e2nica (Budapest University of Technology and Economics, 2000) e em Economia (The Corvinus University of Budapest, 2005), p\u00f3s-gradua\u00e7\u00e3o em Ilumina\u00e7\u00e3o (Budapest Polytechnic, 2006), Doutorado em Engenharia Mec\u00e2nica (Budapest University of Technology and Economics, 2009) na area de instrumenta\u00e7\u00e3o e medi\u00e7\u00e3o da vis\u00e3o humana de cores. Foi Professor-Pesquisador no Departamento de Mecatr\u00f4nica, [&hellip;]<\/p>\n","protected":false},"author":1,"featured_media":0,"parent":60,"menu_order":0,"comment_status":"open","ping_status":"open","template":"","meta":[],"_links":{"self":[{"href":"https:\/\/hibrida.eca.usp.br\/index.php\/wp-json\/wp\/v2\/pages\/274"}],"collection":[{"href":"https:\/\/hibrida.eca.usp.br\/index.php\/wp-json\/wp\/v2\/pages"}],"about":[{"href":"https:\/\/hibrida.eca.usp.br\/index.php\/wp-json\/wp\/v2\/types\/page"}],"author":[{"embeddable":true,"href":"https:\/\/hibrida.eca.usp.br\/index.php\/wp-json\/wp\/v2\/users\/1"}],"replies":[{"embeddable":true,"href":"https:\/\/hibrida.eca.usp.br\/index.php\/wp-json\/wp\/v2\/comments?post=274"}],"version-history":[{"count":3,"href":"https:\/\/hibrida.eca.usp.br\/index.php\/wp-json\/wp\/v2\/pages\/274\/revisions"}],"predecessor-version":[{"id":292,"href":"https:\/\/hibrida.eca.usp.br\/index.php\/wp-json\/wp\/v2\/pages\/274\/revisions\/292"}],"up":[{"embeddable":true,"href":"https:\/\/hibrida.eca.usp.br\/index.php\/wp-json\/wp\/v2\/pages\/60"}],"wp:attachment":[{"href":"https:\/\/hibrida.eca.usp.br\/index.php\/wp-json\/wp\/v2\/media?parent=274"}],"curies":[{"name":"wp","href":"https:\/\/api.w.org\/{rel}","templated":true}]}}