{"id":241,"date":"2014-01-26T12:33:46","date_gmt":"2014-01-26T15:33:46","guid":{"rendered":"http:\/\/hibrida.eca.usp.br\/?page_id=241"},"modified":"2014-02-08T19:39:38","modified_gmt":"2014-02-08T22:39:38","slug":"eduardo-zancul","status":"publish","type":"page","link":"https:\/\/hibrida.eca.usp.br\/index.php\/equipe\/eduardo-zancul\/","title":{"rendered":"Eduardo Zancul"},"content":{"rendered":"<p><a href=\"http:\/\/hibrida.eca.usp.br\/wp-content\/uploads\/2014\/01\/b.jpg\" class=\"grouped_elements\" rel=\"tc-fancybox-group241\"><img decoding=\"async\" loading=\"lazy\" class=\"alignnone  wp-image-288\" alt=\"b\" src=\"http:\/\/hibrida.eca.usp.br\/wp-content\/uploads\/2014\/01\/b.jpg\" width=\"273\" height=\"264\" srcset=\"https:\/\/hibrida.eca.usp.br\/wp-content\/uploads\/2014\/01\/b.jpg 455w, https:\/\/hibrida.eca.usp.br\/wp-content\/uploads\/2014\/01\/b-300x290.jpg 300w\" sizes=\"(max-width: 273px) 100vw, 273px\" \/><\/a><\/p>\n<p>Professor da Escola Polit\u00e9cnica (POLI) da Universidade de S\u00e3o Paulo (USP), atuando no Departamento de Engenharia de Produ\u00e7\u00e3o. Vice-coordenador do InovaLab@POLI. Vice-coordenador do curso de Engenharia de Produ\u00e7\u00e3o da POLI-USP. Empreendedor membro da equipe que fundou o portal educacional Veduca. Apoia atividades de empreendedorismo na POLI, participando de projeto PIPE-FAPESP. Atua em pesquisa em gest\u00e3o do desenvolvimento de produtos, Product Lifecycle Management (PLM), manufatura aditiva e ensino de engenharia.<\/p>\n<p>Vice-coordenador <a href=\"www.pro.poli.usp.br\/inovalab\" target=\"_blank\">InovaLab@POLI<\/a><br \/>\n<a href=\"www.observatoriousp.pro.br\" target=\"_blank\">Pesquisador Observat\u00f3rio da Inova\u00e7\u00e3o e Competitividade<\/a><br \/>\nPesquisador <a href=\"www.pro.poli.usp.br\/lgi\" target=\"_blank\">Laborat\u00f3rio de Gest\u00e3o da Inova\u00e7\u00e3o<\/a><br \/>\nPesquisador <a href=\"www.pro.poli.usp.br\/lgp\" target=\"_blank\">Laborat\u00f3rio de Gest\u00e3o de Projetos<\/a><br \/>\n<a href=\"www.pro.poli.usp.br\" target=\"_blank\">Departamento de Engenharia de Produ\u00e7\u00e3o<\/a><br \/>\n<a href=\"www.poli.usp.br\" target=\"_blank\">Escola Polit\u00e9cnica<\/a><\/p>\n","protected":false},"excerpt":{"rendered":"<p>Professor da Escola Polit\u00e9cnica (POLI) da Universidade de S\u00e3o Paulo (USP), atuando no Departamento de Engenharia de Produ\u00e7\u00e3o. Vice-coordenador do InovaLab@POLI. Vice-coordenador do curso de Engenharia de Produ\u00e7\u00e3o da POLI-USP. Empreendedor membro da equipe que fundou o portal educacional Veduca. Apoia atividades de empreendedorismo na POLI, participando de projeto PIPE-FAPESP. Atua em pesquisa em gest\u00e3o [&hellip;]<\/p>\n","protected":false},"author":1,"featured_media":0,"parent":60,"menu_order":0,"comment_status":"open","ping_status":"open","template":"","meta":[],"_links":{"self":[{"href":"https:\/\/hibrida.eca.usp.br\/index.php\/wp-json\/wp\/v2\/pages\/241"}],"collection":[{"href":"https:\/\/hibrida.eca.usp.br\/index.php\/wp-json\/wp\/v2\/pages"}],"about":[{"href":"https:\/\/hibrida.eca.usp.br\/index.php\/wp-json\/wp\/v2\/types\/page"}],"author":[{"embeddable":true,"href":"https:\/\/hibrida.eca.usp.br\/index.php\/wp-json\/wp\/v2\/users\/1"}],"replies":[{"embeddable":true,"href":"https:\/\/hibrida.eca.usp.br\/index.php\/wp-json\/wp\/v2\/comments?post=241"}],"version-history":[{"count":4,"href":"https:\/\/hibrida.eca.usp.br\/index.php\/wp-json\/wp\/v2\/pages\/241\/revisions"}],"predecessor-version":[{"id":414,"href":"https:\/\/hibrida.eca.usp.br\/index.php\/wp-json\/wp\/v2\/pages\/241\/revisions\/414"}],"up":[{"embeddable":true,"href":"https:\/\/hibrida.eca.usp.br\/index.php\/wp-json\/wp\/v2\/pages\/60"}],"wp:attachment":[{"href":"https:\/\/hibrida.eca.usp.br\/index.php\/wp-json\/wp\/v2\/media?parent=241"}],"curies":[{"name":"wp","href":"https:\/\/api.w.org\/{rel}","templated":true}]}}