{"id":1057,"date":"2014-06-20T17:16:36","date_gmt":"2014-06-20T20:16:36","guid":{"rendered":"http:\/\/hibrida.eca.usp.br\/?page_id=1057"},"modified":"2014-06-24T23:01:49","modified_gmt":"2014-06-25T02:01:49","slug":"translab","status":"publish","type":"page","link":"https:\/\/hibrida.eca.usp.br\/index.php\/equipe\/translab\/","title":{"rendered":"Translab"},"content":{"rendered":"<p>Translab es una plataforma de investigaci\u00f3n y experimentaci\u00f3n en artes perform\u00e1ticas y tecnolog\u00eda desarrollada en el Medialab del Centro Multimedia del Centro Nacional de las Artes, M\u00e9xico. Translab consiste en un laboratorio interdisciplinario, seminario te\u00f3rico, actividades acad\u00e9micas y desarrollo tecnol\u00f3gico. En abril de 2012 llev\u00f3 a cabo el 1er. Encuentro Internacional de Artes perform\u00e1ticas y tecnolog\u00eda Liveness: pr\u00f3tesis, gesto y met\u00e1fora.<\/p>\n<p>El TRANSLAB es una iniciativa de <a href=\"http:\/\/minerva.org.mx\/\" target=\"_blank\">Minerva Hern\u00e1ndez Trejo<\/a> y <a href=\"http:\/\/m-y-r-i.net\/\" target=\"_blank\">Myriam Beutelspacher<\/a>.<\/p>\n<p><a href=\"http:\/\/translab.cenart.tv\/\" target=\"_blank\">http:\/\/translab.cenart.tv\/<\/a><\/p>\n","protected":false},"excerpt":{"rendered":"<p>Translab es una plataforma de investigaci\u00f3n y experimentaci\u00f3n en artes perform\u00e1ticas y tecnolog\u00eda desarrollada en el Medialab del Centro Multimedia del Centro Nacional de las Artes, M\u00e9xico. Translab consiste en un laboratorio interdisciplinario, seminario te\u00f3rico, actividades acad\u00e9micas y desarrollo tecnol\u00f3gico. En abril de 2012 llev\u00f3 a cabo el 1er. Encuentro Internacional de Artes perform\u00e1ticas y [&hellip;]<\/p>\n","protected":false},"author":1,"featured_media":0,"parent":60,"menu_order":0,"comment_status":"open","ping_status":"open","template":"","meta":[],"_links":{"self":[{"href":"https:\/\/hibrida.eca.usp.br\/index.php\/wp-json\/wp\/v2\/pages\/1057"}],"collection":[{"href":"https:\/\/hibrida.eca.usp.br\/index.php\/wp-json\/wp\/v2\/pages"}],"about":[{"href":"https:\/\/hibrida.eca.usp.br\/index.php\/wp-json\/wp\/v2\/types\/page"}],"author":[{"embeddable":true,"href":"https:\/\/hibrida.eca.usp.br\/index.php\/wp-json\/wp\/v2\/users\/1"}],"replies":[{"embeddable":true,"href":"https:\/\/hibrida.eca.usp.br\/index.php\/wp-json\/wp\/v2\/comments?post=1057"}],"version-history":[{"count":4,"href":"https:\/\/hibrida.eca.usp.br\/index.php\/wp-json\/wp\/v2\/pages\/1057\/revisions"}],"predecessor-version":[{"id":1073,"href":"https:\/\/hibrida.eca.usp.br\/index.php\/wp-json\/wp\/v2\/pages\/1057\/revisions\/1073"}],"up":[{"embeddable":true,"href":"https:\/\/hibrida.eca.usp.br\/index.php\/wp-json\/wp\/v2\/pages\/60"}],"wp:attachment":[{"href":"https:\/\/hibrida.eca.usp.br\/index.php\/wp-json\/wp\/v2\/media?parent=1057"}],"curies":[{"name":"wp","href":"https:\/\/api.w.org\/{rel}","templated":true}]}}