{"id":1033,"date":"2014-06-15T02:28:05","date_gmt":"2014-06-15T05:28:05","guid":{"rendered":"http:\/\/hibrida.eca.usp.br\/?page_id=1033"},"modified":"2014-06-15T02:28:20","modified_gmt":"2014-06-15T05:28:20","slug":"edith-medina","status":"publish","type":"page","link":"https:\/\/hibrida.eca.usp.br\/index.php\/equipe\/edith-medina\/","title":{"rendered":"Edith Medina"},"content":{"rendered":"<p><a href=\"http:\/\/hibrida.eca.usp.br\/wp-content\/uploads\/2014\/06\/edith.jpg\" class=\"grouped_elements\" rel=\"tc-fancybox-group1033\"><img decoding=\"async\" loading=\"lazy\" src=\"http:\/\/hibrida.eca.usp.br\/wp-content\/uploads\/2014\/06\/edith.jpg\" alt=\"edith\" width=\"273\" height=\"223\" class=\"alignnone size-full wp-image-1040\" \/><\/a><\/p>\n<p>Curadora, Investigadora y Artista Visual, estudi\u00f3 la Licenciatura en Relaciones Internacionales (Universidad Nacional Aut\u00f3noma de M\u00e9xico, UNAM), tiene estudios complementarios en arte y biolog\u00eda (Universidad Oberta de Catalu\u00f1a, UOC y en el Centro de Investigaci\u00f3n y Estudios Avanzados del IPN, CINVESTAV), en nuevos medios y arte contempor\u00e1neo (INBA). Es considerada pionera en M\u00e9xico en los campos de investigaci\u00f3n de la relaci\u00f3n arte y biotecnolog\u00eda.<\/p>\n<p>Entre sus obras m\u00e1s recientes se encuentran A l\u00e1grima viva, una pieza basada en el aspecto socioecol\u00f3gico de las l\u00e1grimas, utilizando t\u00e9cnicas provenientes de la microbiolog\u00eda y la bioqu\u00edmica m\u00e9dica, fue exhibida en el marco del Festival Internacional de Artes Electr\u00f3nicas y Video Transitio_MX 2013. Asimismo ha trabajado en el campo de la intermedia y el arte multimedia, explorando las connotaciones del cuerpo y su relaci\u00f3n con la tecnolog\u00eda, el g\u00e9nero, la ciencia y la biolog\u00eda.<\/p>\n<p>Como curadora ha generado proyectos con artistas de la talla de Stelarc, Polona Tratnik, Arc\u00e1ngel Constantini, Paul Vanouse, Lorena Wolffer, entre otros. Coordin\u00f3 e implement\u00f3 el programa de investigaci\u00f3n con Instituciones y Universidades en el Museo Ex Teresa Arte Actual en la Ciudad de M\u00e9xico. En el 2010 fue galardonada con la beca de investigaci\u00f3n del Programa de Apoyo a la Producci\u00f3n e Investigaci\u00f3n en Arte y Medios del Centro Multimedia del Centro Nacional de las Artes en M\u00e9xico.<\/p>\n<p>Ha exhibido su obra e impartido cursos y conferencias sobre Nuevos Medios, Arte-Ciencia-Biolog\u00eda, Cuerpo y biotecnolog\u00eda en Inglaterra, Canad\u00e1, Centroam\u00e9rica y M\u00e9xico.<\/p>\n<p>Actualmente es consultora educativa y en nuevos medios para distintas instituciones culturales y acad\u00e9micas, asimismo coordina y dirige la plataforma de investigaci\u00f3n y educaci\u00f3n en arte, ciencia y cultura digital Regiones en Expansi\u00f3n.<\/p>\n<p><a href=\"http:\/\/edithmedina.wordpress.com\/\" target=\"_blank\">http:\/\/edithmedina.wordpress.com\/<\/a><\/p>\n","protected":false},"excerpt":{"rendered":"<p>Curadora, Investigadora y Artista Visual, estudi\u00f3 la Licenciatura en Relaciones Internacionales (Universidad Nacional Aut\u00f3noma de M\u00e9xico, UNAM), tiene estudios complementarios en arte y biolog\u00eda (Universidad Oberta de Catalu\u00f1a, UOC y en el Centro de Investigaci\u00f3n y Estudios Avanzados del IPN, CINVESTAV), en nuevos medios y arte contempor\u00e1neo (INBA). Es considerada pionera en M\u00e9xico en los [&hellip;]<\/p>\n","protected":false},"author":1,"featured_media":0,"parent":60,"menu_order":0,"comment_status":"open","ping_status":"open","template":"","meta":[],"_links":{"self":[{"href":"https:\/\/hibrida.eca.usp.br\/index.php\/wp-json\/wp\/v2\/pages\/1033"}],"collection":[{"href":"https:\/\/hibrida.eca.usp.br\/index.php\/wp-json\/wp\/v2\/pages"}],"about":[{"href":"https:\/\/hibrida.eca.usp.br\/index.php\/wp-json\/wp\/v2\/types\/page"}],"author":[{"embeddable":true,"href":"https:\/\/hibrida.eca.usp.br\/index.php\/wp-json\/wp\/v2\/users\/1"}],"replies":[{"embeddable":true,"href":"https:\/\/hibrida.eca.usp.br\/index.php\/wp-json\/wp\/v2\/comments?post=1033"}],"version-history":[{"count":1,"href":"https:\/\/hibrida.eca.usp.br\/index.php\/wp-json\/wp\/v2\/pages\/1033\/revisions"}],"predecessor-version":[{"id":1042,"href":"https:\/\/hibrida.eca.usp.br\/index.php\/wp-json\/wp\/v2\/pages\/1033\/revisions\/1042"}],"up":[{"embeddable":true,"href":"https:\/\/hibrida.eca.usp.br\/index.php\/wp-json\/wp\/v2\/pages\/60"}],"wp:attachment":[{"href":"https:\/\/hibrida.eca.usp.br\/index.php\/wp-json\/wp\/v2\/media?parent=1033"}],"curies":[{"name":"wp","href":"https:\/\/api.w.org\/{rel}","templated":true}]}}