{"id":1032,"date":"2014-06-15T02:24:44","date_gmt":"2014-06-15T05:24:44","guid":{"rendered":"http:\/\/hibrida.eca.usp.br\/?page_id=1032"},"modified":"2014-06-15T02:29:25","modified_gmt":"2014-06-15T05:29:25","slug":"pablo-padilla","status":"publish","type":"page","link":"https:\/\/hibrida.eca.usp.br\/index.php\/equipe\/pablo-padilla\/","title":{"rendered":"Pablo Padilla"},"content":{"rendered":"<p><a href=\"http:\/\/hibrida.eca.usp.br\/wp-content\/uploads\/2014\/06\/pablo.jpg\" class=\"grouped_elements\" rel=\"tc-fancybox-group1032\"><img decoding=\"async\" loading=\"lazy\" src=\"http:\/\/hibrida.eca.usp.br\/wp-content\/uploads\/2014\/06\/pablo.jpg\" alt=\"pablo\" width=\"232\" height=\"218\" class=\"alignnone size-full wp-image-1038\" \/><\/a><\/p>\n<p>Estudi\u00f3 F\u00edsica y Matem\u00e1ticas en la Facultad de Ciencias de la UNAM habiendo recibido la medalla Gabino Barreda, as\u00ed como piano en el Conservatorio Nacional de M\u00fasica. Posteriormente obtuvo la maestr\u00eda y doctorado en ciencias matem\u00e1ticas del Instituto Courant de la Universidad de Nueva York. En la misma ciudad obtuvo el diploma en piano de la Escuela de M\u00fasica de Mannes en donde realiz\u00f3 tambi\u00e9n estudios de clavec\u00edn, composici\u00f3n e improvisaci\u00f3n.<\/p>\n<p>Ocup\u00f3 una posici\u00f3n postdoctoral en el Instituto Polit\u00e9cnico Federal Suizo (ETH) de Zurich y tambi\u00e9n en esa ciudad continu\u00f3 estudios de clavec\u00edn en la Escuela Superior de M\u00fasica. Ha sido profesor visitante de la Universidad de Oxford en el grupo de Biomatem\u00e1ticas y en la Escuela de Altos Estudios en Ciencias Sociales de Par\u00eds. En Oxford realiz\u00f3 estudios de composici\u00f3n y \u00f3rgano as\u00ed como de clavicordio con el Mtro. F. Knights. En M\u00e9xico ha realizado diversos cursos de perfeccionamiento (piano, clavec\u00edn, \u00f3rgano, teor\u00eda y composici\u00f3n musical, improvisaci\u00f3n, direcci\u00f3n coral, etc.)<\/p>\n<p>Actualmente es investigador del Instituto de Investigaciones en Matem\u00e1ticas Aplicadas y en Sistemas de la UNAM y profesor de la Facultad de Ciencias y de la Escuela Nacional de M\u00fasica, ambas de la UNAM.<\/p>\n<p>Sus \u00e1reas de investigaci\u00f3n incluyen los sistemas no lineales (ecuaciones diferenciales, optimizaci\u00f3n) as\u00ed como las matem\u00e1ticas y f\u00edsica aplicadas a la biolog\u00eda, las finanzas, la arqueolog\u00eda, ac\u00fastica musical y composici\u00f3n algor\u00edtmica (temas en los que ha impartido cursos en la Facultad de Ciencias de la UNAM).<\/p>\n<p>Es miembro del Sistema Nacional de Investigadores (nivel III), la Academia Mexicana de Ciencias, la Sociedad Matem\u00e1tica Mexicana, la Sociedad Mexicana de F\u00edsica, as\u00ed como de la Sociedad Matem\u00e1tica Americana (AMS), la Sociedad de Matem\u00e1ticas Industriales y Aplicadas (SIAM).<br \/>\nComo ejecutante se ha presentado en diversos foros, Sala Carlos Ch\u00e1vez, Manuel M. Ponce, Palacio del Arzobispado, Museo J. L. Cuevas, diversas Casas de Cultura as\u00ed como en Festivales y otros eventos culturales, tanto como solista (clavec\u00edn, piano, \u00f3rgano) o en agrupaciones de c\u00e1mara y orquestas, tambi\u00e9n interpretando sus propias obras.<\/p>\n<p><a href=\"<http:\/\/www.fenomec.unam.mx\/pablo\/>&#8221; target=&#8221;_blank&#8221;><http:\/\/www.fenomec.unam.mx\/pablo\/><\/a><\/p>\n","protected":false},"excerpt":{"rendered":"<p>Estudi\u00f3 F\u00edsica y Matem\u00e1ticas en la Facultad de Ciencias de la UNAM habiendo recibido la medalla Gabino Barreda, as\u00ed como piano en el Conservatorio Nacional de M\u00fasica. Posteriormente obtuvo la maestr\u00eda y doctorado en ciencias matem\u00e1ticas del Instituto Courant de la Universidad de Nueva York. En la misma ciudad obtuvo el diploma en piano de [&hellip;]<\/p>\n","protected":false},"author":1,"featured_media":0,"parent":60,"menu_order":0,"comment_status":"open","ping_status":"open","template":"","meta":[],"_links":{"self":[{"href":"https:\/\/hibrida.eca.usp.br\/index.php\/wp-json\/wp\/v2\/pages\/1032"}],"collection":[{"href":"https:\/\/hibrida.eca.usp.br\/index.php\/wp-json\/wp\/v2\/pages"}],"about":[{"href":"https:\/\/hibrida.eca.usp.br\/index.php\/wp-json\/wp\/v2\/types\/page"}],"author":[{"embeddable":true,"href":"https:\/\/hibrida.eca.usp.br\/index.php\/wp-json\/wp\/v2\/users\/1"}],"replies":[{"embeddable":true,"href":"https:\/\/hibrida.eca.usp.br\/index.php\/wp-json\/wp\/v2\/comments?post=1032"}],"version-history":[{"count":2,"href":"https:\/\/hibrida.eca.usp.br\/index.php\/wp-json\/wp\/v2\/pages\/1032\/revisions"}],"predecessor-version":[{"id":1043,"href":"https:\/\/hibrida.eca.usp.br\/index.php\/wp-json\/wp\/v2\/pages\/1032\/revisions\/1043"}],"up":[{"embeddable":true,"href":"https:\/\/hibrida.eca.usp.br\/index.php\/wp-json\/wp\/v2\/pages\/60"}],"wp:attachment":[{"href":"https:\/\/hibrida.eca.usp.br\/index.php\/wp-json\/wp\/v2\/media?parent=1032"}],"curies":[{"name":"wp","href":"https:\/\/api.w.org\/{rel}","templated":true}]}}